{"id":17830,"date":"2026-01-12T16:40:55","date_gmt":"2026-01-12T16:40:55","guid":{"rendered":"https:\/\/www.europesstore.com\/?post_type=product&#038;p=17830"},"modified":"2026-01-12T16:42:47","modified_gmt":"2026-01-12T16:42:47","slug":"sifir-kollu-piliseli-iclik-elb100239-siyah","status":"publish","type":"product","link":"https:\/\/www.europesstore.com\/en\/product\/sifir-kollu-piliseli-iclik-elb100239-siyah\/","title":{"rendered":"S\u0131f\u0131r Kollu Piliseli \u0130\u00e7lik ELB100239  &#8211; Siyah"},"content":{"rendered":"<p>Zamans\u0131z zarafet tamamlay\u0131c\u0131 par\u00e7an \u015fimdi burada<\/p>\n<p>\u00dcr\u00fcn \u00d6l\u00e7\u00fcleri :<\/p>\n<p style=\"font-family: Muli, sans-serif; font-size: 12.8px; font-style: normal; font-weight: 400; letter-spacing: normal; text-align: left; text-indent: 0px; text-transform: none;\">\u00dcR\u00dcN BOY 80 CM<\/p>\n<p style=\"font-family: Muli, sans-serif; font-size: 12.8px; font-style: normal; font-weight: 400; letter-spacing: normal; text-align: left; text-indent: 0px; text-transform: none;\">STANDART BEDEND\u0130R<\/p>\n<p>&nbsp;<\/p>\n<p>&nbsp;<\/p>","protected":false},"excerpt":{"rendered":"<p>Zamans\u0131z zarafet tamamlay\u0131c\u0131 par\u00e7an \u015fimdi burada \u00dcr\u00fcn \u00d6l\u00e7\u00fcleri : \u00dcR\u00dcN BOY 80 CM STANDART BEDEND\u0130R &nbsp; &nbsp;<\/p>","protected":false},"featured_media":17891,"comment_status":"open","ping_status":"closed","template":"","meta":[],"product_brand":[],"product_cat":[967],"product_tag":[],"class_list":{"0":"post-17830","1":"product","2":"type-product","3":"status-publish","4":"has-post-thumbnail","6":"product_cat-accessories","8":"first","9":"outofstock","10":"sale","11":"shipping-taxable","12":"purchasable","13":"product-type-simple"},"jetpack_sharing_enabled":true,"_links":{"self":[{"href":"https:\/\/www.europesstore.com\/en\/wp-json\/wp\/v2\/product\/17830","targetHints":{"allow":["GET"]}}],"collection":[{"href":"https:\/\/www.europesstore.com\/en\/wp-json\/wp\/v2\/product"}],"about":[{"href":"https:\/\/www.europesstore.com\/en\/wp-json\/wp\/v2\/types\/product"}],"replies":[{"embeddable":true,"href":"https:\/\/www.europesstore.com\/en\/wp-json\/wp\/v2\/comments?post=17830"}],"wp:featuredmedia":[{"embeddable":true,"href":"https:\/\/www.europesstore.com\/en\/wp-json\/wp\/v2\/media\/17891"}],"wp:attachment":[{"href":"https:\/\/www.europesstore.com\/en\/wp-json\/wp\/v2\/media?parent=17830"}],"wp:term":[{"taxonomy":"product_brand","embeddable":true,"href":"https:\/\/www.europesstore.com\/en\/wp-json\/wp\/v2\/product_brand?post=17830"},{"taxonomy":"product_cat","embeddable":true,"href":"https:\/\/www.europesstore.com\/en\/wp-json\/wp\/v2\/product_cat?post=17830"},{"taxonomy":"product_tag","embeddable":true,"href":"https:\/\/www.europesstore.com\/en\/wp-json\/wp\/v2\/product_tag?post=17830"}],"curies":[{"name":"wp","href":"https:\/\/api.w.org\/{rel}","templated":true}]}}