{"id":17836,"date":"2026-01-12T16:40:56","date_gmt":"2026-01-12T16:40:56","guid":{"rendered":"https:\/\/www.europesstore.com\/?post_type=product&#038;p=17836"},"modified":"2026-01-12T17:47:38","modified_gmt":"2026-01-12T17:47:38","slug":"oysho-premium-baglamali-ikili-takim-tk100240-siyah","status":"publish","type":"product","link":"https:\/\/www.europesstore.com\/en\/product\/oysho-premium-baglamali-ikili-takim-tk100240-siyah\/","title":{"rendered":"Oysho Premium Ba\u011flamal\u0131 \u0130kili Tak\u0131m TK100240 &#8211; Siyah"},"content":{"rendered":"<p><strong>\u00a0<\/strong><\/p>\n<p>\u00dcr\u00fcn\u00fcm\u00fcz yurt d\u0131\u015f\u0131ndan gelmekte olup, \u00f6n sipari\u015f sipari\u015fi al\u0131nmaktad\u0131r!<br \/>\nStil sahibi kad\u0131nlar\u0131n dolab\u0131nda mutlaka bulunmas\u0131 gereken, Zarafetin ve konforun bulu\u015ftu\u011fu \u00a0Premium Oysho\u00a0 \u00a0\u0130kili Tak\u0131m &#x1f4ab;<br \/>\nHem g\u00fcnl\u00fck \u015f\u0131kl\u0131kta hem \u00f6zel davetlerde rahatl\u0131kla tercih edilebilecek bu tak\u0131m, modern zarafeti geleneksel dokunu\u015flarla bulu\u015fturuyor.<\/p>\n<p><strong>\u00dcr\u00fcn \u00d6zellikleri :\u00a0<\/strong><\/p>\n<p>\u00dcr\u00fcn Tan\u0131m\u0131<br \/>\nOysho kuma\u015ft\u0131r<\/p>\n<p>\u00dcr\u00fcn \u00d6l\u00e7\u00fcleri<\/p>\n<p>1(36\/38) &#8211; 2(40\/42) &#8211; 3 (44\/46) beden uyumludur<\/p>\n<p>Model 1.66 cm 60 kg 1 beden tercih edildi<\/p>\n<p>\u00dcst Boy : 95 cm<br \/>\nAlt Boy : 107 cm<\/p>","protected":false},"excerpt":{"rendered":"<p>\u00a0 \u00dcr\u00fcn\u00fcm\u00fcz yurt d\u0131\u015f\u0131ndan gelmekte olup, \u00f6n sipari\u015f sipari\u015fi al\u0131nmaktad\u0131r! Stil sahibi kad\u0131nlar\u0131n dolab\u0131nda mutlaka bulunmas\u0131 gereken, Zarafetin ve konforun bulu\u015ftu\u011fu \u00a0Premium Oysho\u00a0 \u00a0\u0130kili Tak\u0131m &#x1f4ab; Hem g\u00fcnl\u00fck \u015f\u0131kl\u0131kta hem \u00f6zel davetlerde rahatl\u0131kla tercih edilebilecek bu tak\u0131m, modern zarafeti geleneksel dokunu\u015flarla bulu\u015fturuyor. \u00dcr\u00fcn \u00d6zellikleri :\u00a0 \u00dcr\u00fcn Tan\u0131m\u0131 Oysho kuma\u015ft\u0131r \u00dcr\u00fcn \u00d6l\u00e7\u00fcleri 1(36\/38) &#8211; 2(40\/42) &#8211; [&hellip;]<\/p>","protected":false},"featured_media":17904,"comment_status":"open","ping_status":"closed","template":"","meta":[],"product_brand":[],"product_cat":[967,970],"product_tag":[],"class_list":{"0":"post-17836","1":"product","2":"type-product","3":"status-publish","4":"has-post-thumbnail","6":"product_cat-accessories","7":"product_cat-takim","9":"first","10":"instock","11":"sale","12":"shipping-taxable","13":"purchasable","14":"product-type-variable"},"jetpack_sharing_enabled":true,"_links":{"self":[{"href":"https:\/\/www.europesstore.com\/en\/wp-json\/wp\/v2\/product\/17836","targetHints":{"allow":["GET"]}}],"collection":[{"href":"https:\/\/www.europesstore.com\/en\/wp-json\/wp\/v2\/product"}],"about":[{"href":"https:\/\/www.europesstore.com\/en\/wp-json\/wp\/v2\/types\/product"}],"replies":[{"embeddable":true,"href":"https:\/\/www.europesstore.com\/en\/wp-json\/wp\/v2\/comments?post=17836"}],"wp:featuredmedia":[{"embeddable":true,"href":"https:\/\/www.europesstore.com\/en\/wp-json\/wp\/v2\/media\/17904"}],"wp:attachment":[{"href":"https:\/\/www.europesstore.com\/en\/wp-json\/wp\/v2\/media?parent=17836"}],"wp:term":[{"taxonomy":"product_brand","embeddable":true,"href":"https:\/\/www.europesstore.com\/en\/wp-json\/wp\/v2\/product_brand?post=17836"},{"taxonomy":"product_cat","embeddable":true,"href":"https:\/\/www.europesstore.com\/en\/wp-json\/wp\/v2\/product_cat?post=17836"},{"taxonomy":"product_tag","embeddable":true,"href":"https:\/\/www.europesstore.com\/en\/wp-json\/wp\/v2\/product_tag?post=17836"}],"curies":[{"name":"wp","href":"https:\/\/api.w.org\/{rel}","templated":true}]}}