{"id":18487,"date":"2026-01-12T16:54:38","date_gmt":"2026-01-12T16:54:38","guid":{"rendered":"https:\/\/www.europesstore.com\/?post_type=product&#038;p=18487"},"modified":"2026-01-12T17:01:14","modified_gmt":"2026-01-12T17:01:14","slug":"premium-oysho-liona-ikili-takim-buyuk-beden-tk100256-lacivert","status":"publish","type":"product","link":"https:\/\/www.europesstore.com\/en\/product\/premium-oysho-liona-ikili-takim-buyuk-beden-tk100256-lacivert\/","title":{"rendered":"Premium Oysho Liona  \u0130kili Tak\u0131m B\u00dcY\u00dcK BEDEN   TK100256 &#8211; Lacivert"},"content":{"rendered":"<p><b><strong>22-25\u00a0 EK\u0130M KARGO \u00c7IKI\u015eLARI YAPILACAKTIR.<\/strong><br \/>\n<\/b>\u00dcr\u00fcn\u00fcm\u00fcz yurt d\u0131\u015f\u0131ndan gelmekte olup, \u00f6n sipari\u015f sipari\u015fi al\u0131nmaktad\u0131r!<br \/>\nStil sahibi kad\u0131nlar\u0131n dolab\u0131nda mutlaka bulunmas\u0131 gereken, Zarafetin ve konforun bulu\u015ftu\u011fu \u00a0Premium Oysho\u00a0 \u00a0\u0130kili Tak\u0131m &#x1f4ab;<br \/>\nHem g\u00fcnl\u00fck \u015f\u0131kl\u0131kta hem \u00f6zel davetlerde rahatl\u0131kla tercih edilebilecek bu tak\u0131m, modern zarafeti geleneksel dokunu\u015flarla bulu\u015fturuyor.<\/p>\n<p><strong>\u00dcr\u00fcn \u00d6zellikleri :\u00a0<\/strong><\/p>\n<p>\u00dcr\u00fcn Tan\u0131m\u0131<br \/>\noysho kuma\u015ft\u0131r<\/p>\n<p>&nbsp;<\/p>\n<p>&nbsp;<\/p>","protected":false},"excerpt":{"rendered":"<p>22-25\u00a0 EK\u0130M KARGO \u00c7IKI\u015eLARI YAPILACAKTIR. \u00dcr\u00fcn\u00fcm\u00fcz yurt d\u0131\u015f\u0131ndan gelmekte olup, \u00f6n sipari\u015f sipari\u015fi al\u0131nmaktad\u0131r! Stil sahibi kad\u0131nlar\u0131n dolab\u0131nda mutlaka bulunmas\u0131 gereken, Zarafetin ve konforun bulu\u015ftu\u011fu \u00a0Premium Oysho\u00a0 \u00a0\u0130kili Tak\u0131m &#x1f4ab; Hem g\u00fcnl\u00fck \u015f\u0131kl\u0131kta hem \u00f6zel davetlerde rahatl\u0131kla tercih edilebilecek bu tak\u0131m, modern zarafeti geleneksel dokunu\u015flarla bulu\u015fturuyor. \u00dcr\u00fcn \u00d6zellikleri :\u00a0 \u00dcr\u00fcn Tan\u0131m\u0131 oysho kuma\u015ft\u0131r &nbsp; &nbsp;<\/p>","protected":false},"featured_media":18551,"comment_status":"open","ping_status":"closed","template":"","meta":[],"product_brand":[],"product_cat":[967,970],"product_tag":[],"class_list":{"0":"post-18487","1":"product","2":"type-product","3":"status-publish","4":"has-post-thumbnail","6":"product_cat-accessories","7":"product_cat-takim","9":"first","10":"outofstock","11":"sale","12":"shipping-taxable","13":"purchasable","14":"product-type-variable"},"jetpack_sharing_enabled":true,"_links":{"self":[{"href":"https:\/\/www.europesstore.com\/en\/wp-json\/wp\/v2\/product\/18487","targetHints":{"allow":["GET"]}}],"collection":[{"href":"https:\/\/www.europesstore.com\/en\/wp-json\/wp\/v2\/product"}],"about":[{"href":"https:\/\/www.europesstore.com\/en\/wp-json\/wp\/v2\/types\/product"}],"replies":[{"embeddable":true,"href":"https:\/\/www.europesstore.com\/en\/wp-json\/wp\/v2\/comments?post=18487"}],"wp:featuredmedia":[{"embeddable":true,"href":"https:\/\/www.europesstore.com\/en\/wp-json\/wp\/v2\/media\/18551"}],"wp:attachment":[{"href":"https:\/\/www.europesstore.com\/en\/wp-json\/wp\/v2\/media?parent=18487"}],"wp:term":[{"taxonomy":"product_brand","embeddable":true,"href":"https:\/\/www.europesstore.com\/en\/wp-json\/wp\/v2\/product_brand?post=18487"},{"taxonomy":"product_cat","embeddable":true,"href":"https:\/\/www.europesstore.com\/en\/wp-json\/wp\/v2\/product_cat?post=18487"},{"taxonomy":"product_tag","embeddable":true,"href":"https:\/\/www.europesstore.com\/en\/wp-json\/wp\/v2\/product_tag?post=18487"}],"curies":[{"name":"wp","href":"https:\/\/api.w.org\/{rel}","templated":true}]}}