{"id":18497,"date":"2026-01-12T16:54:40","date_gmt":"2026-01-12T16:54:40","guid":{"rendered":"https:\/\/www.europesstore.com\/?post_type=product&#038;p=18497"},"modified":"2026-01-12T17:01:31","modified_gmt":"2026-01-12T17:01:31","slug":"leopar-nakisli-sardonlu-ikili-takim-tk100258-beyaz","status":"publish","type":"product","link":"https:\/\/www.europesstore.com\/en\/product\/leopar-nakisli-sardonlu-ikili-takim-tk100258-beyaz\/","title":{"rendered":"Leopar Nak\u0131\u015fl\u0131 \u015eardonlu \u0130kili Tak\u0131m TK100258 &#8211; Beyaz"},"content":{"rendered":"<p><strong>6 KASIM KARGO \u00c7IKI\u015eLARI YAPILACAKTIR.<br \/>\n\u00dcr\u00fcn\u00fcm\u00fcz yurt d\u0131\u015f\u0131ndan gelmekte olup, \u00f6n sipari\u015f sipari\u015fi al\u0131nmaktad\u0131r!<\/strong><\/p>\n<p>Hem g\u00fcnl\u00fck \u015f\u0131kl\u0131kta hem \u00f6zel davetlerde rahatl\u0131kla tercih edilebilecek bu tak\u0131m, modern zarafeti geleneksel dokunu\u015flarla bulu\u015fturuyor.<\/p>\n<p><strong>\u00dcr\u00fcn \u00d6zellikleri :\u00a0<\/strong><\/p>\n<p>\u00dcr\u00fcn Tan\u0131m\u0131<br \/>\n\u015fardonlu kuma\u015ft\u0131r<\/p>\n<p>\u00dcr\u00fcn \u00d6l\u00e7\u00fcleri<\/p>\n<p>1(36\/38) &#8211; 2(40\/42) \u00a0beden uyumludur<\/p>\n<p>Model 1.66 cm 60 kg 1 beden tercih edildi<\/p>\n<p>&nbsp;<\/p>","protected":false},"excerpt":{"rendered":"<p>6 KASIM KARGO \u00c7IKI\u015eLARI YAPILACAKTIR. \u00dcr\u00fcn\u00fcm\u00fcz yurt d\u0131\u015f\u0131ndan gelmekte olup, \u00f6n sipari\u015f sipari\u015fi al\u0131nmaktad\u0131r! Hem g\u00fcnl\u00fck \u015f\u0131kl\u0131kta hem \u00f6zel davetlerde rahatl\u0131kla tercih edilebilecek bu tak\u0131m, modern zarafeti geleneksel dokunu\u015flarla bulu\u015fturuyor. \u00dcr\u00fcn \u00d6zellikleri :\u00a0 \u00dcr\u00fcn Tan\u0131m\u0131 \u015fardonlu kuma\u015ft\u0131r \u00dcr\u00fcn \u00d6l\u00e7\u00fcleri 1(36\/38) &#8211; 2(40\/42) \u00a0beden uyumludur Model 1.66 cm 60 kg 1 beden tercih edildi &nbsp;<\/p>","protected":false},"featured_media":18589,"comment_status":"open","ping_status":"closed","template":"","meta":[],"product_brand":[],"product_cat":[967,970],"product_tag":[],"class_list":{"0":"post-18497","1":"product","2":"type-product","3":"status-publish","4":"has-post-thumbnail","6":"product_cat-accessories","7":"product_cat-takim","9":"first","10":"outofstock","11":"sale","12":"shipping-taxable","13":"purchasable","14":"product-type-variable"},"jetpack_sharing_enabled":true,"_links":{"self":[{"href":"https:\/\/www.europesstore.com\/en\/wp-json\/wp\/v2\/product\/18497","targetHints":{"allow":["GET"]}}],"collection":[{"href":"https:\/\/www.europesstore.com\/en\/wp-json\/wp\/v2\/product"}],"about":[{"href":"https:\/\/www.europesstore.com\/en\/wp-json\/wp\/v2\/types\/product"}],"replies":[{"embeddable":true,"href":"https:\/\/www.europesstore.com\/en\/wp-json\/wp\/v2\/comments?post=18497"}],"wp:featuredmedia":[{"embeddable":true,"href":"https:\/\/www.europesstore.com\/en\/wp-json\/wp\/v2\/media\/18589"}],"wp:attachment":[{"href":"https:\/\/www.europesstore.com\/en\/wp-json\/wp\/v2\/media?parent=18497"}],"wp:term":[{"taxonomy":"product_brand","embeddable":true,"href":"https:\/\/www.europesstore.com\/en\/wp-json\/wp\/v2\/product_brand?post=18497"},{"taxonomy":"product_cat","embeddable":true,"href":"https:\/\/www.europesstore.com\/en\/wp-json\/wp\/v2\/product_cat?post=18497"},{"taxonomy":"product_tag","embeddable":true,"href":"https:\/\/www.europesstore.com\/en\/wp-json\/wp\/v2\/product_tag?post=18497"}],"curies":[{"name":"wp","href":"https:\/\/api.w.org\/{rel}","templated":true}]}}