{"id":18507,"date":"2026-01-12T16:55:03","date_gmt":"2026-01-12T16:55:03","guid":{"rendered":"https:\/\/www.europesstore.com\/?post_type=product&#038;p=18507"},"modified":"2026-01-12T16:58:31","modified_gmt":"2026-01-12T16:58:31","slug":"scuba-klos-kesim-etek-etk100260-beyaz","status":"publish","type":"product","link":"https:\/\/www.europesstore.com\/en\/product\/scuba-klos-kesim-etek-etk100260-beyaz\/","title":{"rendered":"Scuba Klo\u015f Kesim Etek  ETK100260  &#8211; Beyaz"},"content":{"rendered":"<p style=\", sans-serif;font-size: 13px; font-style: normal; font-weight: 400; letter-spacing: normal; line-height: 20px; margin: 0px !important; padding: 0px !important; text-align: left; text-indent: 0px; text-transform: none;\"><span style=\"font-size: 20px;\"><strong>Scuba Klo\u015f Kesim Etek<\/strong><\/span><\/p>\n<p><span style=\"font-size: 14px;\"><strong>\u00dcr\u00fcn Tan\u0131m\u0131 :\u00a0<\/strong><\/span><\/p>\n<p style=\", sans-serif;font-size: 13px; font-style: normal; font-weight: 400; letter-spacing: normal; line-height: 20px; margin: 0px !important; padding: 0px !important; text-align: left; text-indent: 0px; text-transform: none;\">\n<strong>Scuba kuma\u015ft\u0131r &#8211; \u00a0Klo\u015f kesimdir \u00a0&#8211; Beli lastiklidir<\/strong><\/p>\n<p style=\", sans-serif;font-size: 13px; font-style: normal; font-weight: 400; letter-spacing: normal; line-height: 20px; margin: 0px !important; padding: 0px !important; text-align: left; text-indent: 0px; text-transform: none;\"><strong style=\", sans-serif !important;font-size: 13px; line-height: 20px;\">\u00dcr\u00fcn \u00d6l\u00e7\u00fcleri<\/strong><\/p>\n<p style=\", sans-serif;font-size: 13px; font-style: normal; font-weight: 400; letter-spacing: normal; line-height: 20px; margin: 0px !important; padding: 0px !important; text-align: left; text-indent: 0px; text-transform: none;\"><strong>36\/42 uyumludur standartt\u0131r &#8211; boy 90\u00a0cm<\/strong><\/p>\n<p style=\", sans-serif;font-size: 13px; font-style: normal; font-weight: 400; letter-spacing: normal; line-height: 20px; margin: 0px !important; padding: 0px !important; text-align: left; text-indent: 0px; text-transform: none;\"><em style=\", sans-serif !important;font-size: 13px; line-height: 20px;\"><i><strong style=\", sans-serif !important;font-size: 13px; line-height: 20px;\">Model 1.66 cm 60 kg\u00a0<\/strong><\/i><\/em><\/p>\n<p>STANDART BEDEN<\/p>\n<ul>\n<li>\n<div id=\"divTabOzellikler\" class=\"urunDetayPanel\" style=\"clear: both; display: none; , sans-serif;font-size: 12.8px; font-style: normal; font-weight: 400; letter-spacing: normal; margin: 0px; text-align: left; text-indent: 0px; text-transform: none; width: 421.45px;\">\n<div class=\"urunTabAlt\" style=\"float: left; , sans-serif !important;padding: 0px 0px 30px; width: 421.45px;\">\n<p style=\", sans-serif !important;font-size: 13px; line-height: 20px; margin: 0px !important; padding: 0px !important;\"><strong style=\", sans-serif !important;font-size: 13px; line-height: 20px;\">\u00dcr\u00fcn Tan\u0131m\u0131<\/strong><\/p>\n<p style=\", sans-serif !important;font-size: 13px; line-height: 20px; margin: 0px !important; padding: 0px !important;\">Scuba kuma\u015ft\u0131r &#8211; \u00a0Klo\u015f kesimdir \u00a0&#8211; Beli lastiklidir<\/p>\n<p style=\", sans-serif !important;font-size: 13px; line-height: 20px; margin: 0px !important; padding: 0px !important;\"><strong style=\", sans-serif !important;font-size: 13px; line-height: 20px;\">\u00dcr\u00fcn \u00d6l\u00e7\u00fcleri<\/strong><\/p>\n<p style=\", sans-serif !important;font-size: 13px; line-height: 20px; margin: 0px !important; padding: 0px !important;\">36\/42 uyumludur standartt\u0131r &#8211; boy 90\u00a0cm<\/p>\n<p style=\", sans-serif !important;font-size: 13px; line-height: 20px; margin: 0px !important; padding: 0px !important;\"><em style=\", sans-serif !important;font-size: 13px; line-height: 20px;\"><i><strong style=\", sans-serif !important;font-size: 13px; line-height: 20px;\">Model 1.66 cm 60 kg\u00a0<\/strong><\/i><\/em><\/p>\n<\/div>\n<\/div>\n<\/li>\n<\/ul>","protected":false},"excerpt":{"rendered":"<p>Scuba Klo\u015f Kesim Etek \u00dcr\u00fcn Tan\u0131m\u0131 :\u00a0 Scuba kuma\u015ft\u0131r &#8211; \u00a0Klo\u015f kesimdir \u00a0&#8211; Beli lastiklidir \u00dcr\u00fcn \u00d6l\u00e7\u00fcleri 36\/42 uyumludur standartt\u0131r &#8211; boy 90\u00a0cm Model 1.66 cm 60 kg\u00a0 STANDART BEDEN \u00dcr\u00fcn Tan\u0131m\u0131 Scuba kuma\u015ft\u0131r &#8211; \u00a0Klo\u015f kesimdir \u00a0&#8211; Beli lastiklidir \u00dcr\u00fcn \u00d6l\u00e7\u00fcleri 36\/42 uyumludur standartt\u0131r &#8211; boy 90\u00a0cm Model 1.66 cm 60 kg\u00a0<\/p>","protected":false},"featured_media":18600,"comment_status":"open","ping_status":"closed","template":"","meta":[],"product_brand":[],"product_cat":[967],"product_tag":[],"class_list":{"0":"post-18507","1":"product","2":"type-product","3":"status-publish","4":"has-post-thumbnail","6":"product_cat-accessories","8":"first","9":"outofstock","10":"sale","11":"shipping-taxable","12":"purchasable","13":"product-type-simple"},"jetpack_sharing_enabled":true,"_links":{"self":[{"href":"https:\/\/www.europesstore.com\/en\/wp-json\/wp\/v2\/product\/18507","targetHints":{"allow":["GET"]}}],"collection":[{"href":"https:\/\/www.europesstore.com\/en\/wp-json\/wp\/v2\/product"}],"about":[{"href":"https:\/\/www.europesstore.com\/en\/wp-json\/wp\/v2\/types\/product"}],"replies":[{"embeddable":true,"href":"https:\/\/www.europesstore.com\/en\/wp-json\/wp\/v2\/comments?post=18507"}],"wp:featuredmedia":[{"embeddable":true,"href":"https:\/\/www.europesstore.com\/en\/wp-json\/wp\/v2\/media\/18600"}],"wp:attachment":[{"href":"https:\/\/www.europesstore.com\/en\/wp-json\/wp\/v2\/media?parent=18507"}],"wp:term":[{"taxonomy":"product_brand","embeddable":true,"href":"https:\/\/www.europesstore.com\/en\/wp-json\/wp\/v2\/product_brand?post=18507"},{"taxonomy":"product_cat","embeddable":true,"href":"https:\/\/www.europesstore.com\/en\/wp-json\/wp\/v2\/product_cat?post=18507"},{"taxonomy":"product_tag","embeddable":true,"href":"https:\/\/www.europesstore.com\/en\/wp-json\/wp\/v2\/product_tag?post=18507"}],"curies":[{"name":"wp","href":"https:\/\/api.w.org\/{rel}","templated":true}]}}