{"id":19215,"date":"2026-01-12T17:12:06","date_gmt":"2026-01-12T17:12:06","guid":{"rendered":"https:\/\/www.europesstore.com\/?post_type=product&#038;p=19215"},"modified":"2026-01-12T17:19:05","modified_gmt":"2026-01-12T17:19:05","slug":"loliy-oysho-ikili-takim-tkm100283-lacivert","status":"publish","type":"product","link":"https:\/\/www.europesstore.com\/en\/product\/loliy-oysho-ikili-takim-tkm100283-lacivert\/","title":{"rendered":"Loliy Oysho \u0130kili Tak\u0131m TKM100283 \u2013 Lacivert"},"content":{"rendered":"<p><b>Loliy Oysho \u0130kili Tak\u0131m Tarz\u0131 bu rahat ve \u015f\u0131k tak\u0131m<\/b> ile konfor ve zarafeti bir arada ya\u015fay\u0131n.<\/p>\n<p>Yumu\u015fak dokusu ve bol kesimi sayesinde hem g\u00fcnl\u00fck hayatta hem de \u00f6zel anlarda rahatl\u0131kla tercih edebilece\u011finiz bu iki par\u00e7al\u0131 set, zahmetsiz \u015f\u0131kl\u0131\u011f\u0131n anahtar\u0131n\u0131 sunuyor.<\/p>\n<ul>\n<li><b>Par\u00e7alar:<\/b> Bol pa\u00e7a, y\u00fcksek bel pantolon ve beli ku\u015fakla ayarlanabilen, geni\u015f kollu, kruvaze kesimli \u00fcst (h\u0131rka\/kimono tarz\u0131).<\/li>\n<li><b>Kuma\u015f:<\/b>\u00a0 Oysho<b style=\"font-size: 16px;\">Stil:<\/b><span style=\"font-size: 16px;\"> \u015eehir hayat\u0131ndan, ev konforuna, \u015f\u0131k bir davetten hafta sonu ka\u00e7ama\u011f\u0131na kadar geni\u015f bir kullan\u0131m alan\u0131na sahiptir. <\/span><b style=\"font-size: 16px;\">Tesett\u00fcre uygun<\/b><span style=\"font-size: 16px;\"> ve <\/span><b style=\"font-size: 16px;\">sala\u015f<\/b><span style=\"font-size: 16px;\"> kesimiyle rahatl\u0131k ve stil dengesini kurar.<\/span><\/li>\n<\/ul>\n<h3>Beden Bilgisi<\/h3>\n<p>&nbsp;<\/p>\n<p>Bu tak\u0131m, iki farkl\u0131 beden aral\u0131\u011f\u0131nda sunulmaktad\u0131r:<\/p>\n<ul>\n<li><b>1 Beden:<\/b>\u00a0<b>S-M <\/b>bedenlere uygundur.<\/li>\n<li><b>2 Beden:<\/b>\u00a0<b>L-XL<\/b>bedenlere uygundur.<\/li>\n<\/ul>","protected":false},"excerpt":{"rendered":"<p>Loliy Oysho \u0130kili Tak\u0131m Tarz\u0131 bu rahat ve \u015f\u0131k tak\u0131m ile konfor ve zarafeti bir arada ya\u015fay\u0131n. Yumu\u015fak dokusu ve bol kesimi sayesinde hem g\u00fcnl\u00fck hayatta hem de \u00f6zel anlarda rahatl\u0131kla tercih edebilece\u011finiz bu iki par\u00e7al\u0131 set, zahmetsiz \u015f\u0131kl\u0131\u011f\u0131n anahtar\u0131n\u0131 sunuyor. Par\u00e7alar: Bol pa\u00e7a, y\u00fcksek bel pantolon ve beli ku\u015fakla ayarlanabilen, geni\u015f kollu, kruvaze kesimli [&hellip;]<\/p>","protected":false},"featured_media":19334,"comment_status":"closed","ping_status":"closed","template":"","meta":[],"product_brand":[],"product_cat":[967,970],"product_tag":[],"class_list":{"0":"post-19215","1":"product","2":"type-product","3":"status-publish","4":"has-post-thumbnail","6":"product_cat-accessories","7":"product_cat-takim","9":"first","10":"outofstock","11":"sale","12":"shipping-taxable","13":"purchasable","14":"product-type-variable"},"jetpack_sharing_enabled":true,"_links":{"self":[{"href":"https:\/\/www.europesstore.com\/en\/wp-json\/wp\/v2\/product\/19215","targetHints":{"allow":["GET"]}}],"collection":[{"href":"https:\/\/www.europesstore.com\/en\/wp-json\/wp\/v2\/product"}],"about":[{"href":"https:\/\/www.europesstore.com\/en\/wp-json\/wp\/v2\/types\/product"}],"replies":[{"embeddable":true,"href":"https:\/\/www.europesstore.com\/en\/wp-json\/wp\/v2\/comments?post=19215"}],"wp:featuredmedia":[{"embeddable":true,"href":"https:\/\/www.europesstore.com\/en\/wp-json\/wp\/v2\/media\/19334"}],"wp:attachment":[{"href":"https:\/\/www.europesstore.com\/en\/wp-json\/wp\/v2\/media?parent=19215"}],"wp:term":[{"taxonomy":"product_brand","embeddable":true,"href":"https:\/\/www.europesstore.com\/en\/wp-json\/wp\/v2\/product_brand?post=19215"},{"taxonomy":"product_cat","embeddable":true,"href":"https:\/\/www.europesstore.com\/en\/wp-json\/wp\/v2\/product_cat?post=19215"},{"taxonomy":"product_tag","embeddable":true,"href":"https:\/\/www.europesstore.com\/en\/wp-json\/wp\/v2\/product_tag?post=19215"}],"curies":[{"name":"wp","href":"https:\/\/api.w.org\/{rel}","templated":true}]}}