{"id":19229,"date":"2026-01-12T17:12:39","date_gmt":"2026-01-12T17:12:39","guid":{"rendered":"https:\/\/www.europesstore.com\/?post_type=product&#038;p=19229"},"modified":"2026-01-12T17:19:05","modified_gmt":"2026-01-12T17:19:05","slug":"simon-blazer-dugmeli-ceket-pantolon-ikili-takim-tk100284-camel","status":"publish","type":"product","link":"https:\/\/www.europesstore.com\/en\/product\/simon-blazer-dugmeli-ceket-pantolon-ikili-takim-tk100284-camel\/","title":{"rendered":"Simon Blazer D\u00fc\u011fmeli Ceket -Pantolon \u0130kili Tak\u0131m TK100284  &#8211; Camel"},"content":{"rendered":"<p data-start=\"47\" data-end=\"280\">Zarafeti ve modern \u015f\u0131kl\u0131\u011f\u0131 bir arada sunan camel renk ikili tak\u0131m, gard\u0131robunuzun en \u00f6zel par\u00e7alar\u0131ndan biri olacak. \u00d6zel tasar\u0131m\u0131yla rahatl\u0131\u011f\u0131 ve stilinizi \u00f6n plana \u00e7\u0131kar\u0131rken, oversize ceket modeli ile \u00f6zg\u00fcn bir duru\u015f kazand\u0131r\u0131r.<\/p>\n<p data-start=\"282\" data-end=\"300\">&#x1f538; <strong data-start=\"285\" data-end=\"298\">Detaylar:<\/strong><\/p>\n<ul data-start=\"301\" data-end=\"438\">\n<li data-start=\"301\" data-end=\"327\">\n<p data-start=\"303\" data-end=\"327\">D\u00fc\u011fmeli oversize ceket<\/p>\n<\/li>\n<li data-start=\"328\" data-end=\"352\">\n<p data-start=\"330\" data-end=\"352\">Rahat kal\u0131p pantolon<\/p>\n<\/li>\n<li data-start=\"353\" data-end=\"378\">\n<p data-start=\"355\" data-end=\"378\">\u015e\u0131k ve modern tasar\u0131m<\/p>\n<\/li>\n<li data-start=\"379\" data-end=\"438\">\n<p data-start=\"381\" data-end=\"438\">G\u00fcnl\u00fck kullan\u0131mda ya da \u00f6zel davetlerde kombinlenebilir<\/p>\n<\/li>\n<\/ul>\n<p data-start=\"440\" data-end=\"463\">&#x1f538; <strong data-start=\"443\" data-end=\"461\">Beden Bilgisi:<\/strong><\/p>\n<ul data-start=\"464\" data-end=\"491\">\n<li data-start=\"464\" data-end=\"477\">\n<p data-start=\"466\" data-end=\"477\">1 (36-38)<\/p>\n<\/li>\n<li data-start=\"478\" data-end=\"491\">\n<p data-start=\"480\" data-end=\"491\">2 (40-42)<\/p>\n<\/li>\n<\/ul>\n<p data-start=\"493\" data-end=\"550\">Kombinlerinize zarif bir dokunu\u015f katmak i\u00e7in ideal. &#x1f90d;&#x2728;<\/p>\n<p>\u00dcst Boy : 75-80\u00a0 cm<br \/>\nAlt Boy : 110 cm<\/p>","protected":false},"excerpt":{"rendered":"<p>Zarafeti ve modern \u015f\u0131kl\u0131\u011f\u0131 bir arada sunan camel renk ikili tak\u0131m, gard\u0131robunuzun en \u00f6zel par\u00e7alar\u0131ndan biri olacak. \u00d6zel tasar\u0131m\u0131yla rahatl\u0131\u011f\u0131 ve stilinizi \u00f6n plana \u00e7\u0131kar\u0131rken, oversize ceket modeli ile \u00f6zg\u00fcn bir duru\u015f kazand\u0131r\u0131r. &#x1f538; Detaylar: D\u00fc\u011fmeli oversize ceket Rahat kal\u0131p pantolon \u015e\u0131k ve modern tasar\u0131m G\u00fcnl\u00fck kullan\u0131mda ya da \u00f6zel davetlerde kombinlenebilir &#x1f538; Beden Bilgisi: [&hellip;]<\/p>","protected":false},"featured_media":19343,"comment_status":"open","ping_status":"closed","template":"","meta":[],"product_brand":[],"product_cat":[967,970],"product_tag":[],"class_list":{"0":"post-19229","1":"product","2":"type-product","3":"status-publish","4":"has-post-thumbnail","6":"product_cat-accessories","7":"product_cat-takim","9":"first","10":"instock","11":"sale","12":"shipping-taxable","13":"purchasable","14":"product-type-variable"},"jetpack_sharing_enabled":true,"_links":{"self":[{"href":"https:\/\/www.europesstore.com\/en\/wp-json\/wp\/v2\/product\/19229","targetHints":{"allow":["GET"]}}],"collection":[{"href":"https:\/\/www.europesstore.com\/en\/wp-json\/wp\/v2\/product"}],"about":[{"href":"https:\/\/www.europesstore.com\/en\/wp-json\/wp\/v2\/types\/product"}],"replies":[{"embeddable":true,"href":"https:\/\/www.europesstore.com\/en\/wp-json\/wp\/v2\/comments?post=19229"}],"wp:featuredmedia":[{"embeddable":true,"href":"https:\/\/www.europesstore.com\/en\/wp-json\/wp\/v2\/media\/19343"}],"wp:attachment":[{"href":"https:\/\/www.europesstore.com\/en\/wp-json\/wp\/v2\/media?parent=19229"}],"wp:term":[{"taxonomy":"product_brand","embeddable":true,"href":"https:\/\/www.europesstore.com\/en\/wp-json\/wp\/v2\/product_brand?post=19229"},{"taxonomy":"product_cat","embeddable":true,"href":"https:\/\/www.europesstore.com\/en\/wp-json\/wp\/v2\/product_cat?post=19229"},{"taxonomy":"product_tag","embeddable":true,"href":"https:\/\/www.europesstore.com\/en\/wp-json\/wp\/v2\/product_tag?post=19229"}],"curies":[{"name":"wp","href":"https:\/\/api.w.org\/{rel}","templated":true}]}}