{"id":19297,"date":"2026-01-12T17:15:27","date_gmt":"2026-01-12T17:15:27","guid":{"rendered":"https:\/\/www.europesstore.com\/?post_type=product&#038;p=19297"},"modified":"2026-01-12T17:19:18","modified_gmt":"2026-01-12T17:19:18","slug":"calvin-klein-premium-body-bd100286-siyah","status":"publish","type":"product","link":"https:\/\/www.europesstore.com\/en\/product\/calvin-klein-premium-body-bd100286-siyah\/","title":{"rendered":"Calvin Klein Premium Body BD100286 &#8211; Siyah"},"content":{"rendered":"<h2>Calvin Klein Premium Body<\/h2>\n<p>&nbsp;<\/p>\n<p>G\u00fcnl\u00fck \u015f\u0131kl\u0131\u011f\u0131n\u0131z\u0131n vazge\u00e7ilmezi olacak, <b>Calvin Klein Jeans<\/b> imzal\u0131 BODY ile konforu ve stili bir arada ya\u015fay\u0131n. Yumu\u015fak dokusu ve fit kesimi sayesinde her kombine kolayca uyum sa\u011flar.<\/p>\n<p>&nbsp;<\/p>\n<h3>\u00dcr\u00fcn \u00d6zellikleri:<\/h3>\n<p>&nbsp;<\/p>\n<ul>\n<li><b>Marka:<\/b> Calvin Klein<\/li>\n<li><b>Model:<\/b> Premium Body<\/li>\n<li><b>Kuma\u015f:<\/b> Esnek ve rahat <b>ribana<\/b> dokuya sahiptir. V\u00fccudu nazik\u00e7e sarar.<\/li>\n<li><b>Detay:<\/b> G\u00f6\u011f\u00fcs k\u0131sm\u0131nda k\u00fc\u00e7\u00fck, kare i\u00e7inde <b>ikonik CK Jeans logo yamas\u0131<\/b> bulunur.<\/li>\n<li><b>Renk:<\/b> Klasik ve zamans\u0131z <b>Krem \/ Ekru<\/b> ton.<\/li>\n<li><b>Beden:<\/b> <b>STANDART BEDEN<\/b> olup, esnek yap\u0131s\u0131 sayesinde farkl\u0131 bedenlere rahat\u00e7a uyum sa\u011flar.<\/li>\n<\/ul>\n<p><b>Stil \u00d6nerisi:<\/b> Y\u00fcksek bel jean pantolonlar, \u015fortlar veya eteklerle basic ama etkili bir g\u00f6r\u00fcn\u00fcm olu\u015fturabilir; g\u00f6mlek, ceket veya h\u0131rkalar\u0131n i\u00e7ine m\u00fckemmel bir katman olarak kullanabilirsiniz.<\/p>","protected":false},"excerpt":{"rendered":"<p>Calvin Klein Premium Body &nbsp; G\u00fcnl\u00fck \u015f\u0131kl\u0131\u011f\u0131n\u0131z\u0131n vazge\u00e7ilmezi olacak, Calvin Klein Jeans imzal\u0131 BODY ile konforu ve stili bir arada ya\u015fay\u0131n. Yumu\u015fak dokusu ve fit kesimi sayesinde her kombine kolayca uyum sa\u011flar. &nbsp; \u00dcr\u00fcn \u00d6zellikleri: &nbsp; Marka: Calvin Klein Model: Premium Body Kuma\u015f: Esnek ve rahat ribana dokuya sahiptir. V\u00fccudu nazik\u00e7e sarar. Detay: G\u00f6\u011f\u00fcs k\u0131sm\u0131nda [&hellip;]<\/p>","protected":false},"featured_media":19385,"comment_status":"closed","ping_status":"closed","template":"","meta":[],"product_brand":[],"product_cat":[967],"product_tag":[],"class_list":{"0":"post-19297","1":"product","2":"type-product","3":"status-publish","4":"has-post-thumbnail","6":"product_cat-accessories","8":"first","9":"instock","10":"sale","11":"shipping-taxable","12":"purchasable","13":"product-type-variable"},"jetpack_sharing_enabled":true,"_links":{"self":[{"href":"https:\/\/www.europesstore.com\/en\/wp-json\/wp\/v2\/product\/19297","targetHints":{"allow":["GET"]}}],"collection":[{"href":"https:\/\/www.europesstore.com\/en\/wp-json\/wp\/v2\/product"}],"about":[{"href":"https:\/\/www.europesstore.com\/en\/wp-json\/wp\/v2\/types\/product"}],"replies":[{"embeddable":true,"href":"https:\/\/www.europesstore.com\/en\/wp-json\/wp\/v2\/comments?post=19297"}],"wp:featuredmedia":[{"embeddable":true,"href":"https:\/\/www.europesstore.com\/en\/wp-json\/wp\/v2\/media\/19385"}],"wp:attachment":[{"href":"https:\/\/www.europesstore.com\/en\/wp-json\/wp\/v2\/media?parent=19297"}],"wp:term":[{"taxonomy":"product_brand","embeddable":true,"href":"https:\/\/www.europesstore.com\/en\/wp-json\/wp\/v2\/product_brand?post=19297"},{"taxonomy":"product_cat","embeddable":true,"href":"https:\/\/www.europesstore.com\/en\/wp-json\/wp\/v2\/product_cat?post=19297"},{"taxonomy":"product_tag","embeddable":true,"href":"https:\/\/www.europesstore.com\/en\/wp-json\/wp\/v2\/product_tag?post=19297"}],"curies":[{"name":"wp","href":"https:\/\/api.w.org\/{rel}","templated":true}]}}