{"id":19454,"date":"2026-01-12T17:19:22","date_gmt":"2026-01-12T17:19:22","guid":{"rendered":"https:\/\/www.europesstore.com\/?post_type=product&#038;p=19454"},"modified":"2026-01-12T17:24:36","modified_gmt":"2026-01-12T17:24:36","slug":"minya-oysho-ikili-takim-tk100288-siyah","status":"publish","type":"product","link":"https:\/\/www.europesstore.com\/en\/product\/minya-oysho-ikili-takim-tk100288-siyah\/","title":{"rendered":"Minya Oysho \u0130kili Tak\u0131m TK100288- Siyah"},"content":{"rendered":"<p><strong>An\u0131nda Kargo\u00a0<img decoding=\"async\" class=\"emoji\" role=\"img\" draggable=\"false\" src=\"https:\/\/s.w.org\/images\/core\/emoji\/16.0.1\/svg\/1f33b.svg\" alt=\"&#x1f33b;\" \/><\/strong><br \/>\n\u00dcr\u00fcn\u00fcm\u00fcz yurt d\u0131\u015f\u0131ndan gelmekte olup, \u00f6n sipari\u015f sipari\u015fi al\u0131nmaktad\u0131r!<br \/>\nStil sahibi kad\u0131nlar\u0131n dolab\u0131nda mutlaka bulunmas\u0131 gereken, Zarafetin ve konforun bulu\u015ftu\u011fu \u00a0Premium Oysho\u00a0 \u00a0\u0130kili Tak\u0131m &#x1f4ab;<br \/>\nHem g\u00fcnl\u00fck \u015f\u0131kl\u0131kta hem \u00f6zel davetlerde rahatl\u0131kla tercih edilebilecek bu tak\u0131m, modern zarafeti geleneksel dokunu\u015flarla bulu\u015fturuyor.<\/p>\n<p><strong>\u00dcr\u00fcn \u00d6zellikleri :\u00a0<\/strong><\/p>\n<p>\u00dcr\u00fcn Tan\u0131m\u0131<br \/>\noysho kuma\u015ft\u0131r<\/p>\n<p>\u00dcr\u00fcn \u00d6l\u00e7\u00fcleri<\/p>\n<p>1(36\/38) &#8211; 2(40\/42) \u00a0beden uyumludur<\/p>\n<p>Model 1.66 cm 60 kg 1 beden tercih edildi<\/p>","protected":false},"excerpt":{"rendered":"<p>An\u0131nda Kargo\u00a0 \u00dcr\u00fcn\u00fcm\u00fcz yurt d\u0131\u015f\u0131ndan gelmekte olup, \u00f6n sipari\u015f sipari\u015fi al\u0131nmaktad\u0131r! Stil sahibi kad\u0131nlar\u0131n dolab\u0131nda mutlaka bulunmas\u0131 gereken, Zarafetin ve konforun bulu\u015ftu\u011fu \u00a0Premium Oysho\u00a0 \u00a0\u0130kili Tak\u0131m &#x1f4ab; Hem g\u00fcnl\u00fck \u015f\u0131kl\u0131kta hem \u00f6zel davetlerde rahatl\u0131kla tercih edilebilecek bu tak\u0131m, modern zarafeti geleneksel dokunu\u015flarla bulu\u015fturuyor. \u00dcr\u00fcn \u00d6zellikleri :\u00a0 \u00dcr\u00fcn Tan\u0131m\u0131 oysho kuma\u015ft\u0131r \u00dcr\u00fcn \u00d6l\u00e7\u00fcleri 1(36\/38) &#8211; 2(40\/42) [&hellip;]<\/p>","protected":false},"featured_media":19495,"comment_status":"closed","ping_status":"closed","template":"","meta":[],"product_brand":[],"product_cat":[967,970],"product_tag":[],"class_list":{"0":"post-19454","1":"product","2":"type-product","3":"status-publish","4":"has-post-thumbnail","6":"product_cat-accessories","7":"product_cat-takim","9":"first","10":"outofstock","11":"sale","12":"shipping-taxable","13":"purchasable","14":"product-type-variable"},"jetpack_sharing_enabled":true,"_links":{"self":[{"href":"https:\/\/www.europesstore.com\/en\/wp-json\/wp\/v2\/product\/19454","targetHints":{"allow":["GET"]}}],"collection":[{"href":"https:\/\/www.europesstore.com\/en\/wp-json\/wp\/v2\/product"}],"about":[{"href":"https:\/\/www.europesstore.com\/en\/wp-json\/wp\/v2\/types\/product"}],"replies":[{"embeddable":true,"href":"https:\/\/www.europesstore.com\/en\/wp-json\/wp\/v2\/comments?post=19454"}],"wp:featuredmedia":[{"embeddable":true,"href":"https:\/\/www.europesstore.com\/en\/wp-json\/wp\/v2\/media\/19495"}],"wp:attachment":[{"href":"https:\/\/www.europesstore.com\/en\/wp-json\/wp\/v2\/media?parent=19454"}],"wp:term":[{"taxonomy":"product_brand","embeddable":true,"href":"https:\/\/www.europesstore.com\/en\/wp-json\/wp\/v2\/product_brand?post=19454"},{"taxonomy":"product_cat","embeddable":true,"href":"https:\/\/www.europesstore.com\/en\/wp-json\/wp\/v2\/product_cat?post=19454"},{"taxonomy":"product_tag","embeddable":true,"href":"https:\/\/www.europesstore.com\/en\/wp-json\/wp\/v2\/product_tag?post=19454"}],"curies":[{"name":"wp","href":"https:\/\/api.w.org\/{rel}","templated":true}]}}