{"id":19462,"date":"2026-01-12T17:19:24","date_gmt":"2026-01-12T17:19:24","guid":{"rendered":"https:\/\/www.europesstore.com\/?post_type=product&#038;p=19462"},"modified":"2026-01-12T17:24:37","modified_gmt":"2026-01-12T17:24:37","slug":"leopar-etekli-ikili-takim-tk100290-krem","status":"publish","type":"product","link":"https:\/\/www.europesstore.com\/en\/product\/leopar-etekli-ikili-takim-tk100290-krem\/","title":{"rendered":"Leopar Etekli \u0130kili Tak\u0131m TK100290 &#8211; Krem"},"content":{"rendered":"<h2>&#x1f406; Leopar Desenli Tak\u0131m: G\u00fcnl\u00fck \u015e\u0131kl\u0131k!<\/h2>\n<p>&nbsp;<\/p>\n<p><b>Trendleri yakalay\u0131n!<\/b> Bu modern kombin, <b>siyah, sala\u015f sweatshirt<\/b> ve d\u00f6k\u00fcml\u00fc <b>leopar desenli midi ete\u011fi<\/b> bir araya getiriyor.<\/p>\n<ul>\n<li><b>Etek:<\/b> V\u00fccuda zarif\u00e7e oturan, ak\u0131c\u0131 kuma\u015fl\u0131, bal\u0131k kesim leopar desenli etek.<\/li>\n<li><b>\u00dcst:<\/b> Konforlu ve bol kesim siyah sweatshirt.<\/li>\n<\/ul>\n<p><b>Kombin:<\/b> Rahat ve dinamik bir stil i\u00e7in m\u00fckemmel. Spor ayakkab\u0131lar veya babetlerle g\u00fcnd\u00fcz, \u015f\u0131k botlarla ise daha sofistike bir g\u00f6r\u00fcn\u00fcm elde edebilirsiniz. <b>Zahmetsizce \u015f\u0131k<\/b> olman\u0131n anahtar\u0131!<\/p>\n<p>\u00dcr\u00fcn \u00d6l\u00e7\u00fcleri<\/p>\n<p>1(36\/38) &#8211; 2(40\/42) \u00a0beden uyumludur<\/p>\n<p>Model 1.66 cm 60 kg 1 beden tercih edildi<\/p>","protected":false},"excerpt":{"rendered":"<p>&#x1f406; Leopar Desenli Tak\u0131m: G\u00fcnl\u00fck \u015e\u0131kl\u0131k! &nbsp; Trendleri yakalay\u0131n! Bu modern kombin, siyah, sala\u015f sweatshirt ve d\u00f6k\u00fcml\u00fc leopar desenli midi ete\u011fi bir araya getiriyor. Etek: V\u00fccuda zarif\u00e7e oturan, ak\u0131c\u0131 kuma\u015fl\u0131, bal\u0131k kesim leopar desenli etek. \u00dcst: Konforlu ve bol kesim siyah sweatshirt. Kombin: Rahat ve dinamik bir stil i\u00e7in m\u00fckemmel. Spor ayakkab\u0131lar veya babetlerle g\u00fcnd\u00fcz, [&hellip;]<\/p>","protected":false},"featured_media":19516,"comment_status":"closed","ping_status":"closed","template":"","meta":[],"product_brand":[],"product_cat":[967,970],"product_tag":[],"class_list":{"0":"post-19462","1":"product","2":"type-product","3":"status-publish","4":"has-post-thumbnail","6":"product_cat-accessories","7":"product_cat-takim","9":"first","10":"outofstock","11":"sale","12":"shipping-taxable","13":"purchasable","14":"product-type-variable"},"jetpack_sharing_enabled":true,"_links":{"self":[{"href":"https:\/\/www.europesstore.com\/en\/wp-json\/wp\/v2\/product\/19462","targetHints":{"allow":["GET"]}}],"collection":[{"href":"https:\/\/www.europesstore.com\/en\/wp-json\/wp\/v2\/product"}],"about":[{"href":"https:\/\/www.europesstore.com\/en\/wp-json\/wp\/v2\/types\/product"}],"replies":[{"embeddable":true,"href":"https:\/\/www.europesstore.com\/en\/wp-json\/wp\/v2\/comments?post=19462"}],"wp:featuredmedia":[{"embeddable":true,"href":"https:\/\/www.europesstore.com\/en\/wp-json\/wp\/v2\/media\/19516"}],"wp:attachment":[{"href":"https:\/\/www.europesstore.com\/en\/wp-json\/wp\/v2\/media?parent=19462"}],"wp:term":[{"taxonomy":"product_brand","embeddable":true,"href":"https:\/\/www.europesstore.com\/en\/wp-json\/wp\/v2\/product_brand?post=19462"},{"taxonomy":"product_cat","embeddable":true,"href":"https:\/\/www.europesstore.com\/en\/wp-json\/wp\/v2\/product_cat?post=19462"},{"taxonomy":"product_tag","embeddable":true,"href":"https:\/\/www.europesstore.com\/en\/wp-json\/wp\/v2\/product_tag?post=19462"}],"curies":[{"name":"wp","href":"https:\/\/api.w.org\/{rel}","templated":true}]}}