{"id":19469,"date":"2026-01-12T17:19:25","date_gmt":"2026-01-12T17:19:25","guid":{"rendered":"https:\/\/www.europesstore.com\/?post_type=product&#038;p=19469"},"modified":"2026-01-12T17:24:49","modified_gmt":"2026-01-12T17:24:49","slug":"tas-puskullu-sweat-swt100294-siyah","status":"publish","type":"product","link":"https:\/\/www.europesstore.com\/en\/product\/tas-puskullu-sweat-swt100294-siyah\/","title":{"rendered":"Ta\u015f P\u00fcsk\u00fcll\u00fc Sweat SWT100294 &#8211; Siyah"},"content":{"rendered":"<div class=\"ng-tns-c1077202075-42\">\n<section id=\"processing-state-3\" class=\"processing-state_container ng-tns-c1077202075-42 is-gpi-avatar ng-trigger ng-trigger-processingStateShowHide ng-star-inserted is-done-processing\">\n<div id=\"processing-state-3-summary\" class=\"processing-state_details ng-trigger ng-trigger-menuExpansion ng-tns-c1077202075-42 is-gpi-avatar ng-star-inserted\" aria-hidden=\"true\">\n<p>&nbsp;<\/p>\n<\/div>\n<\/section>\n<\/div>\n<div class=\"response-content ng-tns-c253944506-41\">\n<div id=\"model-response-message-contentr_ad32422124e9085e\" class=\"markdown markdown-main-panel enable-updated-hr-color\" dir=\"ltr\">\n<hr \/>\n<p>&nbsp;<\/p>\n<p>&nbsp;<\/p>\n<\/div>\n<\/div>","protected":false},"excerpt":{"rendered":"<p>&nbsp; &nbsp; &nbsp;<\/p>","protected":false},"featured_media":19535,"comment_status":"closed","ping_status":"closed","template":"","meta":[],"product_brand":[],"product_cat":[967,1003],"product_tag":[],"class_list":{"0":"post-19469","1":"product","2":"type-product","3":"status-publish","4":"has-post-thumbnail","6":"product_cat-accessories","7":"product_cat-sweatshirt","9":"first","10":"outofstock","11":"sale","12":"shipping-taxable","13":"purchasable","14":"product-type-variable"},"jetpack_sharing_enabled":true,"_links":{"self":[{"href":"https:\/\/www.europesstore.com\/en\/wp-json\/wp\/v2\/product\/19469","targetHints":{"allow":["GET"]}}],"collection":[{"href":"https:\/\/www.europesstore.com\/en\/wp-json\/wp\/v2\/product"}],"about":[{"href":"https:\/\/www.europesstore.com\/en\/wp-json\/wp\/v2\/types\/product"}],"replies":[{"embeddable":true,"href":"https:\/\/www.europesstore.com\/en\/wp-json\/wp\/v2\/comments?post=19469"}],"wp:featuredmedia":[{"embeddable":true,"href":"https:\/\/www.europesstore.com\/en\/wp-json\/wp\/v2\/media\/19535"}],"wp:attachment":[{"href":"https:\/\/www.europesstore.com\/en\/wp-json\/wp\/v2\/media?parent=19469"}],"wp:term":[{"taxonomy":"product_brand","embeddable":true,"href":"https:\/\/www.europesstore.com\/en\/wp-json\/wp\/v2\/product_brand?post=19469"},{"taxonomy":"product_cat","embeddable":true,"href":"https:\/\/www.europesstore.com\/en\/wp-json\/wp\/v2\/product_cat?post=19469"},{"taxonomy":"product_tag","embeddable":true,"href":"https:\/\/www.europesstore.com\/en\/wp-json\/wp\/v2\/product_tag?post=19469"}],"curies":[{"name":"wp","href":"https:\/\/api.w.org\/{rel}","templated":true}]}}