{"id":19499,"date":"2026-01-12T17:20:24","date_gmt":"2026-01-12T17:20:24","guid":{"rendered":"https:\/\/www.europesstore.com\/?post_type=product&#038;p=19499"},"modified":"2026-01-12T17:23:15","modified_gmt":"2026-01-12T17:23:15","slug":"vatka-detayli-yelek-kemer-hediyeli-ds100298-lacivert","status":"publish","type":"product","link":"https:\/\/www.europesstore.com\/en\/product\/vatka-detayli-yelek-kemer-hediyeli-ds100298-lacivert\/","title":{"rendered":"Vatka Detayl\u0131 Yelek (Kemer Hediyeli)  D\u015e100298 &#8211; Lacivert"},"content":{"rendered":"<h2>&#x1f90e; Vatka Detayl\u0131 Modern Yelek (Kemer Hediyeli!)<\/h2>\n<p>&nbsp;<\/p>\n<p><b>Bedenler:<\/b>\u00a0 standart<\/p>\n<p>Klasik tak\u0131m elbise ceketlerinin modern yorumu! Bu <b>vatka detayl\u0131 yelek<\/b> ile ofis \u015f\u0131kl\u0131\u011f\u0131n\u0131 sokak stiline ta\u015f\u0131y\u0131n.<\/p>\n<ul>\n<li><b>Tasar\u0131m:<\/b> <b>Geni\u015f vatka detayl\u0131<\/b> omuzlar\u0131, yele\u011fe g\u00fc\u00e7l\u00fc ve keskin bir sil\u00fcet kazand\u0131r\u0131r. Uzun ve d\u00f6k\u00fcml\u00fc kesimi ile v\u00fccudu zarif\u00e7e sarar.<\/li>\n<li><b>Kombin:<\/b> G\u00f6rseldeki gibi <b>beyaz bo\u011fazl\u0131 bluz<\/b> ve <b>bol pa\u00e7a pantolonlarla<\/b> kombinleyerek sofistike ve katmanl\u0131 bir g\u00f6r\u00fcn\u00fcm elde edin.<\/li>\n<li><b>Hediye:<\/b> Yelekle m\u00fckemmel uyum sa\u011flayan, ince <b>siyah kemer<\/b> hediyesiyle belinizi vurgulayarak kombininizi tamamlay\u0131n.<\/li>\n<\/ul>\n<p><b>Neden Tercih Etmelisiniz?<\/b><\/p>\n<p>Mevsim ge\u00e7i\u015flerinde stilinizi tamamlayacak, hem resmi hem de g\u00fcnl\u00fck kombinlere kolayca uyum sa\u011flayacak <b>\u00e7ok y\u00f6nl\u00fc<\/b> bir par\u00e7ad\u0131r.<\/p>","protected":false},"excerpt":{"rendered":"<p>&#x1f90e; Vatka Detayl\u0131 Modern Yelek (Kemer Hediyeli!) &nbsp; Bedenler:\u00a0 standart Klasik tak\u0131m elbise ceketlerinin modern yorumu! Bu vatka detayl\u0131 yelek ile ofis \u015f\u0131kl\u0131\u011f\u0131n\u0131 sokak stiline ta\u015f\u0131y\u0131n. Tasar\u0131m: Geni\u015f vatka detayl\u0131 omuzlar\u0131, yele\u011fe g\u00fc\u00e7l\u00fc ve keskin bir sil\u00fcet kazand\u0131r\u0131r. Uzun ve d\u00f6k\u00fcml\u00fc kesimi ile v\u00fccudu zarif\u00e7e sarar. Kombin: G\u00f6rseldeki gibi beyaz bo\u011fazl\u0131 bluz ve bol pa\u00e7a [&hellip;]<\/p>","protected":false},"featured_media":19572,"comment_status":"closed","ping_status":"closed","template":"","meta":[],"product_brand":[],"product_cat":[967],"product_tag":[],"class_list":{"0":"post-19499","1":"product","2":"type-product","3":"status-publish","4":"has-post-thumbnail","6":"product_cat-accessories","8":"first","9":"outofstock","10":"sale","11":"shipping-taxable","12":"purchasable","13":"product-type-simple"},"jetpack_sharing_enabled":true,"_links":{"self":[{"href":"https:\/\/www.europesstore.com\/en\/wp-json\/wp\/v2\/product\/19499","targetHints":{"allow":["GET"]}}],"collection":[{"href":"https:\/\/www.europesstore.com\/en\/wp-json\/wp\/v2\/product"}],"about":[{"href":"https:\/\/www.europesstore.com\/en\/wp-json\/wp\/v2\/types\/product"}],"replies":[{"embeddable":true,"href":"https:\/\/www.europesstore.com\/en\/wp-json\/wp\/v2\/comments?post=19499"}],"wp:featuredmedia":[{"embeddable":true,"href":"https:\/\/www.europesstore.com\/en\/wp-json\/wp\/v2\/media\/19572"}],"wp:attachment":[{"href":"https:\/\/www.europesstore.com\/en\/wp-json\/wp\/v2\/media?parent=19499"}],"wp:term":[{"taxonomy":"product_brand","embeddable":true,"href":"https:\/\/www.europesstore.com\/en\/wp-json\/wp\/v2\/product_brand?post=19499"},{"taxonomy":"product_cat","embeddable":true,"href":"https:\/\/www.europesstore.com\/en\/wp-json\/wp\/v2\/product_cat?post=19499"},{"taxonomy":"product_tag","embeddable":true,"href":"https:\/\/www.europesstore.com\/en\/wp-json\/wp\/v2\/product_tag?post=19499"}],"curies":[{"name":"wp","href":"https:\/\/api.w.org\/{rel}","templated":true}]}}