{"id":19682,"date":"2026-01-12T17:25:09","date_gmt":"2026-01-12T17:25:09","guid":{"rendered":"https:\/\/www.europesstore.com\/?post_type=product&#038;p=19682"},"modified":"2026-01-12T17:29:11","modified_gmt":"2026-01-12T17:29:11","slug":"nova-cepli-oysho-ikili-takim-tk100306-siyah","status":"publish","type":"product","link":"https:\/\/www.europesstore.com\/en\/product\/nova-cepli-oysho-ikili-takim-tk100306-siyah\/","title":{"rendered":"Nova Cepli Oysho \u0130kili Tak\u0131m TK100306 &#8211; Siyah"},"content":{"rendered":"<h2>&#x2728; Nova Cepli Oysho \u0130kili Tak\u0131m<\/h2>\n<p>&nbsp;<\/p>\n<p>Konfor ve l\u00fcks\u00fcn birle\u015fimi! Bomber <b>detayl\u0131 ikili tak\u0131m<\/b> ile g\u00fcnl\u00fck \u015f\u0131kl\u0131\u011f\u0131n\u0131z\u0131 bir \u00fcst seviyeye ta\u015f\u0131y\u0131n.<\/p>\n<p><b>Neden Tercih Etmelisiniz?<\/b><\/p>\n<p>Geleneksel e\u015fofman tak\u0131m\u0131 rahatl\u0131\u011f\u0131n\u0131, modern ve iddial\u0131 bir g\u00f6r\u00fcn\u00fcmle birle\u015ftirir. \u00d6zel g\u00fcnlerinizde veya g\u00fcnl\u00fck hayatta <b>zahmetsizce l\u00fcks<\/b> g\u00f6r\u00fcnmek i\u00e7in idealdir. Spor ayakkab\u0131 veya topuklu botlarla kombinleyebilirsiniz.<\/p>\n<p>\u00dcr\u00fcn \u00d6l\u00e7\u00fcleri<\/p>\n<p>S-M-L<\/p>\n<p>Model 1.66 cm 60 kg S beden tercih edildi<\/p>","protected":false},"excerpt":{"rendered":"<p>&#x2728; Nova Cepli Oysho \u0130kili Tak\u0131m &nbsp; Konfor ve l\u00fcks\u00fcn birle\u015fimi! Bomber detayl\u0131 ikili tak\u0131m ile g\u00fcnl\u00fck \u015f\u0131kl\u0131\u011f\u0131n\u0131z\u0131 bir \u00fcst seviyeye ta\u015f\u0131y\u0131n. Neden Tercih Etmelisiniz? Geleneksel e\u015fofman tak\u0131m\u0131 rahatl\u0131\u011f\u0131n\u0131, modern ve iddial\u0131 bir g\u00f6r\u00fcn\u00fcmle birle\u015ftirir. \u00d6zel g\u00fcnlerinizde veya g\u00fcnl\u00fck hayatta zahmetsizce l\u00fcks g\u00f6r\u00fcnmek i\u00e7in idealdir. Spor ayakkab\u0131 veya topuklu botlarla kombinleyebilirsiniz. \u00dcr\u00fcn \u00d6l\u00e7\u00fcleri S-M-L Model [&hellip;]<\/p>","protected":false},"featured_media":19712,"comment_status":"closed","ping_status":"closed","template":"","meta":[],"product_brand":[],"product_cat":[967,970],"product_tag":[],"class_list":{"0":"post-19682","1":"product","2":"type-product","3":"status-publish","4":"has-post-thumbnail","6":"product_cat-accessories","7":"product_cat-takim","9":"first","10":"outofstock","11":"sale","12":"shipping-taxable","13":"purchasable","14":"product-type-variable"},"jetpack_sharing_enabled":true,"_links":{"self":[{"href":"https:\/\/www.europesstore.com\/en\/wp-json\/wp\/v2\/product\/19682","targetHints":{"allow":["GET"]}}],"collection":[{"href":"https:\/\/www.europesstore.com\/en\/wp-json\/wp\/v2\/product"}],"about":[{"href":"https:\/\/www.europesstore.com\/en\/wp-json\/wp\/v2\/types\/product"}],"replies":[{"embeddable":true,"href":"https:\/\/www.europesstore.com\/en\/wp-json\/wp\/v2\/comments?post=19682"}],"wp:featuredmedia":[{"embeddable":true,"href":"https:\/\/www.europesstore.com\/en\/wp-json\/wp\/v2\/media\/19712"}],"wp:attachment":[{"href":"https:\/\/www.europesstore.com\/en\/wp-json\/wp\/v2\/media?parent=19682"}],"wp:term":[{"taxonomy":"product_brand","embeddable":true,"href":"https:\/\/www.europesstore.com\/en\/wp-json\/wp\/v2\/product_brand?post=19682"},{"taxonomy":"product_cat","embeddable":true,"href":"https:\/\/www.europesstore.com\/en\/wp-json\/wp\/v2\/product_cat?post=19682"},{"taxonomy":"product_tag","embeddable":true,"href":"https:\/\/www.europesstore.com\/en\/wp-json\/wp\/v2\/product_tag?post=19682"}],"curies":[{"name":"wp","href":"https:\/\/api.w.org\/{rel}","templated":true}]}}