{"id":19699,"date":"2026-01-12T17:25:12","date_gmt":"2026-01-12T17:25:12","guid":{"rendered":"https:\/\/www.europesstore.com\/?post_type=product&#038;p=19699"},"modified":"2026-01-12T17:29:40","modified_gmt":"2026-01-12T17:29:40","slug":"oysho-omuz-pelerin-detay-ikili-takim-tk100360-taba","status":"publish","type":"product","link":"https:\/\/www.europesstore.com\/en\/product\/oysho-omuz-pelerin-detay-ikili-takim-tk100360-taba\/","title":{"rendered":"Oysho Omuz Pelerin Detay \u0130kili Tak\u0131m TK100360  &#8211; Taba"},"content":{"rendered":"<p>&nbsp;<\/p>\n<p><b>Detaylarda Sakl\u0131 Zarafet: Oysho \u0130kili Tak\u0131m<\/b><\/p>\n<p>G\u00fcnl\u00fck \u015f\u0131kl\u0131\u011f\u0131n\u0131z\u0131 bir \u00fcst seviyeye ta\u015f\u0131y\u0131n. Yumu\u015fak kuma\u015f\u0131 ve rahat kesimiyle konforu \u00f6n planda tutan bu Oysho ikili tak\u0131m, omuzlardaki hareketli pelerin detay\u0131yla s\u0131radanl\u0131ktan uzakla\u015f\u0131yor. Koyu m\u00fcrd\u00fcm tonu, mevsim ge\u00e7i\u015fleri ve sonbahar-k\u0131\u015f gard\u0131robunuz i\u00e7in zamans\u0131z bir se\u00e7enek sunuyor. \u0130ster topuklu ayakkab\u0131larla ister sneakerlarla kombinleyin, her ortamda kendinizi \u00f6zel hissedin.<\/p>\n<p>\u00dcr\u00fcn Tan\u0131m\u0131<br \/>\nOysho kuma\u015ft\u0131r<\/p>\n<p>\u00dcr\u00fcn \u00d6l\u00e7\u00fcleri<\/p>\n<p>1(36\/38) &#8211; 2(40\/42) beden uyumludur<\/p>\n<p>Model 1.66 cm 60 kg 1 beden tercih edildi<\/p>\n<p>\u00dcst Boy : 80 cm<br \/>\nAlt Boy : 105 cm<\/p>","protected":false},"excerpt":{"rendered":"<p>&nbsp; Detaylarda Sakl\u0131 Zarafet: Oysho \u0130kili Tak\u0131m G\u00fcnl\u00fck \u015f\u0131kl\u0131\u011f\u0131n\u0131z\u0131 bir \u00fcst seviyeye ta\u015f\u0131y\u0131n. Yumu\u015fak kuma\u015f\u0131 ve rahat kesimiyle konforu \u00f6n planda tutan bu Oysho ikili tak\u0131m, omuzlardaki hareketli pelerin detay\u0131yla s\u0131radanl\u0131ktan uzakla\u015f\u0131yor. Koyu m\u00fcrd\u00fcm tonu, mevsim ge\u00e7i\u015fleri ve sonbahar-k\u0131\u015f gard\u0131robunuz i\u00e7in zamans\u0131z bir se\u00e7enek sunuyor. \u0130ster topuklu ayakkab\u0131larla ister sneakerlarla kombinleyin, her ortamda kendinizi \u00f6zel [&hellip;]<\/p>","protected":false},"featured_media":19751,"comment_status":"open","ping_status":"closed","template":"","meta":[],"product_brand":[],"product_cat":[967,970],"product_tag":[],"class_list":{"0":"post-19699","1":"product","2":"type-product","3":"status-publish","4":"has-post-thumbnail","6":"product_cat-accessories","7":"product_cat-takim","9":"first","10":"instock","11":"sale","12":"shipping-taxable","13":"purchasable","14":"product-type-variable"},"jetpack_sharing_enabled":true,"_links":{"self":[{"href":"https:\/\/www.europesstore.com\/en\/wp-json\/wp\/v2\/product\/19699","targetHints":{"allow":["GET"]}}],"collection":[{"href":"https:\/\/www.europesstore.com\/en\/wp-json\/wp\/v2\/product"}],"about":[{"href":"https:\/\/www.europesstore.com\/en\/wp-json\/wp\/v2\/types\/product"}],"replies":[{"embeddable":true,"href":"https:\/\/www.europesstore.com\/en\/wp-json\/wp\/v2\/comments?post=19699"}],"wp:featuredmedia":[{"embeddable":true,"href":"https:\/\/www.europesstore.com\/en\/wp-json\/wp\/v2\/media\/19751"}],"wp:attachment":[{"href":"https:\/\/www.europesstore.com\/en\/wp-json\/wp\/v2\/media?parent=19699"}],"wp:term":[{"taxonomy":"product_brand","embeddable":true,"href":"https:\/\/www.europesstore.com\/en\/wp-json\/wp\/v2\/product_brand?post=19699"},{"taxonomy":"product_cat","embeddable":true,"href":"https:\/\/www.europesstore.com\/en\/wp-json\/wp\/v2\/product_cat?post=19699"},{"taxonomy":"product_tag","embeddable":true,"href":"https:\/\/www.europesstore.com\/en\/wp-json\/wp\/v2\/product_tag?post=19699"}],"curies":[{"name":"wp","href":"https:\/\/api.w.org\/{rel}","templated":true}]}}