{"id":19719,"date":"2026-01-12T17:25:47","date_gmt":"2026-01-12T17:25:47","guid":{"rendered":"https:\/\/www.europesstore.com\/?post_type=product&#038;p=19719"},"modified":"2026-01-12T17:29:54","modified_gmt":"2026-01-12T17:29:54","slug":"boyfriend-kadin-jean-pantolon-pnt100368-ekru","status":"publish","type":"product","link":"https:\/\/www.europesstore.com\/en\/product\/boyfriend-kadin-jean-pantolon-pnt100368-ekru\/","title":{"rendered":"Boyfriend Kad\u0131n Jean Pantolon  PNT100368 &#8211; Ekru"},"content":{"rendered":"<p><strong>Boyfriend Kad\u0131n Jean Pantolon<\/strong><\/p>\n<p>Gard\u0131robunuzun joker par\u00e7alar\u0131 olmaya aday, y\u00fcksek belin konforuyla tasarlanm\u0131\u015f bu denimler,<br \/>\nstilinizi zahmetsizce bir \u00fcst seviyeye ta\u015f\u0131yacak.<\/p>","protected":false},"excerpt":{"rendered":"<p>Boyfriend Kad\u0131n Jean Pantolon Gard\u0131robunuzun joker par\u00e7alar\u0131 olmaya aday, y\u00fcksek belin konforuyla tasarlanm\u0131\u015f bu denimler, stilinizi zahmetsizce bir \u00fcst seviyeye ta\u015f\u0131yacak.<\/p>","protected":false},"featured_media":19778,"comment_status":"closed","ping_status":"closed","template":"","meta":[],"product_brand":[],"product_cat":[967],"product_tag":[],"class_list":{"0":"post-19719","1":"product","2":"type-product","3":"status-publish","4":"has-post-thumbnail","6":"product_cat-accessories","8":"first","9":"outofstock","10":"sale","11":"shipping-taxable","12":"purchasable","13":"product-type-variable"},"jetpack_sharing_enabled":true,"_links":{"self":[{"href":"https:\/\/www.europesstore.com\/en\/wp-json\/wp\/v2\/product\/19719","targetHints":{"allow":["GET"]}}],"collection":[{"href":"https:\/\/www.europesstore.com\/en\/wp-json\/wp\/v2\/product"}],"about":[{"href":"https:\/\/www.europesstore.com\/en\/wp-json\/wp\/v2\/types\/product"}],"replies":[{"embeddable":true,"href":"https:\/\/www.europesstore.com\/en\/wp-json\/wp\/v2\/comments?post=19719"}],"wp:featuredmedia":[{"embeddable":true,"href":"https:\/\/www.europesstore.com\/en\/wp-json\/wp\/v2\/media\/19778"}],"wp:attachment":[{"href":"https:\/\/www.europesstore.com\/en\/wp-json\/wp\/v2\/media?parent=19719"}],"wp:term":[{"taxonomy":"product_brand","embeddable":true,"href":"https:\/\/www.europesstore.com\/en\/wp-json\/wp\/v2\/product_brand?post=19719"},{"taxonomy":"product_cat","embeddable":true,"href":"https:\/\/www.europesstore.com\/en\/wp-json\/wp\/v2\/product_cat?post=19719"},{"taxonomy":"product_tag","embeddable":true,"href":"https:\/\/www.europesstore.com\/en\/wp-json\/wp\/v2\/product_tag?post=19719"}],"curies":[{"name":"wp","href":"https:\/\/api.w.org\/{rel}","templated":true}]}}