{"id":19745,"date":"2026-01-12T17:26:43","date_gmt":"2026-01-12T17:26:43","guid":{"rendered":"https:\/\/www.europesstore.com\/?post_type=product&#038;p=19745"},"modified":"2026-01-12T17:30:14","modified_gmt":"2026-01-12T17:30:14","slug":"soi-tasarim-elbise-kemer-sal-hediye-elb100403-taba","status":"publish","type":"product","link":"https:\/\/www.europesstore.com\/en\/product\/soi-tasarim-elbise-kemer-sal-hediye-elb100403-taba\/","title":{"rendered":"Soi Tasar\u0131m Elbise (Kemer &#038; \u015eal Hediye)  ELB100403  \u2013 Taba"},"content":{"rendered":"<p>\u015e\u0131kl\u0131\u011f\u0131 ve modernizmi bir araya getiren bu \u00f6zel tasar\u0131m maksi elbise ile gard\u0131robunuzun en g\u00f6zde par\u00e7as\u0131na sahip olun.<\/p>\n<p><b>Tasar\u0131m Detaylar\u0131:<\/b><\/p>\n<ul>\n<li><b>Kuma\u015f Kontrast\u0131:<\/b> V\u00fccudun \u00fcst orta k\u0131sm\u0131nda yer alan tok duru\u015flu, s\u0131cak <b>kahve tonlar\u0131ndaki \u00f6rme<\/b> kuma\u015f ile etek ve kollarda kullan\u0131lan l\u00fcks g\u00f6r\u00fcn\u00fcml\u00fc <b>vegan deri<\/b> kuma\u015f\u0131n m\u00fckemmel uyumu.<\/li>\n<li><b>Zarif Sil\u00fcet:<\/b> Y\u00fcksek yaka ve beli kemer detay\u0131yla vurgulanan, alt k\u0131sm\u0131 klo\u015f inen etek kesimi sayesinde her bedende zarif bir duru\u015f sunar. Maksi boyu ile tesett\u00fcr giyime uygun \u015f\u0131k bir alternatiftir.<\/li>\n<\/ul>\n<p><strong>\u00dcr\u00fcn \u00d6zellikleri :\u00a0<\/strong><\/p>\n<p>\u00dcr\u00fcn Tan\u0131m\u0131<br \/>\nderi ve\u00a0 \u00a0triko kuma\u015f<\/p>\n<p>\u00dcr\u00fcn \u00d6l\u00e7\u00fcleri<\/p>\n<p>s-m-l-xl<\/p>\n<p>Model 1.66 cm 60 kg 1 beden tercih edildi<\/p>\n<p>&nbsp;<\/p>","protected":false},"excerpt":{"rendered":"<p>\u015e\u0131kl\u0131\u011f\u0131 ve modernizmi bir araya getiren bu \u00f6zel tasar\u0131m maksi elbise ile gard\u0131robunuzun en g\u00f6zde par\u00e7as\u0131na sahip olun. Tasar\u0131m Detaylar\u0131: Kuma\u015f Kontrast\u0131: V\u00fccudun \u00fcst orta k\u0131sm\u0131nda yer alan tok duru\u015flu, s\u0131cak kahve tonlar\u0131ndaki \u00f6rme kuma\u015f ile etek ve kollarda kullan\u0131lan l\u00fcks g\u00f6r\u00fcn\u00fcml\u00fc vegan deri kuma\u015f\u0131n m\u00fckemmel uyumu. Zarif Sil\u00fcet: Y\u00fcksek yaka ve beli kemer detay\u0131yla [&hellip;]<\/p>","protected":false},"featured_media":19803,"comment_status":"open","ping_status":"closed","template":"","meta":[],"product_brand":[],"product_cat":[967,969],"product_tag":[],"class_list":{"0":"post-19745","1":"product","2":"type-product","3":"status-publish","4":"has-post-thumbnail","6":"product_cat-accessories","7":"product_cat-elbise","9":"first","10":"outofstock","11":"sale","12":"shipping-taxable","13":"purchasable","14":"product-type-variable"},"jetpack_sharing_enabled":true,"_links":{"self":[{"href":"https:\/\/www.europesstore.com\/en\/wp-json\/wp\/v2\/product\/19745","targetHints":{"allow":["GET"]}}],"collection":[{"href":"https:\/\/www.europesstore.com\/en\/wp-json\/wp\/v2\/product"}],"about":[{"href":"https:\/\/www.europesstore.com\/en\/wp-json\/wp\/v2\/types\/product"}],"replies":[{"embeddable":true,"href":"https:\/\/www.europesstore.com\/en\/wp-json\/wp\/v2\/comments?post=19745"}],"wp:featuredmedia":[{"embeddable":true,"href":"https:\/\/www.europesstore.com\/en\/wp-json\/wp\/v2\/media\/19803"}],"wp:attachment":[{"href":"https:\/\/www.europesstore.com\/en\/wp-json\/wp\/v2\/media?parent=19745"}],"wp:term":[{"taxonomy":"product_brand","embeddable":true,"href":"https:\/\/www.europesstore.com\/en\/wp-json\/wp\/v2\/product_brand?post=19745"},{"taxonomy":"product_cat","embeddable":true,"href":"https:\/\/www.europesstore.com\/en\/wp-json\/wp\/v2\/product_cat?post=19745"},{"taxonomy":"product_tag","embeddable":true,"href":"https:\/\/www.europesstore.com\/en\/wp-json\/wp\/v2\/product_tag?post=19745"}],"curies":[{"name":"wp","href":"https:\/\/api.w.org\/{rel}","templated":true}]}}