{"id":19923,"date":"2026-01-12T17:30:01","date_gmt":"2026-01-12T17:30:01","guid":{"rendered":"https:\/\/www.europesstore.com\/?post_type=product&#038;p=19923"},"modified":"2026-01-12T17:35:25","modified_gmt":"2026-01-12T17:35:25","slug":"madonna-elbise-sal-hediye-elb100405-gri","status":"publish","type":"product","link":"https:\/\/www.europesstore.com\/en\/product\/madonna-elbise-sal-hediye-elb100405-gri\/","title":{"rendered":"Madonna Elbise (\u015eal Hediye)  ELB100405  \u2013 Gri"},"content":{"rendered":"<p><strong>\u00a0ZAMANSIZ \u015eIKLIK\u00a0<\/strong><\/p>\n<p><b>Tasar\u0131m Detaylar\u0131:<\/b><\/p>\n<ul>\n<li>Tok duru\u015flu, kaliteli kuma\u015ftan \u00fcretilmi\u015f, zarif <b>bir elbise\u00a0 .<\/b><\/li>\n<\/ul>\n<p>\u00dcr\u00fcn \u00d6l\u00e7\u00fcleri<\/p>\n<p>s-m-l-xl<\/p>\n<p>Model 1.66 cm 60 kg 1 beden tercih edildi<\/p>\n<p>&nbsp;<\/p>","protected":false},"excerpt":{"rendered":"<p>\u00a0ZAMANSIZ \u015eIKLIK\u00a0 Tasar\u0131m Detaylar\u0131: Tok duru\u015flu, kaliteli kuma\u015ftan \u00fcretilmi\u015f, zarif bir elbise\u00a0 . \u00dcr\u00fcn \u00d6l\u00e7\u00fcleri s-m-l-xl Model 1.66 cm 60 kg 1 beden tercih edildi &nbsp;<\/p>","protected":false},"featured_media":19925,"comment_status":"open","ping_status":"closed","template":"","meta":[],"product_brand":[],"product_cat":[967,969],"product_tag":[],"class_list":{"0":"post-19923","1":"product","2":"type-product","3":"status-publish","4":"has-post-thumbnail","6":"product_cat-accessories","7":"product_cat-elbise","9":"first","10":"instock","11":"sale","12":"shipping-taxable","13":"purchasable","14":"product-type-variable"},"jetpack_sharing_enabled":true,"_links":{"self":[{"href":"https:\/\/www.europesstore.com\/en\/wp-json\/wp\/v2\/product\/19923","targetHints":{"allow":["GET"]}}],"collection":[{"href":"https:\/\/www.europesstore.com\/en\/wp-json\/wp\/v2\/product"}],"about":[{"href":"https:\/\/www.europesstore.com\/en\/wp-json\/wp\/v2\/types\/product"}],"replies":[{"embeddable":true,"href":"https:\/\/www.europesstore.com\/en\/wp-json\/wp\/v2\/comments?post=19923"}],"wp:featuredmedia":[{"embeddable":true,"href":"https:\/\/www.europesstore.com\/en\/wp-json\/wp\/v2\/media\/19925"}],"wp:attachment":[{"href":"https:\/\/www.europesstore.com\/en\/wp-json\/wp\/v2\/media?parent=19923"}],"wp:term":[{"taxonomy":"product_brand","embeddable":true,"href":"https:\/\/www.europesstore.com\/en\/wp-json\/wp\/v2\/product_brand?post=19923"},{"taxonomy":"product_cat","embeddable":true,"href":"https:\/\/www.europesstore.com\/en\/wp-json\/wp\/v2\/product_cat?post=19923"},{"taxonomy":"product_tag","embeddable":true,"href":"https:\/\/www.europesstore.com\/en\/wp-json\/wp\/v2\/product_tag?post=19923"}],"curies":[{"name":"wp","href":"https:\/\/api.w.org\/{rel}","templated":true}]}}