{"id":19932,"date":"2026-01-12T17:30:17","date_gmt":"2026-01-12T17:30:17","guid":{"rendered":"https:\/\/www.europesstore.com\/?post_type=product&#038;p=19932"},"modified":"2026-01-12T17:35:25","modified_gmt":"2026-01-12T17:35:25","slug":"moli-cepli-kusakli-takim-tkm100408-asker-yesili","status":"publish","type":"product","link":"https:\/\/www.europesstore.com\/en\/product\/moli-cepli-kusakli-takim-tkm100408-asker-yesili\/","title":{"rendered":"Moli Cepli Ku\u015fakl\u0131 Tak\u0131m TKM100408  \u2013  Asker Ye\u015fili"},"content":{"rendered":"<p><strong>\u00a0ZAMANSIZ \u015eIKLIK\u00a0<\/strong><\/p>\n<p><b>Tasar\u0131m Detaylar\u0131:<\/b><\/p>\n<ul>\n<li>Tok duru\u015flu, kaliteli kuma\u015ftan \u00fcretilmi\u015f, zarif <b>bir elbise\u00a0 .<\/b><\/li>\n<\/ul>\n<p>\u00dcr\u00fcn \u00d6l\u00e7\u00fcleri<\/p>\n<p>1 beden<\/p>\n<p>Model 1.66 cm 60 kg 1 beden tercih edildi<\/p>\n<p>&nbsp;<\/p>","protected":false},"excerpt":{"rendered":"<p>\u00a0ZAMANSIZ \u015eIKLIK\u00a0 Tasar\u0131m Detaylar\u0131: Tok duru\u015flu, kaliteli kuma\u015ftan \u00fcretilmi\u015f, zarif bir elbise\u00a0 . \u00dcr\u00fcn \u00d6l\u00e7\u00fcleri 1 beden Model 1.66 cm 60 kg 1 beden tercih edildi &nbsp;<\/p>","protected":false},"featured_media":19970,"comment_status":"open","ping_status":"closed","template":"","meta":[],"product_brand":[],"product_cat":[967,970],"product_tag":[],"class_list":{"0":"post-19932","1":"product","2":"type-product","3":"status-publish","4":"has-post-thumbnail","6":"product_cat-accessories","7":"product_cat-takim","9":"first","10":"outofstock","11":"sale","12":"shipping-taxable","13":"purchasable","14":"product-type-variable"},"jetpack_sharing_enabled":true,"_links":{"self":[{"href":"https:\/\/www.europesstore.com\/en\/wp-json\/wp\/v2\/product\/19932","targetHints":{"allow":["GET"]}}],"collection":[{"href":"https:\/\/www.europesstore.com\/en\/wp-json\/wp\/v2\/product"}],"about":[{"href":"https:\/\/www.europesstore.com\/en\/wp-json\/wp\/v2\/types\/product"}],"replies":[{"embeddable":true,"href":"https:\/\/www.europesstore.com\/en\/wp-json\/wp\/v2\/comments?post=19932"}],"wp:featuredmedia":[{"embeddable":true,"href":"https:\/\/www.europesstore.com\/en\/wp-json\/wp\/v2\/media\/19970"}],"wp:attachment":[{"href":"https:\/\/www.europesstore.com\/en\/wp-json\/wp\/v2\/media?parent=19932"}],"wp:term":[{"taxonomy":"product_brand","embeddable":true,"href":"https:\/\/www.europesstore.com\/en\/wp-json\/wp\/v2\/product_brand?post=19932"},{"taxonomy":"product_cat","embeddable":true,"href":"https:\/\/www.europesstore.com\/en\/wp-json\/wp\/v2\/product_cat?post=19932"},{"taxonomy":"product_tag","embeddable":true,"href":"https:\/\/www.europesstore.com\/en\/wp-json\/wp\/v2\/product_tag?post=19932"}],"curies":[{"name":"wp","href":"https:\/\/api.w.org\/{rel}","templated":true}]}}