{"id":19933,"date":"2026-01-12T17:30:17","date_gmt":"2026-01-12T17:30:17","guid":{"rendered":"https:\/\/www.europesstore.com\/?post_type=product&#038;p=19933"},"modified":"2026-01-12T17:35:26","modified_gmt":"2026-01-12T17:35:26","slug":"mony-saten-etek-etk100409-pastel-yesil","status":"publish","type":"product","link":"https:\/\/www.europesstore.com\/en\/product\/mony-saten-etek-etk100409-pastel-yesil\/","title":{"rendered":"Mony Saten Etek ETK100409 \u2013 Pastel Ye\u015fil"},"content":{"rendered":"<p>&nbsp;<\/p>\n<h2>I\u015f\u0131lt\u0131l\u0131 ve Rahat: Saten Etek<\/h2>\n<p>&nbsp;<\/p>\n<p><b>L\u00fcks Saten Kuma\u015f:<\/b> Yumu\u015fak dokusu ve g\u00f6z al\u0131c\u0131 parlakl\u0131\u011f\u0131 ile saten, ete\u011fe zengin ve sofistike bir hava katar. I\u015f\u0131kta dans eden kuma\u015f, her ad\u0131mda zarafetinizi sergiler.<b>\u00a0<\/b><\/p>\n<ul>\n<li><b>Kombin Kolayl\u0131\u011f\u0131:<\/b> \u0130ster spor bir ti\u015f\u00f6rtle g\u00fcnl\u00fck \u015f\u0131kl\u0131k yarat\u0131n, ister \u015f\u0131k bir bluz ve topuklu ayakkab\u0131 ile \u00f6zel davetlere haz\u0131rlan\u0131n. D\u00f6rt mevsim kombinlerinizin vazge\u00e7ilmezi olacak.<\/li>\n<\/ul>\n<p><b>\u00dcr\u00fcn Detaylar\u0131:<\/b><\/p>\n<ul>\n<li><b>Kuma\u015f:<\/b> Saten<\/li>\n<li><b>Kullan\u0131m:<\/b> Makinede hassas y\u0131kama \u00f6nerilir.<\/li>\n<\/ul>\n<p>Bu etekle \u015f\u0131kl\u0131\u011f\u0131 ve konforu bir arada ya\u015fay\u0131n!<\/p>","protected":false},"excerpt":{"rendered":"<p>&nbsp; I\u015f\u0131lt\u0131l\u0131 ve Rahat: Saten Etek &nbsp; L\u00fcks Saten Kuma\u015f: Yumu\u015fak dokusu ve g\u00f6z al\u0131c\u0131 parlakl\u0131\u011f\u0131 ile saten, ete\u011fe zengin ve sofistike bir hava katar. I\u015f\u0131kta dans eden kuma\u015f, her ad\u0131mda zarafetinizi sergiler.\u00a0 Kombin Kolayl\u0131\u011f\u0131: \u0130ster spor bir ti\u015f\u00f6rtle g\u00fcnl\u00fck \u015f\u0131kl\u0131k yarat\u0131n, ister \u015f\u0131k bir bluz ve topuklu ayakkab\u0131 ile \u00f6zel davetlere haz\u0131rlan\u0131n. D\u00f6rt mevsim [&hellip;]<\/p>","protected":false},"featured_media":19971,"comment_status":"closed","ping_status":"closed","template":"","meta":[],"product_brand":[],"product_cat":[967],"product_tag":[],"class_list":{"0":"post-19933","1":"product","2":"type-product","3":"status-publish","4":"has-post-thumbnail","6":"product_cat-accessories","8":"first","9":"outofstock","10":"sale","11":"shipping-taxable","12":"purchasable","13":"product-type-variable"},"jetpack_sharing_enabled":true,"_links":{"self":[{"href":"https:\/\/www.europesstore.com\/en\/wp-json\/wp\/v2\/product\/19933","targetHints":{"allow":["GET"]}}],"collection":[{"href":"https:\/\/www.europesstore.com\/en\/wp-json\/wp\/v2\/product"}],"about":[{"href":"https:\/\/www.europesstore.com\/en\/wp-json\/wp\/v2\/types\/product"}],"replies":[{"embeddable":true,"href":"https:\/\/www.europesstore.com\/en\/wp-json\/wp\/v2\/comments?post=19933"}],"wp:featuredmedia":[{"embeddable":true,"href":"https:\/\/www.europesstore.com\/en\/wp-json\/wp\/v2\/media\/19971"}],"wp:attachment":[{"href":"https:\/\/www.europesstore.com\/en\/wp-json\/wp\/v2\/media?parent=19933"}],"wp:term":[{"taxonomy":"product_brand","embeddable":true,"href":"https:\/\/www.europesstore.com\/en\/wp-json\/wp\/v2\/product_brand?post=19933"},{"taxonomy":"product_cat","embeddable":true,"href":"https:\/\/www.europesstore.com\/en\/wp-json\/wp\/v2\/product_cat?post=19933"},{"taxonomy":"product_tag","embeddable":true,"href":"https:\/\/www.europesstore.com\/en\/wp-json\/wp\/v2\/product_tag?post=19933"}],"curies":[{"name":"wp","href":"https:\/\/api.w.org\/{rel}","templated":true}]}}