{"id":19934,"date":"2026-01-12T17:30:17","date_gmt":"2026-01-12T17:30:17","guid":{"rendered":"https:\/\/www.europesstore.com\/?post_type=product&#038;p=19934"},"modified":"2026-01-12T17:31:10","modified_gmt":"2026-01-12T17:31:10","slug":"misa-deri-kalp-kemerli-gomlek-gml100409-bordo","status":"publish","type":"product","link":"https:\/\/www.europesstore.com\/en\/product\/misa-deri-kalp-kemerli-gomlek-gml100409-bordo\/","title":{"rendered":"Mi\u015fa Deri Kalp Kemerli G\u00f6mlek  GML100409  \u2013 Bordo"},"content":{"rendered":"<p><b>Kalp Kemer Detayl\u0131 Vegan Deri G\u00f6mlek Ceket<\/b><\/p>\n<p>Sonbahar ve k\u0131\u015f stilinize l\u00fcks bir dokunu\u015f katacak, modern ve iddial\u0131 vegan deri g\u00f6mlek ceket.<\/p>\n<p><b>Tasar\u0131m Detaylar\u0131:<\/b><\/p>\n<ul>\n<li><b>Trend Kuma\u015f:<\/b> Yumu\u015fak dokulu, mat g\u00f6r\u00fcn\u00fcml\u00fc, y\u00fcksek kaliteli <b>vegan deri<\/b> kuma\u015ftan \u00fcretilmi\u015ftir.<\/li>\n<li><b>\u015e\u0131k Sil\u00fcet:<\/b> Uzun kesimi ve rahat kal\u0131b\u0131 sayesinde g\u00f6mlek veya ince ceket olarak kullan\u0131labilir. \u00d6n\u00fc d\u00fc\u011fmeli ve yakal\u0131 klasik g\u00f6mlek formundad\u0131r.<\/li>\n<li><b>G\u00f6z Al\u0131c\u0131 Detay:<\/b> G\u00f6mle\u011fin belini zarif\u00e7e saran ve modele karakter katan, gold renkli kalp tokal\u0131 ince kemer detay\u0131 ile birlikte sunulur. (Kemer fiyata dahildir.)<\/li>\n<li><b>Renk:<\/b> Zamans\u0131z \u015f\u0131kl\u0131\u011f\u0131 temsil eden, zengin ve derin <b>kahverengi (vizon\/mocha) tonu.<\/b><\/li>\n<\/ul>\n<p><b>Beden Bilgisi:<\/b><\/p>\n<ul>\n<li><b>Standart Beden (STD):<\/b> Bu \u00fcr\u00fcn, geni\u015f ve rahat kal\u0131b\u0131 sayesinde genellikle S, M ve L beden aral\u0131\u011f\u0131ndaki (36-42) kullan\u0131c\u0131lara uyum sa\u011flayacak \u015fekilde tasarlanm\u0131\u015ft\u0131r.<\/li>\n<\/ul>","protected":false},"excerpt":{"rendered":"<p>Kalp Kemer Detayl\u0131 Vegan Deri G\u00f6mlek Ceket Sonbahar ve k\u0131\u015f stilinize l\u00fcks bir dokunu\u015f katacak, modern ve iddial\u0131 vegan deri g\u00f6mlek ceket. Tasar\u0131m Detaylar\u0131: Trend Kuma\u015f: Yumu\u015fak dokulu, mat g\u00f6r\u00fcn\u00fcml\u00fc, y\u00fcksek kaliteli vegan deri kuma\u015ftan \u00fcretilmi\u015ftir. \u015e\u0131k Sil\u00fcet: Uzun kesimi ve rahat kal\u0131b\u0131 sayesinde g\u00f6mlek veya ince ceket olarak kullan\u0131labilir. \u00d6n\u00fc d\u00fc\u011fmeli ve yakal\u0131 klasik [&hellip;]<\/p>","protected":false},"featured_media":19972,"comment_status":"open","ping_status":"closed","template":"","meta":[],"product_brand":[],"product_cat":[967],"product_tag":[],"class_list":{"0":"post-19934","1":"product","2":"type-product","3":"status-publish","4":"has-post-thumbnail","6":"product_cat-accessories","8":"first","9":"outofstock","10":"sale","11":"shipping-taxable","12":"purchasable","13":"product-type-simple"},"jetpack_sharing_enabled":true,"_links":{"self":[{"href":"https:\/\/www.europesstore.com\/en\/wp-json\/wp\/v2\/product\/19934","targetHints":{"allow":["GET"]}}],"collection":[{"href":"https:\/\/www.europesstore.com\/en\/wp-json\/wp\/v2\/product"}],"about":[{"href":"https:\/\/www.europesstore.com\/en\/wp-json\/wp\/v2\/types\/product"}],"replies":[{"embeddable":true,"href":"https:\/\/www.europesstore.com\/en\/wp-json\/wp\/v2\/comments?post=19934"}],"wp:featuredmedia":[{"embeddable":true,"href":"https:\/\/www.europesstore.com\/en\/wp-json\/wp\/v2\/media\/19972"}],"wp:attachment":[{"href":"https:\/\/www.europesstore.com\/en\/wp-json\/wp\/v2\/media?parent=19934"}],"wp:term":[{"taxonomy":"product_brand","embeddable":true,"href":"https:\/\/www.europesstore.com\/en\/wp-json\/wp\/v2\/product_brand?post=19934"},{"taxonomy":"product_cat","embeddable":true,"href":"https:\/\/www.europesstore.com\/en\/wp-json\/wp\/v2\/product_cat?post=19934"},{"taxonomy":"product_tag","embeddable":true,"href":"https:\/\/www.europesstore.com\/en\/wp-json\/wp\/v2\/product_tag?post=19934"}],"curies":[{"name":"wp","href":"https:\/\/api.w.org\/{rel}","templated":true}]}}