{"id":19935,"date":"2026-01-12T17:30:17","date_gmt":"2026-01-12T17:30:17","guid":{"rendered":"https:\/\/www.europesstore.com\/?post_type=product&#038;p=19935"},"modified":"2026-01-12T17:35:26","modified_gmt":"2026-01-12T17:35:26","slug":"kase-dokumlu-sal-yaka-cepli-kaban-ckt100410-taba","status":"publish","type":"product","link":"https:\/\/www.europesstore.com\/en\/product\/kase-dokumlu-sal-yaka-cepli-kaban-ckt100410-taba\/","title":{"rendered":"Ka\u015fe D\u00f6k\u00fcml\u00fc \u015eal Yaka Cepli Kaban CKT100410- Taba"},"content":{"rendered":"<div class=\"ng-tns-c1381495863-47\">\n<section id=\"processing-state-3\" class=\"processing-state_container ng-tns-c1381495863-47 is-gpi-avatar ng-trigger ng-trigger-processingStateShowHide ng-star-inserted is-done-processing\">\n<div id=\"processing-state-3-summary\" class=\"processing-state_details ng-trigger ng-trigger-menuExpansion ng-tns-c1381495863-47 is-gpi-avatar ng-star-inserted\" aria-hidden=\"true\">\n<div class=\"tool-summary ng-tns-c1381495863-47\">\n<div class=\"tool-summary-message ng-tns-c1381495863-47 gds-body-l ng-star-inserted\">\n<div class=\"ng-tns-c1381495863-47\"><\/div>\n<\/div>\n<\/div>\n<\/div>\n<\/section>\n<\/div>\n<div class=\"response-content ng-tns-c19309299-46\">\n<div id=\"model-response-message-contentr_2ddd551acf6ad3cc\" class=\"markdown markdown-main-panel enable-updated-hr-color\" dir=\"ltr\">\n<p>Sonbahar ve k\u0131\u015f aylar\u0131n\u0131n vazge\u00e7ilmezi olacak, klasik ve zamans\u0131z bir \u015f\u0131kl\u0131k sunan maksi boy ka\u015fe kaban.<\/p>\n<p><b>Tasar\u0131m Detaylar\u0131:<\/b><\/p>\n<ul>\n<li><b>Kuma\u015f ve Duru\u015f:<\/b>\u00a0Y\u00fcksek kaliteli, yumu\u015fak dokulu\u00a0<b>ka\u015fe<\/b>\u00a0kuma\u015ftan \u00fcretilmi\u015ftir. Tok duru\u015fu sayesinde \u00fczerinizde daima asil ve d\u00fczenli bir g\u00f6r\u00fcn\u00fcm sa\u011flar.<\/li>\n<li><b>Klasik Kesim:<\/b>\u00a0Diz hizas\u0131nda biten maksi boyu, geni\u015f kruvaze yaka detay\u0131 ve \u00f6n k\u0131s\u0131mda yer alan \u00e7ift d\u00fc\u011fmeli kapatma sistemi ile geleneksel kaban \u015f\u0131kl\u0131\u011f\u0131n\u0131 modern bir formda sunar.<\/li>\n<li><b>Renk:<\/b>\u00a0Haki ve karamel aras\u0131nda yer alan, her kombinle uyum sa\u011flayacak zengin ve s\u0131cak\u00a0<b>t\u00fct\u00fcn\/camel<\/b>\u00a0tonu.<\/li>\n<li><b>Konfor:<\/b>\u00a0Rahat kal\u0131b\u0131 sayesinde kal\u0131n kazaklar veya katmanl\u0131 kombinler \u00fczerine kolayca giyilebilir.<\/li>\n<\/ul>\n<p><b>Kullan\u0131m Alan\u0131:<\/b>\u00a0G\u00fcndelik \u015f\u0131kl\u0131ktan \u00f6zel davetlere kadar her ortamda stilinizi tamamlayacak anahtar bir par\u00e7ad\u0131r. \u0130ster pantolonlarla ister elbiselerle kombinleyin, daima sofistike bir g\u00f6r\u00fcn\u00fcm elde edeceksiniz.<\/p>\n<\/div>\n<\/div>","protected":false},"excerpt":{"rendered":"<p>Sonbahar ve k\u0131\u015f aylar\u0131n\u0131n vazge\u00e7ilmezi olacak, klasik ve zamans\u0131z bir \u015f\u0131kl\u0131k sunan maksi boy ka\u015fe kaban. Tasar\u0131m Detaylar\u0131: Kuma\u015f ve Duru\u015f:\u00a0Y\u00fcksek kaliteli, yumu\u015fak dokulu\u00a0ka\u015fe\u00a0kuma\u015ftan \u00fcretilmi\u015ftir. Tok duru\u015fu sayesinde \u00fczerinizde daima asil ve d\u00fczenli bir g\u00f6r\u00fcn\u00fcm sa\u011flar. Klasik Kesim:\u00a0Diz hizas\u0131nda biten maksi boyu, geni\u015f kruvaze yaka detay\u0131 ve \u00f6n k\u0131s\u0131mda yer alan \u00e7ift d\u00fc\u011fmeli kapatma sistemi [&hellip;]<\/p>","protected":false},"featured_media":19978,"comment_status":"closed","ping_status":"closed","template":"","meta":[],"product_brand":[],"product_cat":[967,1005],"product_tag":[],"class_list":{"0":"post-19935","1":"product","2":"type-product","3":"status-publish","4":"has-post-thumbnail","6":"product_cat-accessories","7":"product_cat-kaban","9":"first","10":"outofstock","11":"sale","12":"shipping-taxable","13":"purchasable","14":"product-type-variable"},"jetpack_sharing_enabled":true,"_links":{"self":[{"href":"https:\/\/www.europesstore.com\/en\/wp-json\/wp\/v2\/product\/19935","targetHints":{"allow":["GET"]}}],"collection":[{"href":"https:\/\/www.europesstore.com\/en\/wp-json\/wp\/v2\/product"}],"about":[{"href":"https:\/\/www.europesstore.com\/en\/wp-json\/wp\/v2\/types\/product"}],"replies":[{"embeddable":true,"href":"https:\/\/www.europesstore.com\/en\/wp-json\/wp\/v2\/comments?post=19935"}],"wp:featuredmedia":[{"embeddable":true,"href":"https:\/\/www.europesstore.com\/en\/wp-json\/wp\/v2\/media\/19978"}],"wp:attachment":[{"href":"https:\/\/www.europesstore.com\/en\/wp-json\/wp\/v2\/media?parent=19935"}],"wp:term":[{"taxonomy":"product_brand","embeddable":true,"href":"https:\/\/www.europesstore.com\/en\/wp-json\/wp\/v2\/product_brand?post=19935"},{"taxonomy":"product_cat","embeddable":true,"href":"https:\/\/www.europesstore.com\/en\/wp-json\/wp\/v2\/product_cat?post=19935"},{"taxonomy":"product_tag","embeddable":true,"href":"https:\/\/www.europesstore.com\/en\/wp-json\/wp\/v2\/product_tag?post=19935"}],"curies":[{"name":"wp","href":"https:\/\/api.w.org\/{rel}","templated":true}]}}