{"id":19937,"date":"2026-01-12T17:30:18","date_gmt":"2026-01-12T17:30:18","guid":{"rendered":"https:\/\/www.europesstore.com\/?post_type=product&#038;p=19937"},"modified":"2026-01-12T17:31:26","modified_gmt":"2026-01-12T17:31:26","slug":"sifir-kollu-iclik-elb100412-beyaz","status":"publish","type":"product","link":"https:\/\/www.europesstore.com\/en\/product\/sifir-kollu-iclik-elb100412-beyaz\/","title":{"rendered":"S\u0131f\u0131r Kollu \u0130\u00e7lik ELB100412- Beyaz"},"content":{"rendered":"<h2><\/h2>\n<p>Bedenler: Standart<\/p>\n<p>Gard\u0131robunuzun kurtar\u0131c\u0131 par\u00e7as\u0131! \u00d6zellikle <b>uzun tunikler, \u015feffaf elbiseler<\/b> veya <b>k\u0131sa \u00fcstler<\/b> alt\u0131na giymek i\u00e7in tasarlanm\u0131\u015f, <b>beyaz<\/b> renkte pratik bir i\u00e7liktir.<\/p>\n<ul>\n<li><b>\u00a0<\/b><\/li>\n<\/ul>\n<p><b>Neden Tercih Etmelisiniz?<\/b><\/p>\n<p>\u015e\u0131kl\u0131\u011f\u0131n\u0131zdan \u00f6d\u00fcn vermeden g\u00fcvenle hareket etmenizi sa\u011flar. Hem rahat hem de katmanl\u0131 giyim trendine an\u0131nda uyum sa\u011flar.<\/p>","protected":false},"excerpt":{"rendered":"<p>Bedenler: Standart Gard\u0131robunuzun kurtar\u0131c\u0131 par\u00e7as\u0131! \u00d6zellikle uzun tunikler, \u015feffaf elbiseler veya k\u0131sa \u00fcstler alt\u0131na giymek i\u00e7in tasarlanm\u0131\u015f, beyaz renkte pratik bir i\u00e7liktir. \u00a0 Neden Tercih Etmelisiniz? \u015e\u0131kl\u0131\u011f\u0131n\u0131zdan \u00f6d\u00fcn vermeden g\u00fcvenle hareket etmenizi sa\u011flar. Hem rahat hem de katmanl\u0131 giyim trendine an\u0131nda uyum sa\u011flar.<\/p>","protected":false},"featured_media":19981,"comment_status":"closed","ping_status":"closed","template":"","meta":[],"product_brand":[],"product_cat":[967],"product_tag":[],"class_list":{"0":"post-19937","1":"product","2":"type-product","3":"status-publish","4":"has-post-thumbnail","6":"product_cat-accessories","8":"first","9":"outofstock","10":"sale","11":"shipping-taxable","12":"purchasable","13":"product-type-simple"},"jetpack_sharing_enabled":true,"_links":{"self":[{"href":"https:\/\/www.europesstore.com\/en\/wp-json\/wp\/v2\/product\/19937","targetHints":{"allow":["GET"]}}],"collection":[{"href":"https:\/\/www.europesstore.com\/en\/wp-json\/wp\/v2\/product"}],"about":[{"href":"https:\/\/www.europesstore.com\/en\/wp-json\/wp\/v2\/types\/product"}],"replies":[{"embeddable":true,"href":"https:\/\/www.europesstore.com\/en\/wp-json\/wp\/v2\/comments?post=19937"}],"wp:featuredmedia":[{"embeddable":true,"href":"https:\/\/www.europesstore.com\/en\/wp-json\/wp\/v2\/media\/19981"}],"wp:attachment":[{"href":"https:\/\/www.europesstore.com\/en\/wp-json\/wp\/v2\/media?parent=19937"}],"wp:term":[{"taxonomy":"product_brand","embeddable":true,"href":"https:\/\/www.europesstore.com\/en\/wp-json\/wp\/v2\/product_brand?post=19937"},{"taxonomy":"product_cat","embeddable":true,"href":"https:\/\/www.europesstore.com\/en\/wp-json\/wp\/v2\/product_cat?post=19937"},{"taxonomy":"product_tag","embeddable":true,"href":"https:\/\/www.europesstore.com\/en\/wp-json\/wp\/v2\/product_tag?post=19937"}],"curies":[{"name":"wp","href":"https:\/\/api.w.org\/{rel}","templated":true}]}}