{"id":19938,"date":"2026-01-12T17:30:18","date_gmt":"2026-01-12T17:30:18","guid":{"rendered":"https:\/\/www.europesstore.com\/?post_type=product&#038;p=19938"},"modified":"2026-01-12T17:35:26","modified_gmt":"2026-01-12T17:35:26","slug":"lola-tasli-ikili-takim-sal-hediyetk100413-siyah","status":"publish","type":"product","link":"https:\/\/www.europesstore.com\/en\/product\/lola-tasli-ikili-takim-sal-hediyetk100413-siyah\/","title":{"rendered":"Lola Ta\u015fl\u0131 \u0130kili Tak\u0131m (\u015eal Hediye)TK100413  &#8211; Siyah"},"content":{"rendered":"<p>&nbsp;<\/p>\n<p><b>Lola Ta\u015fl\u0131 \u0130kili Tak\u0131m<\/b><\/p>\n<p>I\u015f\u0131lt\u0131y\u0131 rahatl\u0131kla bulu\u015fturan, sokak modas\u0131na sofistike bir dokunu\u015f katan <b>Lola Ta\u015fl\u0131\u00a0 \u0130kili Tak\u0131m<\/b> ile g\u00f6z kama\u015ft\u0131r\u0131n.<\/p>\n<p><b>Tasar\u0131m Detaylar\u0131:<\/b><\/p>\n<ul>\n<li><b>Kuma\u015f Dokusu:<\/b> Esnek, konforlu ve d\u00f6k\u00fcml\u00fc yap\u0131s\u0131yla g\u00fcn boyu rahatl\u0131k sunan, t\u00fcm y\u00fczeyine yay\u0131lm\u0131\u015f zarif <b>simli\/p\u0131r\u0131lt\u0131l\u0131 ipliklere sahip \u00f6zel \u00f6rme kuma\u015f<\/b>.<\/li>\n<li><b>\u00dcst Par\u00e7a (G\u00f6mlek\/Tunik):<\/b> Rahat ve bol kesimli, klasik yakal\u0131, uzun kollu g\u00f6mlek formunda tunik. \u0130ster i\u00e7ine sokarak, ister d\u0131\u015far\u0131da b\u0131rakarak farkl\u0131 stiller yarat\u0131labilir.<\/li>\n<li><b>Alt Par\u00e7a (Pantolon):<\/b> Y\u00fcksek bel, beli lastikli ve rahat pa\u00e7a kesimine sahip <b>bol pa\u00e7a pantolon<\/b>. D\u00f6k\u00fcml\u00fc kuma\u015f\u0131 sayesinde bacaklar\u0131 zarif bir \u015fekilde sarar.<\/li>\n<li><b>Renk:<\/b> Siyah ve gri tonlar\u0131n\u0131n simli ipliklerle harmanland\u0131\u011f\u0131, modern ve iddial\u0131 <b>metalik gri<\/b>.<\/li>\n<\/ul>\n<p><b>Kullan\u0131m Alan\u0131:<\/b> Bu tak\u0131m, spor ayakkab\u0131larla kombinlenerek g\u00fcnl\u00fck \u015f\u0131kl\u0131kta, topuklu ayakkab\u0131lar ve zincir detayl\u0131 bir \u00e7anta ile tamamlanarak \u00f6zel ak\u015fam etkinliklerinde veya davetlerde rahatl\u0131kla kullan\u0131labilir.<\/p>","protected":false},"excerpt":{"rendered":"<p>&nbsp; Lola Ta\u015fl\u0131 \u0130kili Tak\u0131m I\u015f\u0131lt\u0131y\u0131 rahatl\u0131kla bulu\u015fturan, sokak modas\u0131na sofistike bir dokunu\u015f katan Lola Ta\u015fl\u0131\u00a0 \u0130kili Tak\u0131m ile g\u00f6z kama\u015ft\u0131r\u0131n. Tasar\u0131m Detaylar\u0131: Kuma\u015f Dokusu: Esnek, konforlu ve d\u00f6k\u00fcml\u00fc yap\u0131s\u0131yla g\u00fcn boyu rahatl\u0131k sunan, t\u00fcm y\u00fczeyine yay\u0131lm\u0131\u015f zarif simli\/p\u0131r\u0131lt\u0131l\u0131 ipliklere sahip \u00f6zel \u00f6rme kuma\u015f. \u00dcst Par\u00e7a (G\u00f6mlek\/Tunik): Rahat ve bol kesimli, klasik yakal\u0131, uzun kollu [&hellip;]<\/p>","protected":false},"featured_media":19982,"comment_status":"open","ping_status":"closed","template":"","meta":[],"product_brand":[],"product_cat":[967,970],"product_tag":[],"class_list":{"0":"post-19938","1":"product","2":"type-product","3":"status-publish","4":"has-post-thumbnail","6":"product_cat-accessories","7":"product_cat-takim","9":"first","10":"outofstock","11":"sale","12":"shipping-taxable","13":"purchasable","14":"product-type-variable"},"jetpack_sharing_enabled":true,"_links":{"self":[{"href":"https:\/\/www.europesstore.com\/en\/wp-json\/wp\/v2\/product\/19938","targetHints":{"allow":["GET"]}}],"collection":[{"href":"https:\/\/www.europesstore.com\/en\/wp-json\/wp\/v2\/product"}],"about":[{"href":"https:\/\/www.europesstore.com\/en\/wp-json\/wp\/v2\/types\/product"}],"replies":[{"embeddable":true,"href":"https:\/\/www.europesstore.com\/en\/wp-json\/wp\/v2\/comments?post=19938"}],"wp:featuredmedia":[{"embeddable":true,"href":"https:\/\/www.europesstore.com\/en\/wp-json\/wp\/v2\/media\/19982"}],"wp:attachment":[{"href":"https:\/\/www.europesstore.com\/en\/wp-json\/wp\/v2\/media?parent=19938"}],"wp:term":[{"taxonomy":"product_brand","embeddable":true,"href":"https:\/\/www.europesstore.com\/en\/wp-json\/wp\/v2\/product_brand?post=19938"},{"taxonomy":"product_cat","embeddable":true,"href":"https:\/\/www.europesstore.com\/en\/wp-json\/wp\/v2\/product_cat?post=19938"},{"taxonomy":"product_tag","embeddable":true,"href":"https:\/\/www.europesstore.com\/en\/wp-json\/wp\/v2\/product_tag?post=19938"}],"curies":[{"name":"wp","href":"https:\/\/api.w.org\/{rel}","templated":true}]}}