{"id":19945,"date":"2026-01-12T17:30:19","date_gmt":"2026-01-12T17:30:19","guid":{"rendered":"https:\/\/www.europesstore.com\/?post_type=product&#038;p=19945"},"modified":"2026-01-12T17:32:17","modified_gmt":"2026-01-12T17:32:17","slug":"triko-ikili-takim-tk100433-gri","status":"publish","type":"product","link":"https:\/\/www.europesstore.com\/en\/product\/triko-ikili-takim-tk100433-gri\/","title":{"rendered":"Triko \u0130kili Tak\u0131m TK100433 &#8211; Gri"},"content":{"rendered":"<p>Triko \u015f\u0131kl\u0131\u011f\u0131n\u0131 modern bir yorumla bulu\u015fturan bu tak\u0131m ile sofistike bir stil yarat\u0131n. \u015eerit dokulu kuma\u015f\u0131, kruvaze kesimli ceket ve bol pa\u00e7a pantolonuyla hem ofiste hem de \u00f6zel davetlerde zahmetsiz \u015f\u0131kl\u0131k sunar. Kemer detay\u0131 ile belinizi vurgulay\u0131n, konforlu kuma\u015f\u0131n keyfini \u00e7\u0131kar\u0131n.<\/p>","protected":false},"excerpt":{"rendered":"<p>Triko \u015f\u0131kl\u0131\u011f\u0131n\u0131 modern bir yorumla bulu\u015fturan bu tak\u0131m ile sofistike bir stil yarat\u0131n. \u015eerit dokulu kuma\u015f\u0131, kruvaze kesimli ceket ve bol pa\u00e7a pantolonuyla hem ofiste hem de \u00f6zel davetlerde zahmetsiz \u015f\u0131kl\u0131k sunar. Kemer detay\u0131 ile belinizi vurgulay\u0131n, konforlu kuma\u015f\u0131n keyfini \u00e7\u0131kar\u0131n.<\/p>","protected":false},"featured_media":20002,"comment_status":"open","ping_status":"closed","template":"","meta":[],"product_brand":[],"product_cat":[967,970],"product_tag":[],"class_list":{"0":"post-19945","1":"product","2":"type-product","3":"status-publish","4":"has-post-thumbnail","6":"product_cat-accessories","7":"product_cat-takim","9":"first","10":"outofstock","11":"sale","12":"shipping-taxable","13":"purchasable","14":"product-type-simple"},"jetpack_sharing_enabled":true,"_links":{"self":[{"href":"https:\/\/www.europesstore.com\/en\/wp-json\/wp\/v2\/product\/19945","targetHints":{"allow":["GET"]}}],"collection":[{"href":"https:\/\/www.europesstore.com\/en\/wp-json\/wp\/v2\/product"}],"about":[{"href":"https:\/\/www.europesstore.com\/en\/wp-json\/wp\/v2\/types\/product"}],"replies":[{"embeddable":true,"href":"https:\/\/www.europesstore.com\/en\/wp-json\/wp\/v2\/comments?post=19945"}],"wp:featuredmedia":[{"embeddable":true,"href":"https:\/\/www.europesstore.com\/en\/wp-json\/wp\/v2\/media\/20002"}],"wp:attachment":[{"href":"https:\/\/www.europesstore.com\/en\/wp-json\/wp\/v2\/media?parent=19945"}],"wp:term":[{"taxonomy":"product_brand","embeddable":true,"href":"https:\/\/www.europesstore.com\/en\/wp-json\/wp\/v2\/product_brand?post=19945"},{"taxonomy":"product_cat","embeddable":true,"href":"https:\/\/www.europesstore.com\/en\/wp-json\/wp\/v2\/product_cat?post=19945"},{"taxonomy":"product_tag","embeddable":true,"href":"https:\/\/www.europesstore.com\/en\/wp-json\/wp\/v2\/product_tag?post=19945"}],"curies":[{"name":"wp","href":"https:\/\/api.w.org\/{rel}","templated":true}]}}