{"id":19964,"date":"2026-01-12T17:30:49","date_gmt":"2026-01-12T17:30:49","guid":{"rendered":"https:\/\/www.europesstore.com\/?post_type=product&#038;p=19964"},"modified":"2026-01-12T17:33:34","modified_gmt":"2026-01-12T17:33:34","slug":"sal-detayli-kaban-kemer-hediyeli-ds100433-ekru","status":"publish","type":"product","link":"https:\/\/www.europesstore.com\/en\/product\/sal-detayli-kaban-kemer-hediyeli-ds100433-ekru\/","title":{"rendered":"\u015eal Detayl\u0131 Kaban (Kemer Hediyeli)  D\u015e100433 &#8211; Ekru"},"content":{"rendered":"<p>&nbsp;<\/p>\n<p data-start=\"112\" data-end=\"461\">\u015e\u0131kl\u0131\u011f\u0131 ve konforu bir araya getiren bu ka\u015fe kuma\u015f kaban, zarif detaylar\u0131yla stilinizi tamaml\u0131yor. Omuz k\u0131sm\u0131ndaki \u015fal detay\u0131yla modern bir dokunu\u015f kazanan model, yumu\u015fak dokusuyla so\u011fuk havalarda s\u0131cak tutar. \u0130nce deri kemer \u00fcr\u00fcnle birlikte hediye olarak g\u00f6nderilmektedir. Astarl\u0131 yap\u0131s\u0131 sayesinde rahat bir kullan\u0131m sunar.<\/p>\n<p data-start=\"463\" data-end=\"486\"><strong data-start=\"463\" data-end=\"484\">\u00dcr\u00fcn \u00d6zellikleri:<\/strong><\/p>\n<ul data-start=\"487\" data-end=\"650\">\n<li data-start=\"487\" data-end=\"502\">\n<p data-start=\"489\" data-end=\"502\">Kuma\u015f: Ka\u015fe<\/p>\n<\/li>\n<li data-start=\"503\" data-end=\"530\">\n<p data-start=\"505\" data-end=\"530\">Detay: Omuzda \u015fal formu<\/p>\n<\/li>\n<li data-start=\"531\" data-end=\"566\">\n<p data-start=\"533\" data-end=\"566\">Kemer: \u0130nce deri kemer (hediye)<\/p>\n<\/li>\n<li data-start=\"567\" data-end=\"586\">\n<p data-start=\"569\" data-end=\"586\">Astarl\u0131 i\u00e7 yap\u0131<\/p>\n<\/li>\n<li data-start=\"587\" data-end=\"635\">\n<p data-start=\"589\" data-end=\"635\">Standart beden (36\u201342 beden aras\u0131 uyumludur)<\/p>\n<\/li>\n<li data-start=\"636\" data-end=\"650\">\n<p data-start=\"638\" data-end=\"650\">Boy: 75 cm<\/p>\n<\/li>\n<\/ul>\n<p data-start=\"652\" data-end=\"730\"><strong data-start=\"652\" data-end=\"670\">Model Bilgisi:<\/strong><br data-start=\"670\" data-end=\"673\" \/>Model boyu 1.66 cm, kilosu 60 kg, 38 beden giymektedir.<\/p>\n<p>&nbsp;<\/p>","protected":false},"excerpt":{"rendered":"<p>&nbsp; \u015e\u0131kl\u0131\u011f\u0131 ve konforu bir araya getiren bu ka\u015fe kuma\u015f kaban, zarif detaylar\u0131yla stilinizi tamaml\u0131yor. Omuz k\u0131sm\u0131ndaki \u015fal detay\u0131yla modern bir dokunu\u015f kazanan model, yumu\u015fak dokusuyla so\u011fuk havalarda s\u0131cak tutar. \u0130nce deri kemer \u00fcr\u00fcnle birlikte hediye olarak g\u00f6nderilmektedir. Astarl\u0131 yap\u0131s\u0131 sayesinde rahat bir kullan\u0131m sunar. \u00dcr\u00fcn \u00d6zellikleri: Kuma\u015f: Ka\u015fe Detay: Omuzda \u015fal formu Kemer: \u0130nce [&hellip;]<\/p>","protected":false},"featured_media":20033,"comment_status":"closed","ping_status":"closed","template":"","meta":[],"product_brand":[],"product_cat":[967,1005],"product_tag":[],"class_list":{"0":"post-19964","1":"product","2":"type-product","3":"status-publish","4":"has-post-thumbnail","6":"product_cat-accessories","7":"product_cat-kaban","9":"first","10":"onbackorder","11":"sale","12":"shipping-taxable","13":"purchasable","14":"product-type-simple"},"jetpack_sharing_enabled":true,"_links":{"self":[{"href":"https:\/\/www.europesstore.com\/en\/wp-json\/wp\/v2\/product\/19964","targetHints":{"allow":["GET"]}}],"collection":[{"href":"https:\/\/www.europesstore.com\/en\/wp-json\/wp\/v2\/product"}],"about":[{"href":"https:\/\/www.europesstore.com\/en\/wp-json\/wp\/v2\/types\/product"}],"replies":[{"embeddable":true,"href":"https:\/\/www.europesstore.com\/en\/wp-json\/wp\/v2\/comments?post=19964"}],"wp:featuredmedia":[{"embeddable":true,"href":"https:\/\/www.europesstore.com\/en\/wp-json\/wp\/v2\/media\/20033"}],"wp:attachment":[{"href":"https:\/\/www.europesstore.com\/en\/wp-json\/wp\/v2\/media?parent=19964"}],"wp:term":[{"taxonomy":"product_brand","embeddable":true,"href":"https:\/\/www.europesstore.com\/en\/wp-json\/wp\/v2\/product_brand?post=19964"},{"taxonomy":"product_cat","embeddable":true,"href":"https:\/\/www.europesstore.com\/en\/wp-json\/wp\/v2\/product_cat?post=19964"},{"taxonomy":"product_tag","embeddable":true,"href":"https:\/\/www.europesstore.com\/en\/wp-json\/wp\/v2\/product_tag?post=19964"}],"curies":[{"name":"wp","href":"https:\/\/api.w.org\/{rel}","templated":true}]}}