{"id":19976,"date":"2026-01-12T17:31:12","date_gmt":"2026-01-12T17:31:12","guid":{"rendered":"https:\/\/www.europesstore.com\/?post_type=product&#038;p=19976"},"modified":"2026-01-12T17:36:14","modified_gmt":"2026-01-12T17:36:14","slug":"esla-scuba-etekli-takimsal-hediye-tk100432-bej","status":"publish","type":"product","link":"https:\/\/www.europesstore.com\/en\/product\/esla-scuba-etekli-takimsal-hediye-tk100432-bej\/","title":{"rendered":"Esla Scuba Etekli Tak\u0131m(\u015eAL HED\u0130YE) TK100432 &#8211; Bej"},"content":{"rendered":"<p><b>Scuba Etekli Tak\u0131m<\/b><\/p>\n<p>Siyah\u0131n asaletini modern bir dokunu\u015fla birle\u015ftiren bu scuba etekli tak\u0131m ile stilinizi konu\u015fturun. Bel vurgulu ceket ve klo\u015f etek kesimi sayesinde hem \u015f\u0131k hem de rahat bir g\u00f6r\u00fcn\u00fcm elde edin. Spor ayakkab\u0131 ile kombinleyerek haval\u0131, dinamik bir tarz yakalay\u0131n!<\/p>\n<p>&nbsp;<\/p>\n<p>Model 1.66 cm 60 kg S beden tercih edildi<\/p>\n<p>&nbsp;<\/p>","protected":false},"excerpt":{"rendered":"<p>Scuba Etekli Tak\u0131m Siyah\u0131n asaletini modern bir dokunu\u015fla birle\u015ftiren bu scuba etekli tak\u0131m ile stilinizi konu\u015fturun. Bel vurgulu ceket ve klo\u015f etek kesimi sayesinde hem \u015f\u0131k hem de rahat bir g\u00f6r\u00fcn\u00fcm elde edin. Spor ayakkab\u0131 ile kombinleyerek haval\u0131, dinamik bir tarz yakalay\u0131n! &nbsp; Model 1.66 cm 60 kg S beden tercih edildi &nbsp;<\/p>","protected":false},"featured_media":20057,"comment_status":"open","ping_status":"closed","template":"","meta":[],"product_brand":[],"product_cat":[967,970],"product_tag":[],"class_list":{"0":"post-19976","1":"product","2":"type-product","3":"status-publish","4":"has-post-thumbnail","6":"product_cat-accessories","7":"product_cat-takim","9":"first","10":"outofstock","11":"sale","12":"shipping-taxable","13":"purchasable","14":"product-type-variable"},"jetpack_sharing_enabled":true,"_links":{"self":[{"href":"https:\/\/www.europesstore.com\/en\/wp-json\/wp\/v2\/product\/19976","targetHints":{"allow":["GET"]}}],"collection":[{"href":"https:\/\/www.europesstore.com\/en\/wp-json\/wp\/v2\/product"}],"about":[{"href":"https:\/\/www.europesstore.com\/en\/wp-json\/wp\/v2\/types\/product"}],"replies":[{"embeddable":true,"href":"https:\/\/www.europesstore.com\/en\/wp-json\/wp\/v2\/comments?post=19976"}],"wp:featuredmedia":[{"embeddable":true,"href":"https:\/\/www.europesstore.com\/en\/wp-json\/wp\/v2\/media\/20057"}],"wp:attachment":[{"href":"https:\/\/www.europesstore.com\/en\/wp-json\/wp\/v2\/media?parent=19976"}],"wp:term":[{"taxonomy":"product_brand","embeddable":true,"href":"https:\/\/www.europesstore.com\/en\/wp-json\/wp\/v2\/product_brand?post=19976"},{"taxonomy":"product_cat","embeddable":true,"href":"https:\/\/www.europesstore.com\/en\/wp-json\/wp\/v2\/product_cat?post=19976"},{"taxonomy":"product_tag","embeddable":true,"href":"https:\/\/www.europesstore.com\/en\/wp-json\/wp\/v2\/product_tag?post=19976"}],"curies":[{"name":"wp","href":"https:\/\/api.w.org\/{rel}","templated":true}]}}