{"id":19997,"date":"2026-01-12T17:32:06","date_gmt":"2026-01-12T17:32:06","guid":{"rendered":"https:\/\/www.europesstore.com\/?post_type=product&#038;p=19997"},"modified":"2026-01-12T17:36:14","modified_gmt":"2026-01-12T17:36:14","slug":"ges-holi-tasarim-sweat-swt100438-siyah","status":"publish","type":"product","link":"https:\/\/www.europesstore.com\/en\/product\/ges-holi-tasarim-sweat-swt100438-siyah\/","title":{"rendered":"Ges Holi Tasar\u0131m Sweat SWT100438- Siyah"},"content":{"rendered":"<div class=\"ng-tns-c1077202075-42\">\n<section id=\"processing-state-3\" class=\"processing-state_container ng-tns-c1077202075-42 is-gpi-avatar ng-trigger ng-trigger-processingStateShowHide ng-star-inserted is-done-processing\">\n<div id=\"processing-state-3-summary\" class=\"processing-state_details ng-trigger ng-trigger-menuExpansion ng-tns-c1077202075-42 is-gpi-avatar ng-star-inserted\" aria-hidden=\"true\">\n<p>&nbsp;<\/p>\n<\/div>\n<\/section>\n<\/div>\n<div class=\"response-content ng-tns-c253944506-41\">\n<div id=\"model-response-message-contentr_ad32422124e9085e\" class=\"markdown markdown-main-panel enable-updated-hr-color\" dir=\"ltr\">\n<p><b>Ta\u015f Detayl\u0131 Sweatshirt<\/b><\/p>\n<p>G\u00fcndelik \u015f\u0131kl\u0131\u011f\u0131n anahtar\u0131! <b>2 iplik pamuklu kuma\u015f\u0131<\/b> sayesinde g\u00fcn boyu konforlu ve nefes alan bir deneyim ya\u015fay\u0131n. \u00d6n\u00fcndeki \u0131\u015f\u0131lt\u0131l\u0131 ta\u015f detayl\u0131 \u00fc\u00e7gen logo ile sade ve iddial\u0131 bir duru\u015f sergileyin. \u0130ster etek ister pantolonla kombinleyin, stiliniz konu\u015fulsun.<\/p>\n<ul>\n<li><b>Kuma\u015f:<\/b> 2 \u0130plik Pamuklu<\/li>\n<li><b>Bedenler:<\/b> S-M-L<\/li>\n<\/ul>\n<\/div>\n<\/div>","protected":false},"excerpt":{"rendered":"<p>&nbsp; Ta\u015f Detayl\u0131 Sweatshirt G\u00fcndelik \u015f\u0131kl\u0131\u011f\u0131n anahtar\u0131! 2 iplik pamuklu kuma\u015f\u0131 sayesinde g\u00fcn boyu konforlu ve nefes alan bir deneyim ya\u015fay\u0131n. \u00d6n\u00fcndeki \u0131\u015f\u0131lt\u0131l\u0131 ta\u015f detayl\u0131 \u00fc\u00e7gen logo ile sade ve iddial\u0131 bir duru\u015f sergileyin. \u0130ster etek ister pantolonla kombinleyin, stiliniz konu\u015fulsun. Kuma\u015f: 2 \u0130plik Pamuklu Bedenler: S-M-L<\/p>","protected":false},"featured_media":20072,"comment_status":"closed","ping_status":"closed","template":"","meta":[],"product_brand":[],"product_cat":[967,1003],"product_tag":[],"class_list":{"0":"post-19997","1":"product","2":"type-product","3":"status-publish","4":"has-post-thumbnail","6":"product_cat-accessories","7":"product_cat-sweatshirt","9":"first","10":"outofstock","11":"sale","12":"shipping-taxable","13":"purchasable","14":"product-type-variable"},"jetpack_sharing_enabled":true,"_links":{"self":[{"href":"https:\/\/www.europesstore.com\/en\/wp-json\/wp\/v2\/product\/19997","targetHints":{"allow":["GET"]}}],"collection":[{"href":"https:\/\/www.europesstore.com\/en\/wp-json\/wp\/v2\/product"}],"about":[{"href":"https:\/\/www.europesstore.com\/en\/wp-json\/wp\/v2\/types\/product"}],"replies":[{"embeddable":true,"href":"https:\/\/www.europesstore.com\/en\/wp-json\/wp\/v2\/comments?post=19997"}],"wp:featuredmedia":[{"embeddable":true,"href":"https:\/\/www.europesstore.com\/en\/wp-json\/wp\/v2\/media\/20072"}],"wp:attachment":[{"href":"https:\/\/www.europesstore.com\/en\/wp-json\/wp\/v2\/media?parent=19997"}],"wp:term":[{"taxonomy":"product_brand","embeddable":true,"href":"https:\/\/www.europesstore.com\/en\/wp-json\/wp\/v2\/product_brand?post=19997"},{"taxonomy":"product_cat","embeddable":true,"href":"https:\/\/www.europesstore.com\/en\/wp-json\/wp\/v2\/product_cat?post=19997"},{"taxonomy":"product_tag","embeddable":true,"href":"https:\/\/www.europesstore.com\/en\/wp-json\/wp\/v2\/product_tag?post=19997"}],"curies":[{"name":"wp","href":"https:\/\/api.w.org\/{rel}","templated":true}]}}