{"id":20193,"date":"2026-01-12T17:36:20","date_gmt":"2026-01-12T17:36:20","guid":{"rendered":"https:\/\/www.europesstore.com\/?post_type=product&#038;p=20193"},"modified":"2026-01-12T17:41:08","modified_gmt":"2026-01-12T17:41:08","slug":"moniy-ayicik-detay-sweat-swt100448-beyaz","status":"publish","type":"product","link":"https:\/\/www.europesstore.com\/en\/product\/moniy-ayicik-detay-sweat-swt100448-beyaz\/","title":{"rendered":"Moniy Ay\u0131c\u0131k Detay Sweat SWT100448  &#8211; Beyaz"},"content":{"rendered":"<h3 data-start=\"92\" data-end=\"124\"><strong data-start=\"96\" data-end=\"124\">Moniy Ay\u0131c\u0131k Detay Sweat<\/strong><\/h3>\n<p data-start=\"126\" data-end=\"461\">Sezonun en sevimli trendi Moniy Ay\u0131c\u0131k Detay Sweat ile stiline enerjik bir dokunu\u015f kat!<br data-start=\"213\" data-end=\"216\" \/>Yumu\u015fac\u0131k iki iplik kuma\u015f\u0131 sayesinde g\u00fcn boyu konfor sa\u011flarken, \u00f6n k\u0131sm\u0131ndaki ikonik ay\u0131c\u0131k deseniyle sportif ve \u015f\u0131k bir g\u00f6r\u00fcn\u00fcm sunar.<br data-start=\"351\" data-end=\"354\" \/>Oversize kal\u0131b\u0131 ile rahat bir duru\u015f yakalayabilir, etek, jean ya da \u015fortlarla kolayca kombinleyebilirsin.<\/p>\n<p data-start=\"463\" data-end=\"489\">&#x1f9f8; <strong data-start=\"466\" data-end=\"487\">\u00dcr\u00fcn \u00d6zellikleri:<\/strong><\/p>\n<ul data-start=\"490\" data-end=\"614\">\n<li data-start=\"490\" data-end=\"510\">\n<p data-start=\"492\" data-end=\"510\">Kuma\u015f: \u0130ki iplik<\/p>\n<\/li>\n<li data-start=\"511\" data-end=\"534\">\n<p data-start=\"513\" data-end=\"534\">Bedenler: S \/ M \/ L<\/p>\n<\/li>\n<li data-start=\"535\" data-end=\"553\">\n<p data-start=\"537\" data-end=\"553\">Renk:\u00a0 Beyaz<\/p>\n<\/li>\n<li data-start=\"554\" data-end=\"586\">\n<p data-start=\"556\" data-end=\"586\">Detay: Nak\u0131\u015fl\u0131 ay\u0131c\u0131k motifi<\/p>\n<\/li>\n<li data-start=\"587\" data-end=\"614\">\n<p data-start=\"589\" data-end=\"614\">Kal\u0131p: Rahat (oversize)<\/p>\n<\/li>\n<\/ul>\n<p data-start=\"616\" data-end=\"702\">Hem g\u00fcnl\u00fck kullan\u0131mda hem de hafta sonu kombinlerinde rahatl\u0131kla tercih edebilirsin.<\/p>","protected":false},"excerpt":{"rendered":"<p>Moniy Ay\u0131c\u0131k Detay Sweat Sezonun en sevimli trendi Moniy Ay\u0131c\u0131k Detay Sweat ile stiline enerjik bir dokunu\u015f kat!Yumu\u015fac\u0131k iki iplik kuma\u015f\u0131 sayesinde g\u00fcn boyu konfor sa\u011flarken, \u00f6n k\u0131sm\u0131ndaki ikonik ay\u0131c\u0131k deseniyle sportif ve \u015f\u0131k bir g\u00f6r\u00fcn\u00fcm sunar.Oversize kal\u0131b\u0131 ile rahat bir duru\u015f yakalayabilir, etek, jean ya da \u015fortlarla kolayca kombinleyebilirsin. &#x1f9f8; \u00dcr\u00fcn \u00d6zellikleri: Kuma\u015f: \u0130ki [&hellip;]<\/p>","protected":false},"featured_media":20238,"comment_status":"closed","ping_status":"closed","template":"","meta":[],"product_brand":[],"product_cat":[967,1003],"product_tag":[],"class_list":{"0":"post-20193","1":"product","2":"type-product","3":"status-publish","4":"has-post-thumbnail","6":"product_cat-accessories","7":"product_cat-sweatshirt","9":"first","10":"instock","11":"sale","12":"shipping-taxable","13":"purchasable","14":"product-type-variable"},"jetpack_sharing_enabled":true,"_links":{"self":[{"href":"https:\/\/www.europesstore.com\/en\/wp-json\/wp\/v2\/product\/20193","targetHints":{"allow":["GET"]}}],"collection":[{"href":"https:\/\/www.europesstore.com\/en\/wp-json\/wp\/v2\/product"}],"about":[{"href":"https:\/\/www.europesstore.com\/en\/wp-json\/wp\/v2\/types\/product"}],"replies":[{"embeddable":true,"href":"https:\/\/www.europesstore.com\/en\/wp-json\/wp\/v2\/comments?post=20193"}],"wp:featuredmedia":[{"embeddable":true,"href":"https:\/\/www.europesstore.com\/en\/wp-json\/wp\/v2\/media\/20238"}],"wp:attachment":[{"href":"https:\/\/www.europesstore.com\/en\/wp-json\/wp\/v2\/media?parent=20193"}],"wp:term":[{"taxonomy":"product_brand","embeddable":true,"href":"https:\/\/www.europesstore.com\/en\/wp-json\/wp\/v2\/product_brand?post=20193"},{"taxonomy":"product_cat","embeddable":true,"href":"https:\/\/www.europesstore.com\/en\/wp-json\/wp\/v2\/product_cat?post=20193"},{"taxonomy":"product_tag","embeddable":true,"href":"https:\/\/www.europesstore.com\/en\/wp-json\/wp\/v2\/product_tag?post=20193"}],"curies":[{"name":"wp","href":"https:\/\/api.w.org\/{rel}","templated":true}]}}