{"id":20203,"date":"2026-01-12T17:36:22","date_gmt":"2026-01-12T17:36:22","guid":{"rendered":"https:\/\/www.europesstore.com\/?post_type=product&#038;p=20203"},"modified":"2026-01-12T17:41:08","modified_gmt":"2026-01-12T17:41:08","slug":"zaina-oysh-citcit-detay-ikili-takim-tkm100450-aci-kahve","status":"publish","type":"product","link":"https:\/\/www.europesstore.com\/en\/product\/zaina-oysh-citcit-detay-ikili-takim-tkm100450-aci-kahve\/","title":{"rendered":"Zaina Oysh \u00c7\u0131t\u00e7\u0131t Detay \u0130kili Tak\u0131m TKM100450 \u2013 Ac\u0131 Kahve"},"content":{"rendered":"<p>Zaina Oysh \u00c7\u0131t\u00e7\u0131t Detay \u0130kili Tak\u0131m<\/p>\n<p data-start=\"110\" data-end=\"528\">Yumu\u015fak dokusu ve bol kesimi sayesinde hem g\u00fcnl\u00fck hayatta hem de \u00f6zel anlarda rahatl\u0131kla tercih edebilece\u011finiz bu iki par\u00e7al\u0131 set, zahmetsiz \u015f\u0131kl\u0131\u011f\u0131n anahtar\u0131n\u0131 sunuyor. \u015e\u0131k <strong data-start=\"307\" data-end=\"327\">\u00e7\u0131t\u00e7\u0131t detaylar\u0131<\/strong>, tak\u0131ma modern bir dokunu\u015f katarken ayn\u0131 zamanda pratik bir kullan\u0131m kolayl\u0131\u011f\u0131 sa\u011flar. Minimal tasar\u0131m\u0131 ve zarif hatlar\u0131yla her stile uyum sa\u011flayan bu set, g\u00fcn boyu konforu ve tarz\u0131 bir arada sunar.<\/p>\n<p data-start=\"530\" data-end=\"579\"><strong data-start=\"530\" data-end=\"540\">Kuma\u015f:<\/strong> Oysho<br data-start=\"546\" data-end=\"549\" \/><strong data-start=\"549\" data-end=\"562\">Bedenler:<\/strong> S \u2013 M \u2013 L<\/p>","protected":false},"excerpt":{"rendered":"<p>Zaina Oysh \u00c7\u0131t\u00e7\u0131t Detay \u0130kili Tak\u0131m Yumu\u015fak dokusu ve bol kesimi sayesinde hem g\u00fcnl\u00fck hayatta hem de \u00f6zel anlarda rahatl\u0131kla tercih edebilece\u011finiz bu iki par\u00e7al\u0131 set, zahmetsiz \u015f\u0131kl\u0131\u011f\u0131n anahtar\u0131n\u0131 sunuyor. \u015e\u0131k \u00e7\u0131t\u00e7\u0131t detaylar\u0131, tak\u0131ma modern bir dokunu\u015f katarken ayn\u0131 zamanda pratik bir kullan\u0131m kolayl\u0131\u011f\u0131 sa\u011flar. Minimal tasar\u0131m\u0131 ve zarif hatlar\u0131yla her stile uyum sa\u011flayan bu [&hellip;]<\/p>","protected":false},"featured_media":20259,"comment_status":"closed","ping_status":"closed","template":"","meta":[],"product_brand":[],"product_cat":[967,970],"product_tag":[],"class_list":{"0":"post-20203","1":"product","2":"type-product","3":"status-publish","4":"has-post-thumbnail","6":"product_cat-accessories","7":"product_cat-takim","9":"first","10":"outofstock","11":"sale","12":"shipping-taxable","13":"purchasable","14":"product-type-variable"},"jetpack_sharing_enabled":true,"_links":{"self":[{"href":"https:\/\/www.europesstore.com\/en\/wp-json\/wp\/v2\/product\/20203","targetHints":{"allow":["GET"]}}],"collection":[{"href":"https:\/\/www.europesstore.com\/en\/wp-json\/wp\/v2\/product"}],"about":[{"href":"https:\/\/www.europesstore.com\/en\/wp-json\/wp\/v2\/types\/product"}],"replies":[{"embeddable":true,"href":"https:\/\/www.europesstore.com\/en\/wp-json\/wp\/v2\/comments?post=20203"}],"wp:featuredmedia":[{"embeddable":true,"href":"https:\/\/www.europesstore.com\/en\/wp-json\/wp\/v2\/media\/20259"}],"wp:attachment":[{"href":"https:\/\/www.europesstore.com\/en\/wp-json\/wp\/v2\/media?parent=20203"}],"wp:term":[{"taxonomy":"product_brand","embeddable":true,"href":"https:\/\/www.europesstore.com\/en\/wp-json\/wp\/v2\/product_brand?post=20203"},{"taxonomy":"product_cat","embeddable":true,"href":"https:\/\/www.europesstore.com\/en\/wp-json\/wp\/v2\/product_cat?post=20203"},{"taxonomy":"product_tag","embeddable":true,"href":"https:\/\/www.europesstore.com\/en\/wp-json\/wp\/v2\/product_tag?post=20203"}],"curies":[{"name":"wp","href":"https:\/\/api.w.org\/{rel}","templated":true}]}}