{"id":20215,"date":"2026-01-12T17:36:47","date_gmt":"2026-01-12T17:36:47","guid":{"rendered":"https:\/\/www.europesstore.com\/?post_type=product&#038;p=20215"},"modified":"2026-01-12T17:41:21","modified_gmt":"2026-01-12T17:41:21","slug":"kurklu-roliy-scuba-ikili-takim-tkm100451-bordo","status":"publish","type":"product","link":"https:\/\/www.europesstore.com\/en\/product\/kurklu-roliy-scuba-ikili-takim-tkm100451-bordo\/","title":{"rendered":"K\u00fcrkl\u00fc Roliy Scuba \u0130kili Tak\u0131m TKM100451 \u2013 Bordo"},"content":{"rendered":"<p>\u015e\u0131k ve modern tasar\u0131m\u0131yla dikkat \u00e7eken bu tak\u0131m, g\u00fcnl\u00fck kullan\u0131mda hem konforu hem de zarafeti bir arada sunuyor. Scuba kuma\u015ftan \u00fcretilmi\u015f olup esnek, tok ve k\u0131r\u0131\u015fmayan yap\u0131s\u0131yla g\u00fcn boyu rahat bir kullan\u0131m sa\u011flar. \u00dcst k\u0131sm\u0131 75-77 cm uzunlu\u011funda olup, belden ba\u011flamal\u0131 ku\u015fak detay\u0131 sayesinde v\u00fccut hatlar\u0131n\u0131 zarif\u00e7e ortaya \u00e7\u0131kar\u0131r. Gri tonlar\u0131ndaki \u00fcst, fermuarl\u0131 kapan\u0131\u015f\u0131 ve yaka ile kol u\u00e7lar\u0131ndaki k\u00fcrk detaylar\u0131yla sofistike bir g\u00f6r\u00fcn\u00fcm kazand\u0131r\u0131r. Alt k\u0131sm\u0131 110 cm uzunlu\u011funda, geni\u015f pa\u00e7a kesimiyle modern bir siluet olu\u015fturur.<\/p>\n<p data-start=\"554\" data-end=\"572\">Model Bilgileri:<\/p>\n<ul data-start=\"573\" data-end=\"621\">\n<li data-start=\"573\" data-end=\"596\">\n<p data-start=\"575\" data-end=\"596\">Manken Boyu: 1.70 m<\/p>\n<\/li>\n<li data-start=\"597\" data-end=\"621\">\n<p data-start=\"599\" data-end=\"621\">Manken Kilosu: 55 kg<\/p>\n<\/li>\n<\/ul>\n<p data-start=\"623\" data-end=\"639\">Kuma\u015f Bilgisi:<\/p>\n<ul data-start=\"640\" data-end=\"690\">\n<li data-start=\"640\" data-end=\"690\">\n<p data-start=\"642\" data-end=\"690\">Scuba kuma\u015f (tok, esnek, k\u0131r\u0131\u015fmayan yap\u0131dad\u0131r)<\/p>\n<\/li>\n<\/ul>\n<p>Manken Boyu: 1.70<\/p>\n<p>Manken Kg:55 kg<\/p>\n<p>\u00dcr\u00fcn \u00dcst Boyu:75-77 cm elle \u00f6l\u00e7\u00fcmlerde 2\/3 cm oynamaktad\u0131r<\/p>\n<p>\u00dcr\u00fcn Alt Boyu:110 cm<\/p>\n<p>\u00dcr\u00fcn Kuma\u015f\u0131: Scuba Kuma\u015f<\/p>","protected":false},"excerpt":{"rendered":"<p>\u015e\u0131k ve modern tasar\u0131m\u0131yla dikkat \u00e7eken bu tak\u0131m, g\u00fcnl\u00fck kullan\u0131mda hem konforu hem de zarafeti bir arada sunuyor. Scuba kuma\u015ftan \u00fcretilmi\u015f olup esnek, tok ve k\u0131r\u0131\u015fmayan yap\u0131s\u0131yla g\u00fcn boyu rahat bir kullan\u0131m sa\u011flar. \u00dcst k\u0131sm\u0131 75-77 cm uzunlu\u011funda olup, belden ba\u011flamal\u0131 ku\u015fak detay\u0131 sayesinde v\u00fccut hatlar\u0131n\u0131 zarif\u00e7e ortaya \u00e7\u0131kar\u0131r. Gri tonlar\u0131ndaki \u00fcst, fermuarl\u0131 kapan\u0131\u015f\u0131 ve [&hellip;]<\/p>","protected":false},"featured_media":20272,"comment_status":"closed","ping_status":"closed","template":"","meta":[],"product_brand":[],"product_cat":[967,970],"product_tag":[],"class_list":{"0":"post-20215","1":"product","2":"type-product","3":"status-publish","4":"has-post-thumbnail","6":"product_cat-accessories","7":"product_cat-takim","9":"first","10":"outofstock","11":"sale","12":"shipping-taxable","13":"purchasable","14":"product-type-variable"},"jetpack_sharing_enabled":true,"_links":{"self":[{"href":"https:\/\/www.europesstore.com\/en\/wp-json\/wp\/v2\/product\/20215","targetHints":{"allow":["GET"]}}],"collection":[{"href":"https:\/\/www.europesstore.com\/en\/wp-json\/wp\/v2\/product"}],"about":[{"href":"https:\/\/www.europesstore.com\/en\/wp-json\/wp\/v2\/types\/product"}],"replies":[{"embeddable":true,"href":"https:\/\/www.europesstore.com\/en\/wp-json\/wp\/v2\/comments?post=20215"}],"wp:featuredmedia":[{"embeddable":true,"href":"https:\/\/www.europesstore.com\/en\/wp-json\/wp\/v2\/media\/20272"}],"wp:attachment":[{"href":"https:\/\/www.europesstore.com\/en\/wp-json\/wp\/v2\/media?parent=20215"}],"wp:term":[{"taxonomy":"product_brand","embeddable":true,"href":"https:\/\/www.europesstore.com\/en\/wp-json\/wp\/v2\/product_brand?post=20215"},{"taxonomy":"product_cat","embeddable":true,"href":"https:\/\/www.europesstore.com\/en\/wp-json\/wp\/v2\/product_cat?post=20215"},{"taxonomy":"product_tag","embeddable":true,"href":"https:\/\/www.europesstore.com\/en\/wp-json\/wp\/v2\/product_tag?post=20215"}],"curies":[{"name":"wp","href":"https:\/\/api.w.org\/{rel}","templated":true}]}}