{"id":20218,"date":"2026-01-12T17:36:48","date_gmt":"2026-01-12T17:36:48","guid":{"rendered":"https:\/\/www.europesstore.com\/?post_type=product&#038;p=20218"},"modified":"2026-01-12T17:41:21","modified_gmt":"2026-01-12T17:41:21","slug":"daniela-trend-elbise-elb100452-saks-mavi","status":"publish","type":"product","link":"https:\/\/www.europesstore.com\/en\/product\/daniela-trend-elbise-elb100452-saks-mavi\/","title":{"rendered":"Daniela Trend Elbise ELB100452  \u2013 Saks Mavi"},"content":{"rendered":"<p>&nbsp;<\/p>\n<p data-start=\"96\" data-end=\"350\">Zarafeti ve konforu bir araya getiren Daniela Trend Elbise, sade ama etkileyici tasar\u0131m\u0131yla her ortamda dikkat \u00e7ekiyor. Yumu\u015fak kuma\u015f dokusu sayesinde g\u00fcn boyu rahatl\u0131k sunarken, modern kesimiyle \u015f\u0131kl\u0131\u011f\u0131n\u0131z\u0131 \u00f6n plana \u00e7\u0131kar\u0131r.<\/p>\n<ul data-start=\"352\" data-end=\"655\">\n<li data-start=\"352\" data-end=\"401\">\n<p data-start=\"354\" data-end=\"401\"><strong data-start=\"354\" data-end=\"369\">Kuma\u015f T\u00fcr\u00fc:<\/strong> Likral\u0131 2 iplik pamuk kar\u0131\u015f\u0131ml\u0131 kuma\u015f<\/p>\n<\/li>\n<li data-start=\"441\" data-end=\"492\">\n<p data-start=\"443\" data-end=\"492\"><strong data-start=\"443\" data-end=\"453\">Detay:<\/strong> Yuvarlak yaka, uzun kollu, d\u00fcz kesim<\/p>\n<\/li>\n<li data-start=\"493\" data-end=\"538\">\n<p data-start=\"495\" data-end=\"538\"><strong data-start=\"495\" data-end=\"505\">Kal\u0131p:<\/strong> Rahat kal\u0131p (oversize g\u00f6r\u00fcn\u00fcm)<\/p>\n<\/li>\n<li data-start=\"539\" data-end=\"566\">\n<p data-start=\"541\" data-end=\"566\"><strong data-start=\"541\" data-end=\"554\">Bedenler:<\/strong> S &#8211; M &#8211; L<\/p>\n<\/li>\n<li data-start=\"567\" data-end=\"655\">\n<p data-start=\"569\" data-end=\"655\"><strong data-start=\"569\" data-end=\"588\">Kullan\u0131m Alan\u0131:<\/strong> G\u00fcnl\u00fck, ofis, ak\u015fam davetleri veya sade kombinler i\u00e7in uygundur.<\/p>\n<\/li>\n<\/ul>\n<p data-start=\"657\" data-end=\"765\"><strong data-start=\"657\" data-end=\"674\">Stil \u00d6nerisi:<\/strong> Sneaker ile spor bir g\u00f6r\u00fcn\u00fcm, topuklu ayakkab\u0131 ile daha \u015f\u0131k bir tarz yakalayabilirsiniz.<\/p>","protected":false},"excerpt":{"rendered":"<p>&nbsp; Zarafeti ve konforu bir araya getiren Daniela Trend Elbise, sade ama etkileyici tasar\u0131m\u0131yla her ortamda dikkat \u00e7ekiyor. Yumu\u015fak kuma\u015f dokusu sayesinde g\u00fcn boyu rahatl\u0131k sunarken, modern kesimiyle \u015f\u0131kl\u0131\u011f\u0131n\u0131z\u0131 \u00f6n plana \u00e7\u0131kar\u0131r. Kuma\u015f T\u00fcr\u00fc: Likral\u0131 2 iplik pamuk kar\u0131\u015f\u0131ml\u0131 kuma\u015f Detay: Yuvarlak yaka, uzun kollu, d\u00fcz kesim Kal\u0131p: Rahat kal\u0131p (oversize g\u00f6r\u00fcn\u00fcm) Bedenler: S &#8211; [&hellip;]<\/p>","protected":false},"featured_media":20275,"comment_status":"open","ping_status":"closed","template":"","meta":[],"product_brand":[],"product_cat":[967,969],"product_tag":[],"class_list":{"0":"post-20218","1":"product","2":"type-product","3":"status-publish","4":"has-post-thumbnail","6":"product_cat-accessories","7":"product_cat-elbise","9":"first","10":"instock","11":"sale","12":"shipping-taxable","13":"purchasable","14":"product-type-variable"},"jetpack_sharing_enabled":true,"_links":{"self":[{"href":"https:\/\/www.europesstore.com\/en\/wp-json\/wp\/v2\/product\/20218","targetHints":{"allow":["GET"]}}],"collection":[{"href":"https:\/\/www.europesstore.com\/en\/wp-json\/wp\/v2\/product"}],"about":[{"href":"https:\/\/www.europesstore.com\/en\/wp-json\/wp\/v2\/types\/product"}],"replies":[{"embeddable":true,"href":"https:\/\/www.europesstore.com\/en\/wp-json\/wp\/v2\/comments?post=20218"}],"wp:featuredmedia":[{"embeddable":true,"href":"https:\/\/www.europesstore.com\/en\/wp-json\/wp\/v2\/media\/20275"}],"wp:attachment":[{"href":"https:\/\/www.europesstore.com\/en\/wp-json\/wp\/v2\/media?parent=20218"}],"wp:term":[{"taxonomy":"product_brand","embeddable":true,"href":"https:\/\/www.europesstore.com\/en\/wp-json\/wp\/v2\/product_brand?post=20218"},{"taxonomy":"product_cat","embeddable":true,"href":"https:\/\/www.europesstore.com\/en\/wp-json\/wp\/v2\/product_cat?post=20218"},{"taxonomy":"product_tag","embeddable":true,"href":"https:\/\/www.europesstore.com\/en\/wp-json\/wp\/v2\/product_tag?post=20218"}],"curies":[{"name":"wp","href":"https:\/\/api.w.org\/{rel}","templated":true}]}}