{"id":20229,"date":"2026-01-12T17:37:16","date_gmt":"2026-01-12T17:37:16","guid":{"rendered":"https:\/\/www.europesstore.com\/?post_type=product&#038;p=20229"},"modified":"2026-01-12T17:41:22","modified_gmt":"2026-01-12T17:41:22","slug":"samyella-trend-scuba-elbise-elb100453-kahve","status":"publish","type":"product","link":"https:\/\/www.europesstore.com\/en\/product\/samyella-trend-scuba-elbise-elb100453-kahve\/","title":{"rendered":"Samyella Trend Scuba Elbise ELB100453  \u2013 Kahve"},"content":{"rendered":"<p>&nbsp;<\/p>\n<p data-start=\"105\" data-end=\"328\">Minimalist tarz\u0131 ve zamans\u0131z duru\u015fuyla Daniela Trend Elbise, gard\u0131robunuzun favorisi olmaya aday. Esnek ve pamuklu 2 iplik kuma\u015f\u0131, g\u00fcn boyu konfor sa\u011flarken ayn\u0131 zamanda zarif bir g\u00f6r\u00fcn\u00fcm sunar.<\/p>\n<ul data-start=\"330\" data-end=\"630\">\n<li data-start=\"330\" data-end=\"382\">\n<p data-start=\"332\" data-end=\"382\"><strong data-start=\"332\" data-end=\"342\">Kuma\u015f:<\/strong> Likral\u0131 scuba kuma\u015f<\/p>\n<\/li>\n<li data-start=\"383\" data-end=\"442\">\n<p data-start=\"385\" data-end=\"442\"><strong data-start=\"385\" data-end=\"397\">Tasar\u0131m:<\/strong> Yuvarlak yaka, uzun kol, sade ve d\u00fcz kesim<\/p>\n<\/li>\n<li data-start=\"443\" data-end=\"488\">\n<p data-start=\"445\" data-end=\"488\"><strong data-start=\"445\" data-end=\"455\">Kal\u0131p:<\/strong> Rahat ve sala\u015f form (oversize)<\/p>\n<\/li>\n<li data-start=\"489\" data-end=\"525\">\n<p data-start=\"491\" data-end=\"525\"><strong data-start=\"491\" data-end=\"513\">Beden Se\u00e7enekleri:<\/strong> S &#8211; M &#8211; L<\/p>\n<\/li>\n<li data-start=\"526\" data-end=\"630\">\n<p data-start=\"528\" data-end=\"630\"><strong data-start=\"528\" data-end=\"547\">Kullan\u0131m Alan\u0131:<\/strong> G\u00fcnl\u00fck ya\u015famda, i\u015f yerinde ya da ak\u015fam bulu\u015fmalar\u0131nda kolayca tercih edilebilir.<\/p>\n<\/li>\n<\/ul>\n<p data-start=\"632\" data-end=\"764\"><strong data-start=\"632\" data-end=\"647\">Stil \u0130pucu:<\/strong> G\u00fcnl\u00fck \u015f\u0131kl\u0131k i\u00e7in spor ayakkab\u0131larla, daha sofistike bir g\u00f6r\u00fcn\u00fcm i\u00e7in topuklu ayakkab\u0131larla kombinleyebilirsiniz.<\/p>","protected":false},"excerpt":{"rendered":"<p>&nbsp; Minimalist tarz\u0131 ve zamans\u0131z duru\u015fuyla Daniela Trend Elbise, gard\u0131robunuzun favorisi olmaya aday. Esnek ve pamuklu 2 iplik kuma\u015f\u0131, g\u00fcn boyu konfor sa\u011flarken ayn\u0131 zamanda zarif bir g\u00f6r\u00fcn\u00fcm sunar. Kuma\u015f: Likral\u0131 scuba kuma\u015f Tasar\u0131m: Yuvarlak yaka, uzun kol, sade ve d\u00fcz kesim Kal\u0131p: Rahat ve sala\u015f form (oversize) Beden Se\u00e7enekleri: S &#8211; M &#8211; L [&hellip;]<\/p>","protected":false},"featured_media":20284,"comment_status":"open","ping_status":"closed","template":"","meta":[],"product_brand":[],"product_cat":[967,969],"product_tag":[],"class_list":{"0":"post-20229","1":"product","2":"type-product","3":"status-publish","4":"has-post-thumbnail","6":"product_cat-accessories","7":"product_cat-elbise","9":"first","10":"instock","11":"sale","12":"shipping-taxable","13":"purchasable","14":"product-type-variable"},"jetpack_sharing_enabled":true,"_links":{"self":[{"href":"https:\/\/www.europesstore.com\/en\/wp-json\/wp\/v2\/product\/20229","targetHints":{"allow":["GET"]}}],"collection":[{"href":"https:\/\/www.europesstore.com\/en\/wp-json\/wp\/v2\/product"}],"about":[{"href":"https:\/\/www.europesstore.com\/en\/wp-json\/wp\/v2\/types\/product"}],"replies":[{"embeddable":true,"href":"https:\/\/www.europesstore.com\/en\/wp-json\/wp\/v2\/comments?post=20229"}],"wp:featuredmedia":[{"embeddable":true,"href":"https:\/\/www.europesstore.com\/en\/wp-json\/wp\/v2\/media\/20284"}],"wp:attachment":[{"href":"https:\/\/www.europesstore.com\/en\/wp-json\/wp\/v2\/media?parent=20229"}],"wp:term":[{"taxonomy":"product_brand","embeddable":true,"href":"https:\/\/www.europesstore.com\/en\/wp-json\/wp\/v2\/product_brand?post=20229"},{"taxonomy":"product_cat","embeddable":true,"href":"https:\/\/www.europesstore.com\/en\/wp-json\/wp\/v2\/product_cat?post=20229"},{"taxonomy":"product_tag","embeddable":true,"href":"https:\/\/www.europesstore.com\/en\/wp-json\/wp\/v2\/product_tag?post=20229"}],"curies":[{"name":"wp","href":"https:\/\/api.w.org\/{rel}","templated":true}]}}