{"id":20233,"date":"2026-01-12T17:37:18","date_gmt":"2026-01-12T17:37:18","guid":{"rendered":"https:\/\/www.europesstore.com\/?post_type=product&#038;p=20233"},"modified":"2026-01-12T17:41:43","modified_gmt":"2026-01-12T17:41:43","slug":"monella-trend-kusgozlu-elbise-elb100455-saks-mavi","status":"publish","type":"product","link":"https:\/\/www.europesstore.com\/en\/product\/monella-trend-kusgozlu-elbise-elb100455-saks-mavi\/","title":{"rendered":"Monella Trend Ku\u015fg\u00f6zl\u00fc Elbise ELB100455  \u2013 Saks Mavi"},"content":{"rendered":"<p>&nbsp;<\/p>\n<\/p>\n<p data-start=\"105\" data-end=\"328\">Minimalist tarz\u0131 ve zamans\u0131z duru\u015fuyla Daniela Trend Elbise, gard\u0131robunuzun favorisi olmaya aday. Esnek ve pamuklu 2 iplik kuma\u015f\u0131, g\u00fcn boyu konfor sa\u011flarken ayn\u0131 zamanda zarif bir g\u00f6r\u00fcn\u00fcm sunar.<\/p>\n<\/p>\n<p><\/p>\n<\/p>\n<p data-start=\"632\" data-end=\"764\"><strong data-start=\"632\" data-end=\"647\">Stil \u0130pucu:<\/strong> G\u00fcnl\u00fck \u015f\u0131kl\u0131k i\u00e7in spor ayakkab\u0131larla, daha sofistike bir g\u00f6r\u00fcn\u00fcm i\u00e7in topuklu ayakkab\u0131larla kombinleyebilirsiniz.<\/p><\/p>","protected":false},"excerpt":{"rendered":"<p>&nbsp; Minimalist tarz\u0131 ve zamans\u0131z duru\u015fuyla Daniela Trend Elbise, gard\u0131robunuzun favorisi olmaya aday. Esnek ve pamuklu 2 iplik kuma\u015f\u0131, g\u00fcn boyu konfor sa\u011flarken ayn\u0131 zamanda zarif bir g\u00f6r\u00fcn\u00fcm sunar. Stil \u0130pucu: G\u00fcnl\u00fck \u015f\u0131kl\u0131k i\u00e7in spor ayakkab\u0131larla, daha sofistike bir g\u00f6r\u00fcn\u00fcm i\u00e7in topuklu ayakkab\u0131larla kombinleyebilirsiniz.<\/p>","protected":false},"featured_media":20294,"comment_status":"open","ping_status":"closed","template":"","meta":[],"product_brand":[],"product_cat":[967,969],"product_tag":[],"class_list":{"0":"post-20233","1":"product","2":"type-product","3":"status-publish","4":"has-post-thumbnail","6":"product_cat-accessories","7":"product_cat-elbise","9":"first","10":"instock","11":"shipping-taxable","12":"purchasable","13":"product-type-variable"},"jetpack_sharing_enabled":true,"_links":{"self":[{"href":"https:\/\/www.europesstore.com\/en\/wp-json\/wp\/v2\/product\/20233","targetHints":{"allow":["GET"]}}],"collection":[{"href":"https:\/\/www.europesstore.com\/en\/wp-json\/wp\/v2\/product"}],"about":[{"href":"https:\/\/www.europesstore.com\/en\/wp-json\/wp\/v2\/types\/product"}],"replies":[{"embeddable":true,"href":"https:\/\/www.europesstore.com\/en\/wp-json\/wp\/v2\/comments?post=20233"}],"wp:featuredmedia":[{"embeddable":true,"href":"https:\/\/www.europesstore.com\/en\/wp-json\/wp\/v2\/media\/20294"}],"wp:attachment":[{"href":"https:\/\/www.europesstore.com\/en\/wp-json\/wp\/v2\/media?parent=20233"}],"wp:term":[{"taxonomy":"product_brand","embeddable":true,"href":"https:\/\/www.europesstore.com\/en\/wp-json\/wp\/v2\/product_brand?post=20233"},{"taxonomy":"product_cat","embeddable":true,"href":"https:\/\/www.europesstore.com\/en\/wp-json\/wp\/v2\/product_cat?post=20233"},{"taxonomy":"product_tag","embeddable":true,"href":"https:\/\/www.europesstore.com\/en\/wp-json\/wp\/v2\/product_tag?post=20233"}],"curies":[{"name":"wp","href":"https:\/\/api.w.org\/{rel}","templated":true}]}}