{"id":20432,"date":"2026-01-12T17:41:48","date_gmt":"2026-01-12T17:41:48","guid":{"rendered":"https:\/\/www.europesstore.com\/?post_type=product&#038;p=20432"},"modified":"2026-01-12T17:45:54","modified_gmt":"2026-01-12T17:45:54","slug":"massimo-kapusonlu-garnili-takim-lacivert-kahve","status":"publish","type":"product","link":"https:\/\/www.europesstore.com\/en\/product\/massimo-kapusonlu-garnili-takim-lacivert-kahve\/","title":{"rendered":"Massimo Kap\u00fc\u015fonlu Garnili Tak\u0131m &#8211; Lacivert-Kahve"},"content":{"rendered":"<p>Yo\u011fun Talep \u00dczerine \u00dcr\u00fcn\u00fcm\u00fcz \u00d6n Sipari\u015fe A\u00e7\u0131lm\u0131\u015ft\u0131r.<\/p>\n<p>Verilen T\u00fcm Sipari\u015fleriniz 20 Aral\u0131k Sa\u011flancakt\u0131r.<\/p>","protected":false},"excerpt":{"rendered":"<p>Yo\u011fun Talep \u00dczerine \u00dcr\u00fcn\u00fcm\u00fcz \u00d6n Sipari\u015fe A\u00e7\u0131lm\u0131\u015ft\u0131r. Verilen T\u00fcm Sipari\u015fleriniz 20 Aral\u0131k Sa\u011flancakt\u0131r.<\/p>","protected":false},"featured_media":20474,"comment_status":"closed","ping_status":"closed","template":"","meta":[],"product_brand":[],"product_cat":[967,970],"product_tag":[],"class_list":{"0":"post-20432","1":"product","2":"type-product","3":"status-publish","4":"has-post-thumbnail","6":"product_cat-accessories","7":"product_cat-takim","9":"first","10":"onbackorder","11":"sale","12":"shipping-taxable","13":"purchasable","14":"product-type-variable"},"jetpack_sharing_enabled":true,"_links":{"self":[{"href":"https:\/\/www.europesstore.com\/en\/wp-json\/wp\/v2\/product\/20432","targetHints":{"allow":["GET"]}}],"collection":[{"href":"https:\/\/www.europesstore.com\/en\/wp-json\/wp\/v2\/product"}],"about":[{"href":"https:\/\/www.europesstore.com\/en\/wp-json\/wp\/v2\/types\/product"}],"replies":[{"embeddable":true,"href":"https:\/\/www.europesstore.com\/en\/wp-json\/wp\/v2\/comments?post=20432"}],"wp:featuredmedia":[{"embeddable":true,"href":"https:\/\/www.europesstore.com\/en\/wp-json\/wp\/v2\/media\/20474"}],"wp:attachment":[{"href":"https:\/\/www.europesstore.com\/en\/wp-json\/wp\/v2\/media?parent=20432"}],"wp:term":[{"taxonomy":"product_brand","embeddable":true,"href":"https:\/\/www.europesstore.com\/en\/wp-json\/wp\/v2\/product_brand?post=20432"},{"taxonomy":"product_cat","embeddable":true,"href":"https:\/\/www.europesstore.com\/en\/wp-json\/wp\/v2\/product_cat?post=20432"},{"taxonomy":"product_tag","embeddable":true,"href":"https:\/\/www.europesstore.com\/en\/wp-json\/wp\/v2\/product_tag?post=20432"}],"curies":[{"name":"wp","href":"https:\/\/api.w.org\/{rel}","templated":true}]}}