{"id":20442,"date":"2026-01-12T17:41:50","date_gmt":"2026-01-12T17:41:50","guid":{"rendered":"https:\/\/www.europesstore.com\/?post_type=product&#038;p=20442"},"modified":"2026-01-12T17:46:09","modified_gmt":"2026-01-12T17:46:09","slug":"premium-aspera-oysho-ikili-takim-tk100250-siyah-2","status":"publish","type":"product","link":"https:\/\/www.europesstore.com\/en\/product\/premium-aspera-oysho-ikili-takim-tk100250-siyah-2\/","title":{"rendered":"PREM\u0130UM ASPERA OYSHO \u0130K\u0130L\u0130 TAKIM TK100250 \u2013 S\u0130YAH"},"content":{"rendered":"<p>&nbsp;<\/p>\n<p>Stil sahibi kad\u0131nlar\u0131n dolab\u0131nda mutlaka bulunmas\u0131 gereken, Zarafetin ve konforun bulu\u015ftu\u011fu \u00a0Premium Oysho\u00a0 \u00a0\u0130kili Tak\u0131m <img decoding=\"async\" class=\"emoji\" role=\"img\" draggable=\"false\" src=\"https:\/\/s.w.org\/images\/core\/emoji\/16.0.1\/svg\/1f4ab.svg\" alt=\"&#x1f4ab;\" \/>\u00a0Hem g\u00fcnl\u00fck \u015f\u0131kl\u0131kta hem \u00f6zel davetlerde rahatl\u0131kla tercih edilebilecek bu tak\u0131m, modern zarafeti geleneksel dokunu\u015flarla bulu\u015fturuyor.\u00a0<strong>\u00dcr\u00fcn \u00d6zellikleri :\u00a0<\/strong>\u00a0\u00dcr\u00fcn Tan\u0131m\u0131 Oysho kuma\u015ft\u0131r \u00dcr\u00fcn \u00d6l\u00e7\u00fcleri 1(36\/38) \u2013 2(40\/42) \u00a0beden uyumludur Model 1.66 cm 60 kg 1 beden tercih edildi<\/p>","protected":false},"excerpt":{"rendered":"<p>&nbsp; Stil sahibi kad\u0131nlar\u0131n dolab\u0131nda mutlaka bulunmas\u0131 gereken, Zarafetin ve konforun bulu\u015ftu\u011fu \u00a0Premium Oysho\u00a0 \u00a0\u0130kili Tak\u0131m \u00a0Hem g\u00fcnl\u00fck \u015f\u0131kl\u0131kta hem \u00f6zel davetlerde rahatl\u0131kla tercih edilebilecek bu tak\u0131m, modern zarafeti geleneksel dokunu\u015flarla bulu\u015fturuyor.\u00a0\u00dcr\u00fcn \u00d6zellikleri :\u00a0\u00a0\u00dcr\u00fcn Tan\u0131m\u0131 Oysho kuma\u015ft\u0131r \u00dcr\u00fcn \u00d6l\u00e7\u00fcleri 1(36\/38) \u2013 2(40\/42) \u00a0beden uyumludur Model 1.66 cm 60 kg 1 beden tercih edildi<\/p>","protected":false},"featured_media":20491,"comment_status":"open","ping_status":"closed","template":"","meta":[],"product_brand":[],"product_cat":[967,970],"product_tag":[],"class_list":{"0":"post-20442","1":"product","2":"type-product","3":"status-publish","4":"has-post-thumbnail","6":"product_cat-accessories","7":"product_cat-takim","9":"first","10":"outofstock","11":"sale","12":"shipping-taxable","13":"purchasable","14":"product-type-variable"},"jetpack_sharing_enabled":true,"_links":{"self":[{"href":"https:\/\/www.europesstore.com\/en\/wp-json\/wp\/v2\/product\/20442","targetHints":{"allow":["GET"]}}],"collection":[{"href":"https:\/\/www.europesstore.com\/en\/wp-json\/wp\/v2\/product"}],"about":[{"href":"https:\/\/www.europesstore.com\/en\/wp-json\/wp\/v2\/types\/product"}],"replies":[{"embeddable":true,"href":"https:\/\/www.europesstore.com\/en\/wp-json\/wp\/v2\/comments?post=20442"}],"wp:featuredmedia":[{"embeddable":true,"href":"https:\/\/www.europesstore.com\/en\/wp-json\/wp\/v2\/media\/20491"}],"wp:attachment":[{"href":"https:\/\/www.europesstore.com\/en\/wp-json\/wp\/v2\/media?parent=20442"}],"wp:term":[{"taxonomy":"product_brand","embeddable":true,"href":"https:\/\/www.europesstore.com\/en\/wp-json\/wp\/v2\/product_brand?post=20442"},{"taxonomy":"product_cat","embeddable":true,"href":"https:\/\/www.europesstore.com\/en\/wp-json\/wp\/v2\/product_cat?post=20442"},{"taxonomy":"product_tag","embeddable":true,"href":"https:\/\/www.europesstore.com\/en\/wp-json\/wp\/v2\/product_tag?post=20442"}],"curies":[{"name":"wp","href":"https:\/\/api.w.org\/{rel}","templated":true}]}}