{"id":20445,"date":"2026-01-12T17:41:50","date_gmt":"2026-01-12T17:41:50","guid":{"rendered":"https:\/\/www.europesstore.com\/?post_type=product&#038;p=20445"},"modified":"2026-01-12T17:46:09","modified_gmt":"2026-01-12T17:46:09","slug":"alo-oysho-kumas-iclikli-ikil-takim-beyaz","status":"publish","type":"product","link":"https:\/\/www.europesstore.com\/en\/product\/alo-oysho-kumas-iclikli-ikil-takim-beyaz\/","title":{"rendered":"Alo Oysho Kuma\u015f \u0130\u00e7likli \u0130kil Tak\u0131m &#8211; Beyaz"},"content":{"rendered":"","protected":false},"excerpt":{"rendered":"<p>Ertesi G\u00fcn Kargoya Verilecektir<br \/>\nMankenin Giyindi\u011fi Beden &#8211; 1<br \/>\nManken Boy &#8211; 176<\/p>\n<p>\u00dcr\u00fcn \u00d6zellikleri:<br \/>\n1 Beden \u00dcst Boy: 65<br \/>\n1 Beden Alt Boy: 100<\/p>\n<p>2 Beden \u00dcst Boy: 66<br \/>\n2 Beden Alt Boy: 102<\/p>","protected":false},"featured_media":20506,"comment_status":"closed","ping_status":"closed","template":"","meta":[],"product_brand":[],"product_cat":[967,970],"product_tag":[],"class_list":{"0":"post-20445","1":"product","2":"type-product","3":"status-publish","4":"has-post-thumbnail","6":"product_cat-accessories","7":"product_cat-takim","9":"first","10":"onbackorder","11":"sale","12":"shipping-taxable","13":"purchasable","14":"product-type-variable"},"jetpack_sharing_enabled":true,"_links":{"self":[{"href":"https:\/\/www.europesstore.com\/en\/wp-json\/wp\/v2\/product\/20445","targetHints":{"allow":["GET"]}}],"collection":[{"href":"https:\/\/www.europesstore.com\/en\/wp-json\/wp\/v2\/product"}],"about":[{"href":"https:\/\/www.europesstore.com\/en\/wp-json\/wp\/v2\/types\/product"}],"replies":[{"embeddable":true,"href":"https:\/\/www.europesstore.com\/en\/wp-json\/wp\/v2\/comments?post=20445"}],"wp:featuredmedia":[{"embeddable":true,"href":"https:\/\/www.europesstore.com\/en\/wp-json\/wp\/v2\/media\/20506"}],"wp:attachment":[{"href":"https:\/\/www.europesstore.com\/en\/wp-json\/wp\/v2\/media?parent=20445"}],"wp:term":[{"taxonomy":"product_brand","embeddable":true,"href":"https:\/\/www.europesstore.com\/en\/wp-json\/wp\/v2\/product_brand?post=20445"},{"taxonomy":"product_cat","embeddable":true,"href":"https:\/\/www.europesstore.com\/en\/wp-json\/wp\/v2\/product_cat?post=20445"},{"taxonomy":"product_tag","embeddable":true,"href":"https:\/\/www.europesstore.com\/en\/wp-json\/wp\/v2\/product_tag?post=20445"}],"curies":[{"name":"wp","href":"https:\/\/api.w.org\/{rel}","templated":true}]}}