{"id":20452,"date":"2026-01-12T17:41:52","date_gmt":"2026-01-12T17:41:52","guid":{"rendered":"https:\/\/www.europesstore.com\/?post_type=product&#038;p=20452"},"modified":"2026-01-12T17:46:10","modified_gmt":"2026-01-12T17:46:10","slug":"aurex-garnili-parasut-detayli-ikili-takim-lacivert","status":"publish","type":"product","link":"https:\/\/www.europesstore.com\/en\/product\/aurex-garnili-parasut-detayli-ikili-takim-lacivert\/","title":{"rendered":"Aurex Garnili Para\u015f\u00fct Detayl\u0131 \u0130kili Tak\u0131m &#8211; Lacivert"},"content":{"rendered":"","protected":false},"excerpt":{"rendered":"<p>Mankenin Giyindi\u011fi Beden &#8211; 1<br \/>\nManken Boy &#8211; 176<\/p>\n<p>\u00dcr\u00fcn \u00d6zellikleri:<br \/>\n1 Beden \u00dcst Boy: 63<br \/>\n1 Beden Alt Boy: 105<\/p>\n<p>2 Beden \u00dcst Boy: 65<br \/>\n2 Beden Alt Boy: 107<\/p>","protected":false},"featured_media":20543,"comment_status":"closed","ping_status":"closed","template":"","meta":[],"product_brand":[],"product_cat":[967,970],"product_tag":[],"class_list":{"0":"post-20452","1":"product","2":"type-product","3":"status-publish","4":"has-post-thumbnail","6":"product_cat-accessories","7":"product_cat-takim","9":"first","10":"onbackorder","11":"sale","12":"shipping-taxable","13":"purchasable","14":"product-type-variable"},"jetpack_sharing_enabled":true,"_links":{"self":[{"href":"https:\/\/www.europesstore.com\/en\/wp-json\/wp\/v2\/product\/20452","targetHints":{"allow":["GET"]}}],"collection":[{"href":"https:\/\/www.europesstore.com\/en\/wp-json\/wp\/v2\/product"}],"about":[{"href":"https:\/\/www.europesstore.com\/en\/wp-json\/wp\/v2\/types\/product"}],"replies":[{"embeddable":true,"href":"https:\/\/www.europesstore.com\/en\/wp-json\/wp\/v2\/comments?post=20452"}],"wp:featuredmedia":[{"embeddable":true,"href":"https:\/\/www.europesstore.com\/en\/wp-json\/wp\/v2\/media\/20543"}],"wp:attachment":[{"href":"https:\/\/www.europesstore.com\/en\/wp-json\/wp\/v2\/media?parent=20452"}],"wp:term":[{"taxonomy":"product_brand","embeddable":true,"href":"https:\/\/www.europesstore.com\/en\/wp-json\/wp\/v2\/product_brand?post=20452"},{"taxonomy":"product_cat","embeddable":true,"href":"https:\/\/www.europesstore.com\/en\/wp-json\/wp\/v2\/product_cat?post=20452"},{"taxonomy":"product_tag","embeddable":true,"href":"https:\/\/www.europesstore.com\/en\/wp-json\/wp\/v2\/product_tag?post=20452"}],"curies":[{"name":"wp","href":"https:\/\/api.w.org\/{rel}","templated":true}]}}