{"id":20822,"date":"2026-01-12T17:48:09","date_gmt":"2026-01-12T17:48:09","guid":{"rendered":"https:\/\/www.europesstore.com\/?post_type=product&#038;p=20822"},"modified":"2026-01-12T17:48:29","modified_gmt":"2026-01-12T17:48:29","slug":"rami-pamuk-sal-741074-krem","status":"publish","type":"product","link":"https:\/\/www.europesstore.com\/en\/product\/rami-pamuk-sal-741074-krem\/","title":{"rendered":"Rami Pamuk \u015eal 741074 &#8211; Krem"},"content":{"rendered":"<p data-start=\"119\" data-end=\"131\"><strong data-start=\"119\" data-end=\"131\">Rami \u015eal<\/strong><\/p>\n<p data-start=\"133\" data-end=\"430\">Do\u011fal dokusu ve sade \u015f\u0131kl\u0131\u011f\u0131yla &ouml;ne &ccedil;\u0131kan <strong data-start=\"175\" data-end=\"187\">Rami \u015eal<\/strong>, hem g&uuml;nl&uuml;k kullan\u0131m hem de &ouml;zel kombinler i&ccedil;in ideal bir tamamlay\u0131c\u0131d\u0131r. %100 rami ipli\u011finden &uuml;retilen bu &ouml;zel \u015fal, nefes alan yap\u0131s\u0131 ve hafif dokusuyla d&ouml;rt mevsim boyunca konfor sunar. Minimal tarz\u0131 sevenler i&ccedil;in zarif ve do\u011fal bir tercih.<\/p>\n<p data-start=\"432\" data-end=\"457\"><strong data-start=\"432\" data-end=\"457\">&Ouml;ne &Ccedil;\u0131kan &Ouml;zellikler:<\/strong><\/p>\n<ul data-start=\"458\" data-end=\"637\">\n<li data-start=\"458\" data-end=\"483\">\n<p data-start=\"460\" data-end=\"483\">%100 do\u011fal rami kuma\u015f<\/p>\n<\/li>\n<li data-start=\"484\" data-end=\"529\">\n<p data-start=\"486\" data-end=\"529\">Hafif, serin tutan ve nefes alabilir yap\u0131<\/p>\n<\/li>\n<li data-start=\"530\" data-end=\"571\">\n<p data-start=\"532\" data-end=\"571\">Do\u011fal dokuya sahip mat ve tok g&ouml;r&uuml;n&uuml;m<\/p>\n<\/li>\n<li data-start=\"572\" data-end=\"606\">\n<p data-start=\"574\" data-end=\"606\">Kolay \u015fekil al\u0131r, kayma yapmaz<\/p>\n<\/li>\n<li data-start=\"607\" data-end=\"637\">\n<p data-start=\"609\" data-end=\"637\"><strong data-start=\"609\" data-end=\"637\">&Uuml;r&uuml;n &Ouml;l&ccedil;&uuml;s&uuml;: 85 x 200 cm<\/strong><\/p>\n<\/li>\n<\/ul>\n<p data-start=\"639\" data-end=\"704\">Stilinize do\u011fal bir dokunu\u015f katmak i&ccedil;in <strong data-start=\"679\" data-end=\"691\">Rami \u015eal<\/strong> ile tan\u0131\u015f\u0131n.<\/p>\n<p>&#8220;&Uuml;r&uuml;n g&ouml;rsellerinde kullan\u0131lan \u0131\u015f\u0131k ve &ccedil;ekim a&ccedil;\u0131lar\u0131 nedeniyle renk tonlar\u0131nda ortam \u0131\u015f\u0131\u011f\u0131na ba\u011fl\u0131 olarak ufak farkl\u0131l\u0131klar olu\u015fabilir.&#8221;<\/p>","protected":false},"excerpt":{"rendered":"<p>Rami Pamuk \u015eal 741074<\/p>","protected":false},"featured_media":20824,"comment_status":"open","ping_status":"closed","template":"","meta":[],"product_brand":[],"product_cat":[967],"product_tag":[],"class_list":{"0":"post-20822","1":"product","2":"type-product","3":"status-publish","4":"has-post-thumbnail","6":"product_cat-accessories","8":"first","9":"outofstock","10":"sale","11":"shipping-taxable","12":"purchasable","13":"product-type-simple"},"jetpack_sharing_enabled":true,"_links":{"self":[{"href":"https:\/\/www.europesstore.com\/en\/wp-json\/wp\/v2\/product\/20822","targetHints":{"allow":["GET"]}}],"collection":[{"href":"https:\/\/www.europesstore.com\/en\/wp-json\/wp\/v2\/product"}],"about":[{"href":"https:\/\/www.europesstore.com\/en\/wp-json\/wp\/v2\/types\/product"}],"replies":[{"embeddable":true,"href":"https:\/\/www.europesstore.com\/en\/wp-json\/wp\/v2\/comments?post=20822"}],"wp:featuredmedia":[{"embeddable":true,"href":"https:\/\/www.europesstore.com\/en\/wp-json\/wp\/v2\/media\/20824"}],"wp:attachment":[{"href":"https:\/\/www.europesstore.com\/en\/wp-json\/wp\/v2\/media?parent=20822"}],"wp:term":[{"taxonomy":"product_brand","embeddable":true,"href":"https:\/\/www.europesstore.com\/en\/wp-json\/wp\/v2\/product_brand?post=20822"},{"taxonomy":"product_cat","embeddable":true,"href":"https:\/\/www.europesstore.com\/en\/wp-json\/wp\/v2\/product_cat?post=20822"},{"taxonomy":"product_tag","embeddable":true,"href":"https:\/\/www.europesstore.com\/en\/wp-json\/wp\/v2\/product_tag?post=20822"}],"curies":[{"name":"wp","href":"https:\/\/api.w.org\/{rel}","templated":true}]}}