{"id":20844,"date":"2026-01-12T17:48:37","date_gmt":"2026-01-12T17:48:37","guid":{"rendered":"https:\/\/www.europesstore.com\/?post_type=product&#038;p=20844"},"modified":"2026-01-12T17:50:00","modified_gmt":"2026-01-12T17:50:00","slug":"rami-pamuk-sal-741074-soft-mavi","status":"publish","type":"product","link":"https:\/\/www.europesstore.com\/en\/product\/rami-pamuk-sal-741074-soft-mavi\/","title":{"rendered":"Rami Pamuk \u015eal 741074 &#8211; Soft Mavi"},"content":{"rendered":"<p data-pm-slice=\"1 1 []\">Rami \u015eal<\/p>\n<p>&nbsp;<\/p>\n<p>Do\u011fal dokusu ve sade \u015f\u0131kl\u0131\u011f\u0131yla &ouml;ne &ccedil;\u0131kan Rami \u015eal, hem g&uuml;nl&uuml;k kullan\u0131m hem de &ouml;zel kombinler i&ccedil;in ideal bir tamamlay\u0131c\u0131d\u0131r. %100 rami ipli\u011finden &uuml;retilen bu &ouml;zel \u015fal, nefes alan yap\u0131s\u0131 ve hafif dokusuyla d&ouml;rt mevsim boyunca konfor sunar. Minimal tarz\u0131 sevenler i&ccedil;in zarif ve do\u011fal bir tercih.<\/p>\n<p>&nbsp;<\/p>\n<p>&Ouml;ne &Ccedil;\u0131kan &Ouml;zellikler:<\/p>\n<p>&nbsp;<\/p>\n<p>%100 do\u011fal rami kuma\u015f<\/p>\n<p>&nbsp;<\/p>\n<p>Hafif, serin tutan ve nefes alabilir yap\u0131<\/p>\n<p>&nbsp;<\/p>\n<p>Do\u011fal dokuya sahip mat ve tok g&ouml;r&uuml;n&uuml;m<\/p>\n<p>&nbsp;<\/p>\n<p>Kolay \u015fekil al\u0131r, kayma yapmaz<\/p>\n<p>&nbsp;<\/p>\n<p>&Uuml;r&uuml;n &Ouml;l&ccedil;&uuml;s&uuml;: 85 x 200 cm<\/p>\n<p>&nbsp;<\/p>\n<p>Stilinize do\u011fal bir dokunu\u015f katmak i&ccedil;in Rami \u015eal ile tan\u0131\u015f\u0131n.<\/p>\n<p>&nbsp;<\/p>\n<p>&#8220;&Uuml;r&uuml;n g&ouml;rsellerinde kullan\u0131lan \u0131\u015f\u0131k ve &ccedil;ekim a&ccedil;\u0131lar\u0131 nedeniyle renk tonlar\u0131nda ortam \u0131\u015f\u0131\u011f\u0131na ba\u011fl\u0131 olarak ufak farkl\u0131l\u0131klar olu\u015fabilir.&#8221;<\/p>","protected":false},"excerpt":{"rendered":"<p>Rami Pamuk \u015eal<\/p>","protected":false},"featured_media":20905,"comment_status":"open","ping_status":"closed","template":"","meta":[],"product_brand":[],"product_cat":[967],"product_tag":[],"class_list":{"0":"post-20844","1":"product","2":"type-product","3":"status-publish","4":"has-post-thumbnail","6":"product_cat-accessories","8":"first","9":"outofstock","10":"sale","11":"shipping-taxable","12":"purchasable","13":"product-type-simple"},"jetpack_sharing_enabled":true,"_links":{"self":[{"href":"https:\/\/www.europesstore.com\/en\/wp-json\/wp\/v2\/product\/20844","targetHints":{"allow":["GET"]}}],"collection":[{"href":"https:\/\/www.europesstore.com\/en\/wp-json\/wp\/v2\/product"}],"about":[{"href":"https:\/\/www.europesstore.com\/en\/wp-json\/wp\/v2\/types\/product"}],"replies":[{"embeddable":true,"href":"https:\/\/www.europesstore.com\/en\/wp-json\/wp\/v2\/comments?post=20844"}],"wp:featuredmedia":[{"embeddable":true,"href":"https:\/\/www.europesstore.com\/en\/wp-json\/wp\/v2\/media\/20905"}],"wp:attachment":[{"href":"https:\/\/www.europesstore.com\/en\/wp-json\/wp\/v2\/media?parent=20844"}],"wp:term":[{"taxonomy":"product_brand","embeddable":true,"href":"https:\/\/www.europesstore.com\/en\/wp-json\/wp\/v2\/product_brand?post=20844"},{"taxonomy":"product_cat","embeddable":true,"href":"https:\/\/www.europesstore.com\/en\/wp-json\/wp\/v2\/product_cat?post=20844"},{"taxonomy":"product_tag","embeddable":true,"href":"https:\/\/www.europesstore.com\/en\/wp-json\/wp\/v2\/product_tag?post=20844"}],"curies":[{"name":"wp","href":"https:\/\/api.w.org\/{rel}","templated":true}]}}