{"id":21099,"date":"2026-01-12T17:56:45","date_gmt":"2026-01-12T17:56:45","guid":{"rendered":"https:\/\/www.europesstore.com\/?post_type=product&#038;p=21099"},"modified":"2026-01-12T17:58:07","modified_gmt":"2026-01-12T17:58:07","slug":"organic-scarfs-bambu-kras-sal-modeli-sumbul","status":"publish","type":"product","link":"https:\/\/www.europesstore.com\/en\/product\/organic-scarfs-bambu-kras-sal-modeli-sumbul\/","title":{"rendered":"Organic Scarfs Bambu Kra\u015f \u015eal Modeli -S\u00fcmb\u00fcl"},"content":{"rendered":"<p>Organic Scarfs Bambu Kra\u015f \u015eal Modeli &#8211; Gece Mavisi<\/p>","protected":false},"excerpt":{"rendered":"<p>Bambu Kra\u015f \u015eal<\/p>","protected":false},"featured_media":21153,"comment_status":"open","ping_status":"closed","template":"","meta":[],"product_brand":[],"product_cat":[967,1011],"product_tag":[],"class_list":{"0":"post-21099","1":"product","2":"type-product","3":"status-publish","4":"has-post-thumbnail","6":"product_cat-accessories","7":"product_cat-bambu-sal","9":"first","10":"outofstock","11":"sale","12":"shipping-taxable","13":"purchasable","14":"product-type-simple"},"jetpack_sharing_enabled":true,"_links":{"self":[{"href":"https:\/\/www.europesstore.com\/en\/wp-json\/wp\/v2\/product\/21099","targetHints":{"allow":["GET"]}}],"collection":[{"href":"https:\/\/www.europesstore.com\/en\/wp-json\/wp\/v2\/product"}],"about":[{"href":"https:\/\/www.europesstore.com\/en\/wp-json\/wp\/v2\/types\/product"}],"replies":[{"embeddable":true,"href":"https:\/\/www.europesstore.com\/en\/wp-json\/wp\/v2\/comments?post=21099"}],"wp:featuredmedia":[{"embeddable":true,"href":"https:\/\/www.europesstore.com\/en\/wp-json\/wp\/v2\/media\/21153"}],"wp:attachment":[{"href":"https:\/\/www.europesstore.com\/en\/wp-json\/wp\/v2\/media?parent=21099"}],"wp:term":[{"taxonomy":"product_brand","embeddable":true,"href":"https:\/\/www.europesstore.com\/en\/wp-json\/wp\/v2\/product_brand?post=21099"},{"taxonomy":"product_cat","embeddable":true,"href":"https:\/\/www.europesstore.com\/en\/wp-json\/wp\/v2\/product_cat?post=21099"},{"taxonomy":"product_tag","embeddable":true,"href":"https:\/\/www.europesstore.com\/en\/wp-json\/wp\/v2\/product_tag?post=21099"}],"curies":[{"name":"wp","href":"https:\/\/api.w.org\/{rel}","templated":true}]}}