{"id":21395,"date":"2026-01-12T18:08:56","date_gmt":"2026-01-12T18:08:56","guid":{"rendered":"https:\/\/www.europesstore.com\/?post_type=product&#038;p=21395"},"modified":"2026-01-12T18:11:17","modified_gmt":"2026-01-12T18:11:17","slug":"oxygen-his-serisi-pamuk-sal-sicak-kahve","status":"publish","type":"product","link":"https:\/\/www.europesstore.com\/en\/product\/oxygen-his-serisi-pamuk-sal-sicak-kahve\/","title":{"rendered":"Oxygen His Serisi Pamuk \u015eal &#8211; S\u0131cak Kahve"},"content":{"rendered":"<p data-start=\"0\" data-end=\"29\"><strong data-start=\"0\" data-end=\"29\">His Serisi Pamuk \u0130pek \u015eal<\/strong><\/p>\n<p data-start=\"31\" data-end=\"361\">Duyular\u0131 harekete ge&ccedil;iren &ldquo;His Serisi&rdquo;, pamuk-ipek kar\u0131\u015f\u0131m\u0131n\u0131n ipeksi yumu\u015fakl\u0131\u011f\u0131n\u0131 modern &ccedil;izgilerle bulu\u015fturur. <strong data-start=\"145\" data-end=\"161\">85 &times; 2 metre<\/strong> (85 &times; 200 cm) &ouml;l&ccedil;&uuml;s&uuml;yle boyuna dolan\u0131r, omuzlara d&ouml;k&uuml;l&uuml;r ya da ba\u015f&ouml;rt&uuml;s&uuml; olarak zarafetle \u015fekil al\u0131r. Hafif dokusu g&uuml;n boyu rahatl\u0131k sunarken do\u011fal parlakl\u0131\u011f\u0131 kombininize sofistike bir dokunu\u015f katar.<\/p>\n<p data-start=\"363\" data-end=\"383\"><strong data-start=\"363\" data-end=\"381\">Bak\u0131m &amp; Y\u0131kama<\/strong><\/p>\n<ul data-start=\"384\" data-end=\"603\">\n<li data-start=\"384\" data-end=\"453\">\n<p data-start=\"386\" data-end=\"453\">Maksimum 30 &deg;C&rsquo;de, tercihen elde veya hassas programda y\u0131kay\u0131n\u0131z.<\/p>\n<\/li>\n<li data-start=\"454\" data-end=\"527\">\n<p data-start=\"456\" data-end=\"527\">A\u011fart\u0131c\u0131 kullanmay\u0131n\u0131z; d&uuml;\u015f&uuml;k \u0131s\u0131da, &uuml;r&uuml;n&uuml; ters &ccedil;evirerek &uuml;t&uuml;leyiniz.<\/p>\n<\/li>\n<li data-start=\"528\" data-end=\"603\">\n<p data-start=\"530\" data-end=\"603\">Kurutma makinesinden ka&ccedil;\u0131n\u0131n\u0131z; d&uuml;z zemine sererek kurutman\u0131z &ouml;nerilir.<\/p>\n<\/li>\n<\/ul>\n<p data-start=\"605\" data-end=\"749\" data-is-last-node=\"\" data-is-only-node=\"\">St&uuml;dyo \u0131\u015f\u0131klar\u0131, ekran parlakl\u0131\u011f\u0131 ve do\u011fal ayd\u0131nlatmadaki farkl\u0131l\u0131klar sebebiyle g&ouml;rsellerdeki tonlar ger&ccedil;ekte k&uuml;&ccedil;&uuml;k de\u011fi\u015fiklikler g&ouml;sterebilir.<\/p>\n<p>&nbsp;<\/p>","protected":false},"excerpt":{"rendered":"<p>His Serisi Pamuk \u015eal<\/p>","protected":false},"featured_media":21455,"comment_status":"open","ping_status":"closed","template":"","meta":[],"product_brand":[],"product_cat":[967,1013,1012],"product_tag":[],"class_list":{"0":"post-21395","1":"product","2":"type-product","3":"status-publish","4":"has-post-thumbnail","6":"product_cat-accessories","7":"product_cat-his-serisi-sal","8":"product_cat-pamuk-ipek-sal","10":"first","11":"instock","12":"sale","13":"shipping-taxable","14":"purchasable","15":"product-type-simple"},"jetpack_sharing_enabled":true,"_links":{"self":[{"href":"https:\/\/www.europesstore.com\/en\/wp-json\/wp\/v2\/product\/21395","targetHints":{"allow":["GET"]}}],"collection":[{"href":"https:\/\/www.europesstore.com\/en\/wp-json\/wp\/v2\/product"}],"about":[{"href":"https:\/\/www.europesstore.com\/en\/wp-json\/wp\/v2\/types\/product"}],"replies":[{"embeddable":true,"href":"https:\/\/www.europesstore.com\/en\/wp-json\/wp\/v2\/comments?post=21395"}],"wp:featuredmedia":[{"embeddable":true,"href":"https:\/\/www.europesstore.com\/en\/wp-json\/wp\/v2\/media\/21455"}],"wp:attachment":[{"href":"https:\/\/www.europesstore.com\/en\/wp-json\/wp\/v2\/media?parent=21395"}],"wp:term":[{"taxonomy":"product_brand","embeddable":true,"href":"https:\/\/www.europesstore.com\/en\/wp-json\/wp\/v2\/product_brand?post=21395"},{"taxonomy":"product_cat","embeddable":true,"href":"https:\/\/www.europesstore.com\/en\/wp-json\/wp\/v2\/product_cat?post=21395"},{"taxonomy":"product_tag","embeddable":true,"href":"https:\/\/www.europesstore.com\/en\/wp-json\/wp\/v2\/product_tag?post=21395"}],"curies":[{"name":"wp","href":"https:\/\/api.w.org\/{rel}","templated":true}]}}